{"id":43071,"date":"2024-04-15T15:47:48","date_gmt":"2024-04-15T13:47:48","guid":{"rendered":"https:\/\/spiruline-valais.ch\/?post_type=product&#038;p=43071"},"modified":"2024-05-21T19:11:48","modified_gmt":"2024-05-21T17:11:48","slug":"spirulina-gesichtscreme","status":"publish","type":"product","link":"https:\/\/spiruline-valais.ch\/de\/produit\/spirulina-gesichtscreme\/","title":{"rendered":"Spirulina-Gesichtscreme"},"content":{"rendered":"<p>[et_pb_section fb_built=&#8220;1&#8243; custom_padding_last_edited=&#8220;on|phone&#8220; _builder_version=&#8220;4.16&#8243; custom_margin=&#8220;80px||||false|false&#8220; custom_margin_tablet=&#8220;|20px||20px|false|false&#8220; custom_margin_phone=&#8220;80px|20px||20px|false|false&#8220; custom_margin_last_edited=&#8220;on|tablet&#8220; custom_padding=&#8220;0px|200px||200px|false|false&#8220; custom_padding_tablet=&#8220;|0px||0px|false|false&#8220; custom_padding_phone=&#8220;0px|0px||0px|false|false&#8220; global_colors_info=&#8220;{}&#8220;][et_pb_row _builder_version=&#8220;4.16&#8243; background_size=&#8220;initial&#8220; background_position=&#8220;top_left&#8220; background_repeat=&#8220;repeat&#8220; width=&#8220;100%&#8220; custom_padding=&#8220;0px||0px||false|false&#8220; global_colors_info=&#8220;{}&#8220;][et_pb_column type=&#8220;4_4&#8243; _builder_version=&#8220;4.16&#8243; custom_padding=&#8220;|||&#8220; global_colors_info=&#8220;{}&#8220; custom_padding__hover=&#8220;|||&#8220;][et_pb_wc_cart_notice _builder_version=&#8220;4.17.6&#8243; title_font=&#8220;Visbyy|800|||||||&#8220; background_color=&#8220;#14967f&#8220; custom_button=&#8220;on&#8220; button_text_color=&#8220;#14967f&#8220; button_bg_color=&#8220;#ffffff&#8220; button_border_color=&#8220;#ffffff&#8220; button_use_icon=&#8220;off&#8220; title_font_size_tablet=&#8220;&#8220; title_font_size_phone=&#8220;14px&#8220; title_font_size_last_edited=&#8220;on|phone&#8220; button_text_size_tablet=&#8220;&#8220; button_text_size_phone=&#8220;12px&#8220; button_text_size_last_edited=&#8220;on|phone&#8220; body_font_size_last_edited=&#8220;on|phone&#8220; body_font_size_tablet=&#8220;&#8220; body_font_size_phone=&#8220;14px&#8220; global_colors_info=&#8220;{}&#8220; button_bg_color__hover_enabled=&#8220;on|hover&#8220; button_bg_color__hover=&#8220;#14967f&#8220; button_bg_enable_color__hover=&#8220;on&#8220; button_text_color__hover_enabled=&#8220;on|hover&#8220; button_text_color__hover=&#8220;#ffffff&#8220; button_border_color__hover_enabled=&#8220;on|hover&#8220; button_border_color__hover=&#8220;#ffffff&#8220;][\/et_pb_wc_cart_notice][et_pb_text _builder_version=&#8220;4.25.1&#8243; _module_preset=&#8220;default&#8220; text_font=&#8220;Visbyy|800|||||||&#8220; global_colors_info=&#8220;{}&#8220;]<strong><a href=\"https:\/\/spiruline-valais.ch\/de\/kosmetik-shop\/\">&lt; Zur\u00fcck zum Shop<\/a><\/strong>[\/et_pb_text][\/et_pb_column][\/et_pb_row][et_pb_row column_structure=&#8220;1_2,1_2&#8243; make_equal=&#8220;on&#8220; _builder_version=&#8220;4.16&#8243; background_size=&#8220;initial&#8220; background_position=&#8220;top_left&#8220; background_repeat=&#8220;repeat&#8220; width=&#8220;100%&#8220; custom_padding=&#8220;0px||||false|false&#8220; global_colors_info=&#8220;{}&#8220;][et_pb_column type=&#8220;1_2&#8243; _builder_version=&#8220;4.16&#8243; custom_padding=&#8220;|||&#8220; global_colors_info=&#8220;{}&#8220; custom_padding__hover=&#8220;|||&#8220;][et_pb_wc_images product=&#8220;43070&#8243; _builder_version=&#8220;4.24.3&#8243; custom_margin_tablet=&#8220;&#8220; custom_margin_phone=&#8220;-35px||||false|false&#8220; custom_margin_last_edited=&#8220;on|phone&#8220; global_colors_info=&#8220;{}&#8220;][\/et_pb_wc_images][\/et_pb_column][et_pb_column type=&#8220;1_2&#8243; _builder_version=&#8220;4.16&#8243; custom_padding=&#8220;|||&#8220; global_colors_info=&#8220;{}&#8220; custom_padding__hover=&#8220;|||&#8220;][et_pb_wc_title _builder_version=&#8220;4.17.6&#8243; header_font=&#8220;Visbyy|800|||||||&#8220; header_font_size=&#8220;25px&#8220; custom_margin=&#8220;0px||||false|false&#8220; custom_margin_tablet=&#8220;0px||||false|false&#8220; custom_margin_phone=&#8220;0px||||false|false&#8220; custom_margin_last_edited=&#8220;on|phone&#8220; custom_padding=&#8220;0px||||false|false&#8220; global_colors_info=&#8220;{}&#8220;][\/et_pb_wc_title][et_pb_wc_price _builder_version=&#8220;4.17.6&#8243; body_font=&#8220;Visbyy|800|||||||&#8220; body_text_color=&#8220;#14967f&#8220; body_font_size=&#8220;23px&#8220; global_colors_info=&#8220;{}&#8220;][\/et_pb_wc_price][et_pb_wc_description _builder_version=&#8220;4.25.1&#8243; body_font=&#8220;Visbyy|500|||||||&#8220; body_font_size=&#8220;15px&#8220; global_colors_info=&#8220;{}&#8220;][\/et_pb_wc_description][et_pb_wc_add_to_cart show_quantity=&#8220;off&#8220; show_stock=&#8220;off&#8220; _builder_version=&#8220;4.17.6&#8243; _module_preset=&#8220;default&#8220; custom_button=&#8220;on&#8220; button_bg_color=&#8220;#8CD7C5&#8243; button_border_color=&#8220;#8CD7C5&#8243; button_font=&#8220;Visbyy|900|||||||&#8220; button_use_icon=&#8220;off&#8220; global_colors_info=&#8220;{}&#8220; button_bg_color__hover=&#8220;#14967F&#8220; button_bg_color__hover_enabled=&#8220;on|hover&#8220; button_border_color__hover=&#8220;#14967F&#8220; button_border_color__hover_enabled=&#8220;on|hover&#8220;][\/et_pb_wc_add_to_cart][\/et_pb_column][\/et_pb_row][et_pb_row _builder_version=&#8220;4.19.1&#8243; _module_preset=&#8220;default&#8220; background_size=&#8220;initial&#8220; background_position=&#8220;top_left&#8220; background_repeat=&#8220;repeat&#8220; width=&#8220;100%&#8220; custom_margin=&#8220;100px||||false|false&#8220; global_colors_info=&#8220;{}&#8220;][et_pb_column type=&#8220;4_4&#8243; _builder_version=&#8220;4.19.1&#8243; _module_preset=&#8220;default&#8220; global_colors_info=&#8220;{}&#8220;][et_pb_wc_related_products posts_number=&#8220;3&#8243; columns_number=&#8220;3&#8243; _builder_version=&#8220;4.19.3&#8243; _module_preset=&#8220;default&#8220; title_font=&#8220;|700|||||||&#8220; title_text_align=&#8220;center&#8220; title_text_color=&#8220;#14967F&#8220; product_title_font=&#8220;|600|||||||&#8220; product_title_text_align=&#8220;center&#8220; product_title_text_color=&#8220;#14967f&#8220; product_title_font_size=&#8220;18px&#8220; price_text_align=&#8220;center&#8220; price_font_size=&#8220;18px&#8220; global_colors_info=&#8220;{}&#8220;][\/et_pb_wc_related_products][\/et_pb_column][\/et_pb_row][\/et_pb_section][et_pb_section fb_built=&#8220;1&#8243; custom_padding_last_edited=&#8220;on|phone&#8220; admin_label=&#8220;Section&#8220; _builder_version=&#8220;4.16&#8243; background_color=&#8220;#8cd7c5&#8243; custom_margin=&#8220;0px||||false|false&#8220; custom_padding=&#8220;62px||0px|||&#8220; custom_padding_tablet=&#8220;&#8220; custom_padding_phone=&#8220;10px||50px||false|false&#8220; saved_tabs=&#8220;all&#8220; global_colors_info=&#8220;{}&#8220;][et_pb_row column_structure=&#8220;1_4,1_4,1_4,1_4&#8243; _builder_version=&#8220;4.19.1&#8243; width_tablet=&#8220;&#8220; width_phone=&#8220;90%&#8220; width_last_edited=&#8220;on|phone&#8220; custom_margin=&#8220;-20px||||false|false&#8220; custom_padding=&#8220;0px|||||&#8220; global_colors_info=&#8220;{}&#8220;][et_pb_column type=&#8220;1_4&#8243; _builder_version=&#8220;4.16&#8243; custom_padding=&#8220;0px||||false|false&#8220; global_colors_info=&#8220;{}&#8220;][et_pb_image src=&#8220;https:\/\/spiruline-valais.ch\/wp-content\/uploads\/2020\/08\/logo-blanc.png&#8220; alt=&#8220;logo-spirulina-blanc&#8220; title_text=&#8220;logo-spirulina-blanc&#8220; align_tablet=&#8220;&#8220; align_phone=&#8220;center&#8220; align_last_edited=&#8220;on|phone&#8220; _builder_version=&#8220;4.19.1&#8243; transform_scale_tablet=&#8220;&#8220; transform_scale_phone=&#8220;50%|50%&#8220; transform_scale_last_edited=&#8220;on|phone&#8220; transform_translate_tablet=&#8220;&#8220; transform_translate_phone=&#8220;&#8220; transform_translate_last_edited=&#8220;on|phone&#8220; transform_rotate_tablet=&#8220;&#8220; transform_rotate_phone=&#8220;&#8220; transform_rotate_last_edited=&#8220;on|phone&#8220; transform_skew_tablet=&#8220;&#8220; transform_skew_phone=&#8220;&#8220; transform_skew_last_edited=&#8220;on|phone&#8220; transform_origin_tablet=&#8220;&#8220; transform_origin_phone=&#8220;&#8220; transform_origin_last_edited=&#8220;on|phone&#8220; transform_styles_last_edited=&#8220;on|phone&#8220; custom_margin=&#8220;30px||||false|false&#8220; custom_margin_tablet=&#8220;50px||||false|false&#8220; custom_margin_phone=&#8220;0px||||false|false&#8220; custom_margin_last_edited=&#8220;on|phone&#8220; custom_padding=&#8220;0px|120px||60px|false|false&#8220; custom_padding_tablet=&#8220;&#8220; custom_padding_phone=&#8220;0px|60px||60px|false|false&#8220; custom_padding_last_edited=&#8220;on|phone&#8220; transform_styles_tablet=&#8220;&#8220; transform_styles_phone=&#8220;&#8220; border_radii=&#8220;on|1px|1px|1px|1px&#8220; global_colors_info=&#8220;{}&#8220;][\/et_pb_image][\/et_pb_column][et_pb_column type=&#8220;1_4&#8243; _builder_version=&#8220;4.16&#8243; global_colors_info=&#8220;{}&#8220;][et_pb_text content_tablet=&#8220;<\/p>\n<h4 style=%22text-align: center;%22><span style=%22color: #ffffff;%22>Plein&apos;R s\u00e0rl &#8211; Robin Dorsaz<\/span><br \/><span style=%22color: #ffffff;%22> Chemin des Marais-Neufs 31<\/span><br \/><span style=%22color: #ffffff;%22> 1907 Saxon<\/span><\/h4>\n<h4 style=%22text-align: center;%22><span style=%22color: #ffffff;%22><a style=%22color: #ffffff;%22 href=%22mailto:info@spiruline-valais.ch%22>info@spiruline-valais.ch<\/a><\/span><br \/><span style=%22color: #ffffff;%22> <a style=%22color: #ffffff;%22 href=%22tel:0041797395317%22>+41 79 739 53 17<\/a><\/span><\/h4>\n<\/p>\n<p>&#8220; content_phone=&#8220;<\/p>\n<p><h4 style=%22text-align: center;%22><span style=%22color: #ffffff;%22>Plein&apos;R s\u00e0rl &#8211; Robin Dorsaz<\/span><br \/><span style=%22color: #ffffff;%22> Chemin des Marais-Neufs 31<\/span><br \/><span style=%22color: #ffffff;%22> 1907 Saxon<\/span><\/h4>\n<p><\/p>\n<p>&#8220; content_last_edited=&#8220;on|tablet&#8220; _builder_version=&#8220;4.19.1&#8243; text_font=&#8220;Visby cf|300|||||||&#8220; text_text_color=&#8220;#ffffff&#8220; text_font_size=&#8220;15px&#8220; header_text_color=&#8220;#ffffff&#8220; header_4_font=&#8220;Visbyy|600|||||||&#8220; header_4_letter_spacing=&#8220;1px&#8220; background_enable_color=&#8220;off&#8220; custom_margin=&#8220;40px|-20%|40px|-20%|true|false&#8220; custom_margin_tablet=&#8220;0px||40px||false|false&#8220; custom_margin_phone=&#8220;-50px||-40px||false|false&#8220; custom_margin_last_edited=&#8220;on|phone&#8220; custom_padding=&#8220;||0px|||&#8220; header_2_font_size_tablet=&#8220;&#8220; header_2_font_size_phone=&#8220;28px&#8220; header_2_font_size_last_edited=&#8220;on|desktop&#8220; global_colors_info=&#8220;{}&#8220;]<\/p>\n<h4 style=\"text-align: center;\"><span style=\"color: #ffffff;\">Plein&#8217;R s\u00e0rl &#8211; Robin Dorsaz<\/span><br \/><span style=\"color: #ffffff;\"> Chemin des Marais-Neufs 31<\/span><br \/><span style=\"color: #ffffff;\"> 1907 Saxon<\/span><\/h4>\n<p>[\/et_pb_text][\/et_pb_column][et_pb_column type=&#8220;1_4&#8243; _builder_version=&#8220;4.16&#8243; global_colors_info=&#8220;{}&#8220;][et_pb_text content_tablet=&#8220;&#8220; content_phone=&#8220;<\/p>\n<h4 style=%22text-align: center;%22><span style=%22color: #ffffff;%22><a style=%22color: #ffffff;%22 href=%22mailto:info@spiruline-valais.ch%22>info@spiruline-valais.ch<\/a><\/span><br \/><span style=%22color: #ffffff;%22> <a style=%22color: #ffffff;%22 href=%22tel:0041797395317%22>+41 79 739 53 17<\/a><\/span><\/h4>\n<\/p>\n<p>&#8220; content_last_edited=&#8220;on|phone&#8220; disabled_on=&#8220;off|on|off&#8220; _builder_version=&#8220;4.19.1&#8243; text_text_color=&#8220;#ffffff&#8220; text_font_size=&#8220;15px&#8220; header_4_font=&#8220;Visbyy|600|||||||&#8220; header_4_letter_spacing=&#8220;1px&#8220; background_enable_color=&#8220;off&#8220; custom_margin=&#8220;40px||40px||true|false&#8220; custom_margin_tablet=&#8220;0px||0px||true|false&#8220; custom_margin_phone=&#8220;10px||33px||false|false&#8220; custom_margin_last_edited=&#8220;on|phone&#8220; custom_padding=&#8220;||0px|||&#8220; header_2_font_size_tablet=&#8220;&#8220; header_2_font_size_phone=&#8220;28px&#8220; header_2_font_size_last_edited=&#8220;on|desktop&#8220; global_colors_info=&#8220;{}&#8220;]<\/p>\n<h4 style=\"text-align: center;\"><span style=\"color: #ffffff;\"><a style=\"color: #ffffff;\" href=\"mailto:info@spiruline-valais.ch\">info@spiruline-valais.ch<\/a><\/span><br \/><span style=\"color: #ffffff;\"> <a style=\"color: #ffffff;\" href=\"tel:0041797395317\">+41 79 739 53 17<\/a><\/span><\/h4>\n<p>[\/et_pb_text][\/et_pb_column][et_pb_column type=&#8220;1_4&#8243; _builder_version=&#8220;4.19.1&#8243; custom_padding_tablet=&#8220;20px||||false|false&#8220; custom_padding_phone=&#8220;&#8220; custom_padding_last_edited=&#8220;on|phone&#8220; global_colors_info=&#8220;{}&#8220;][et_pb_social_media_follow use_icon_font_size=&#8220;on&#8220; _builder_version=&#8220;4.16&#8243; _module_preset=&#8220;default&#8220; text_orientation=&#8220;center&#8220; custom_margin=&#8220;40px||40px||true|false&#8220; custom_margin_tablet=&#8220;-80px||0px||false|false&#8220; custom_margin_phone=&#8220;-40px||0px||false|false&#8220; custom_margin_last_edited=&#8220;on|phone&#8220; custom_padding=&#8220;||0px|||&#8220; border_radii=&#8220;on|30px|30px|30px|30px&#8220; border_width_all=&#8220;2px&#8220; border_color_all=&#8220;#ffffff&#8220; global_colors_info=&#8220;{}&#8220;][et_pb_social_media_follow_network social_network=&#8220;facebook&#8220; icon_color=&#8220;#ffffff&#8220; use_icon_font_size=&#8220;on&#8220; icon_font_size=&#8220;20px&#8220; _builder_version=&#8220;4.16&#8243; _module_preset=&#8220;default&#8220; background_enable_color=&#8220;off&#8220; global_colors_info=&#8220;{}&#8220; follow_button=&#8220;off&#8220; url_new_window=&#8220;on&#8220;]facebook[\/et_pb_social_media_follow_network][et_pb_social_media_follow_network social_network=&#8220;instagram&#8220; url=&#8220;https:\/\/www.instagram.com\/spiruline_valais\/&#8220; icon_color=&#8220;#ffffff&#8220; use_icon_font_size=&#8220;on&#8220; icon_font_size=&#8220;20px&#8220; _builder_version=&#8220;4.16&#8243; _module_preset=&#8220;default&#8220; background_enable_color=&#8220;off&#8220; global_colors_info=&#8220;{}&#8220; follow_button=&#8220;off&#8220; url_new_window=&#8220;on&#8220;]instagram[\/et_pb_social_media_follow_network][\/et_pb_social_media_follow][\/et_pb_column][\/et_pb_row][\/et_pb_section]<\/p>\n","protected":false},"excerpt":{"rendered":"<p>Die <strong>handgemachte Gesichtscreme mit Aloe-Wasser und Spirulina-Mazerat<\/strong> ist ein wahrer Schatz der Natur. Ihre starke antioxidative Wirkung bek\u00e4mpft effektiv die Zeichen der Hautalterung und sch\u00fctzt Ihre Haut vor \u00e4u\u00dferen Einfl\u00fcssen. Z\u00f6gern Sie nicht, diese Creme in Ihre t\u00e4gliche Routine einzubinden f\u00fcr strahlende und gut gesch\u00fctzte Haut!<\/p>\n<p><strong>Hauttyp:<\/strong> Diese Creme ist f\u00fcr <strong>alle Hauttypen<\/strong> geeignet. Ob Sie trockene, fettige, Mischhaut oder empfindliche Haut haben, sie kann in Ihre Pflegeroutine integriert werden.<\/p>\n<p><strong>Textur<\/strong><strong>:<\/strong> Die Creme hat eine leichte und einziehende Textur, die die Haut weich und revitalisiert hinterl\u00e4sst.<\/p>\n<p><strong>Bed\u00fcrfnisse:<\/strong><\/p>\n<ul>\n<li><strong>Hydration<\/strong>: Aloe Vera und K\u00fcrbiskern\u00f6l sorgen f\u00fcr tiefe Feuchtigkeit, die Ihre Haut weich und geschmeidig macht.<\/li>\n<li><strong>Antioxidantien<\/strong>: Das Spirulina-Mazerat ist reich an Antioxidantien, was dazu beitr\u00e4gt, Ihre Haut vor freien Radikalen zu sch\u00fctzen und die Zeichen der Hautalterung zu verhindern.<\/li>\n<li><strong>Verst\u00e4rkung<\/strong>: Der Extrakt aus Crithmum maritimum stimuliert die Synthese von Keratin und st\u00e4rkt dadurch die Hautbarriere.<\/li>\n<\/ul>\n<p><strong>Inhaltsstoffe: <\/strong>Aloe Vera\u00a0\u2022\u00a0Spirulina-Mazerat\u00a0\u2022\u00a0K\u00fcrbiskern\u00f6l\u00a0\u2022\u00a0Reisst\u00e4rke\u00a0\u2022\u00a0Sonnenblumen\u00f6l\u00a0\u2022\u00a0Jojoba\u00f6l\u00a0\u2022\u00a0Crithmum maritimum-Extrakt\u00a0\u2022\u00a0Malvenextrakt<\/p>\n<p><strong>Anwendungshinweise<\/strong><strong>:<\/strong> Reinigen Sie Ihr Gesicht. Tragen Sie eine kleine Menge Creme auf Ihre Haut auf. Massieren Sie sie sanft ein, bis sie vollst\u00e4ndig absorbiert ist. Verwenden Sie die Creme morgens und abends f\u00fcr optimale Ergebnisse.<\/p>\n","protected":false},"featured_media":43062,"template":"","meta":{"_et_pb_use_builder":"on","_et_pb_old_content":"Die <strong>handgemachte Gesichtscreme mit Aloe-Wasser und Spirulina-Mazerat<\/strong> ist ein wahrer Schatz der Natur. Ihre starke antioxidative Wirkung bek\u00e4mpft effektiv die Zeichen der Hautalterung und sch\u00fctzt Ihre Haut vor \u00e4u\u00dferen Einfl\u00fcssen. Z\u00f6gern Sie nicht, diese Creme in Ihre t\u00e4gliche Routine einzubinden f\u00fcr strahlende und gut gesch\u00fctzte Haut!\r\n\r\n<strong>Hauttyp:<\/strong> Diese Creme ist f\u00fcr <strong>alle Hauttypen<\/strong> geeignet. Ob Sie trockene, fettige, Mischhaut oder empfindliche Haut haben, sie kann in Ihre Pflegeroutine integriert werden.\r\n\r\n<strong>Textur<\/strong><strong>:<\/strong> Die Creme hat eine leichte und einziehende Textur, die die Haut weich und revitalisiert hinterl\u00e4sst.\r\n\r\n<strong>Bed\u00fcrfnisse:<\/strong>\r\n<ul>\r\n \t<li><strong>Hydration<\/strong>: Aloe Vera und K\u00fcrbiskern\u00f6l sorgen f\u00fcr tiefe Feuchtigkeit, die Ihre Haut weich und geschmeidig macht.<\/li>\r\n \t<li><strong>Antioxidantien<\/strong>: Das Spirulina-Mazerat ist reich an Antioxidantien, was dazu beitr\u00e4gt, Ihre Haut vor freien Radikalen zu sch\u00fctzen und die Zeichen der Hautalterung zu verhindern.<\/li>\r\n \t<li><strong>Verst\u00e4rkung<\/strong>: Der Extrakt aus Crithmum maritimum stimuliert die Synthese von Keratin und st\u00e4rkt dadurch die Hautbarriere.<\/li>\r\n<\/ul>\r\n<strong>Inhaltsstoffe: <\/strong>Aloe Vera\u00a0\u2022\u00a0Spirulina-Mazerat\u00a0\u2022\u00a0K\u00fcrbiskern\u00f6l\u00a0\u2022\u00a0Reisst\u00e4rke\u00a0\u2022\u00a0Sonnenblumen\u00f6l\u00a0\u2022\u00a0Jojoba\u00f6l\u00a0\u2022\u00a0Crithmum maritimum-Extrakt\u00a0\u2022\u00a0Malvenextrakt\r\n\r\n<strong>Anwendungshinweise<\/strong><strong>:<\/strong> Reinigen Sie Ihr Gesicht. Tragen Sie eine kleine Menge Creme auf Ihre Haut auf. Massieren Sie sie sanft ein, bis sie vollst\u00e4ndig absorbiert ist. Verwenden Sie die Creme morgens und abends f\u00fcr optimale Ergebnisse.","_et_gb_content_width":""},"product_brand":[],"product_cat":[60],"product_tag":[],"class_list":{"0":"post-43071","1":"product","2":"type-product","3":"status-publish","4":"has-post-thumbnail","6":"product_cat-cosmetique-de","7":"product_shipping_class-frei","9":"first","10":"instock","11":"purchasable","12":"product-type-simple"},"_links":{"self":[{"href":"https:\/\/spiruline-valais.ch\/de\/wp-json\/wp\/v2\/product\/43071","targetHints":{"allow":["GET"]}}],"collection":[{"href":"https:\/\/spiruline-valais.ch\/de\/wp-json\/wp\/v2\/product"}],"about":[{"href":"https:\/\/spiruline-valais.ch\/de\/wp-json\/wp\/v2\/types\/product"}],"wp:featuredmedia":[{"embeddable":true,"href":"https:\/\/spiruline-valais.ch\/de\/wp-json\/wp\/v2\/media\/43062"}],"wp:attachment":[{"href":"https:\/\/spiruline-valais.ch\/de\/wp-json\/wp\/v2\/media?parent=43071"}],"wp:term":[{"taxonomy":"product_brand","embeddable":true,"href":"https:\/\/spiruline-valais.ch\/de\/wp-json\/wp\/v2\/product_brand?post=43071"},{"taxonomy":"product_cat","embeddable":true,"href":"https:\/\/spiruline-valais.ch\/de\/wp-json\/wp\/v2\/product_cat?post=43071"},{"taxonomy":"product_tag","embeddable":true,"href":"https:\/\/spiruline-valais.ch\/de\/wp-json\/wp\/v2\/product_tag?post=43071"}],"curies":[{"name":"wp","href":"https:\/\/api.w.org\/{rel}","templated":true}]}}