{"id":43055,"date":"2024-04-15T15:41:18","date_gmt":"2024-04-15T13:41:18","guid":{"rendered":"https:\/\/spiruline-valais.ch\/?post_type=product&#038;p=43055"},"modified":"2024-05-21T19:35:38","modified_gmt":"2024-05-21T17:35:38","slug":"spirulina-lippenbalsam","status":"publish","type":"product","link":"https:\/\/spiruline-valais.ch\/de\/produit\/spirulina-lippenbalsam\/","title":{"rendered":"Spirulina-Lippenbalsam"},"content":{"rendered":"<p>[et_pb_section fb_built=&#8220;1&#8243; custom_padding_last_edited=&#8220;on|phone&#8220; _builder_version=&#8220;4.16&#8243; custom_margin=&#8220;80px||||false|false&#8220; custom_margin_tablet=&#8220;|20px||20px|false|false&#8220; custom_margin_phone=&#8220;80px|20px||20px|false|false&#8220; custom_margin_last_edited=&#8220;on|tablet&#8220; custom_padding=&#8220;0px|200px||200px|false|false&#8220; custom_padding_tablet=&#8220;|0px||0px|false|false&#8220; custom_padding_phone=&#8220;0px|0px||0px|false|false&#8220; global_colors_info=&#8220;{}&#8220;][et_pb_row _builder_version=&#8220;4.16&#8243; background_size=&#8220;initial&#8220; background_position=&#8220;top_left&#8220; background_repeat=&#8220;repeat&#8220; width=&#8220;100%&#8220; custom_padding=&#8220;0px||0px||false|false&#8220; global_colors_info=&#8220;{}&#8220;][et_pb_column type=&#8220;4_4&#8243; _builder_version=&#8220;4.16&#8243; custom_padding=&#8220;|||&#8220; global_colors_info=&#8220;{}&#8220; custom_padding__hover=&#8220;|||&#8220;][et_pb_wc_cart_notice _builder_version=&#8220;4.16&#8243; background_color=&#8220;#14967f&#8220; custom_button=&#8220;on&#8220; button_text_color=&#8220;#14967f&#8220; button_bg_color=&#8220;#ffffff&#8220; button_border_color=&#8220;#ffffff&#8220; button_use_icon=&#8220;off&#8220; title_font_size_tablet=&#8220;&#8220; title_font_size_phone=&#8220;14px&#8220; title_font_size_last_edited=&#8220;on|phone&#8220; button_text_size_tablet=&#8220;&#8220; button_text_size_phone=&#8220;12px&#8220; button_text_size_last_edited=&#8220;on|phone&#8220; body_font_size_last_edited=&#8220;on|phone&#8220; body_font_size_tablet=&#8220;&#8220; body_font_size_phone=&#8220;14px&#8220; global_colors_info=&#8220;{}&#8220; button_bg_color__hover_enabled=&#8220;on|hover&#8220; button_bg_color__hover=&#8220;#14967f&#8220; button_bg_enable_color__hover=&#8220;on&#8220; button_text_color__hover_enabled=&#8220;on|hover&#8220; button_text_color__hover=&#8220;#ffffff&#8220; button_border_color__hover_enabled=&#8220;on|hover&#8220; button_border_color__hover=&#8220;#ffffff&#8220;][\/et_pb_wc_cart_notice][et_pb_text _builder_version=&#8220;4.25.1&#8243; _module_preset=&#8220;default&#8220; text_font=&#8220;Visbyy|800|||||||&#8220; locked=&#8220;off&#8220; global_colors_info=&#8220;{}&#8220;]<strong><a href=\"\/de\/kosmetik-shop\">&lt; Zur\u00fcck zum Shop<\/a><\/strong>[\/et_pb_text][\/et_pb_column][\/et_pb_row][et_pb_row column_structure=&#8220;1_2,1_2&#8243; _builder_version=&#8220;4.16&#8243; background_size=&#8220;initial&#8220; background_position=&#8220;top_left&#8220; background_repeat=&#8220;repeat&#8220; width=&#8220;100%&#8220; custom_padding=&#8220;0px||||false|false&#8220; global_colors_info=&#8220;{}&#8220;][et_pb_column type=&#8220;1_2&#8243; _builder_version=&#8220;4.16&#8243; custom_padding=&#8220;|||&#8220; global_colors_info=&#8220;{}&#8220; custom_padding__hover=&#8220;|||&#8220;][et_pb_wc_images product=&#8220;43054&#8243; _builder_version=&#8220;4.24.3&#8243; custom_margin_tablet=&#8220;&#8220; custom_margin_phone=&#8220;-35px||||false|false&#8220; custom_margin_last_edited=&#8220;on|phone&#8220; global_colors_info=&#8220;{}&#8220;][\/et_pb_wc_images][\/et_pb_column][et_pb_column type=&#8220;1_2&#8243; _builder_version=&#8220;4.16&#8243; custom_padding=&#8220;|||&#8220; global_colors_info=&#8220;{}&#8220; custom_padding__hover=&#8220;|||&#8220;][et_pb_wc_title _builder_version=&#8220;4.16&#8243; header_font=&#8220;|600|||||||&#8220; header_font_size=&#8220;25px&#8220; custom_margin=&#8220;80px||||false|false&#8220; custom_margin_tablet=&#8220;0px||||false|false&#8220; custom_margin_phone=&#8220;0px||||false|false&#8220; custom_margin_last_edited=&#8220;on|phone&#8220; custom_padding=&#8220;0px||||false|false&#8220; global_colors_info=&#8220;{}&#8220;][\/et_pb_wc_title][et_pb_wc_price _builder_version=&#8220;4.16&#8243; body_text_color=&#8220;#14967f&#8220; body_font_size=&#8220;23px&#8220; global_colors_info=&#8220;{}&#8220;][\/et_pb_wc_price][et_pb_wc_description _builder_version=&#8220;4.25.1&#8243; header_3_font=&#8220;Visbyy|700|||||||&#8220; header_3_text_color=&#8220;#14967F&#8220; header_2_font_size_tablet=&#8220;&#8220; header_2_font_size_phone=&#8220;28px&#8220; header_2_font_size_last_edited=&#8220;on|desktop&#8220; global_colors_info=&#8220;{}&#8220; hover_enabled=&#8220;0&#8243; sticky_enabled=&#8220;0&#8243;][\/et_pb_wc_description][et_pb_wc_add_to_cart product=&#8220;43054&#8243; show_quantity=&#8220;off&#8220; show_stock=&#8220;off&#8220; _builder_version=&#8220;4.24.3&#8243; _module_preset=&#8220;default&#8220; custom_button=&#8220;on&#8220; button_bg_color=&#8220;#8CD7C5&#8243; button_border_color=&#8220;#8CD7C5&#8243; button_font=&#8220;Visbyy|900|||||||&#8220; button_use_icon=&#8220;off&#8220; locked=&#8220;off&#8220; global_colors_info=&#8220;{}&#8220; button_bg_color__hover=&#8220;#14967F&#8220; button_bg_color__hover_enabled=&#8220;on|hover&#8220; button_border_color__hover=&#8220;#14967F&#8220; button_border_color__hover_enabled=&#8220;on|hover&#8220;][\/et_pb_wc_add_to_cart][\/et_pb_column][\/et_pb_row][et_pb_row _builder_version=&#8220;4.19.1&#8243; _module_preset=&#8220;default&#8220; background_size=&#8220;initial&#8220; background_position=&#8220;top_left&#8220; background_repeat=&#8220;repeat&#8220; width=&#8220;100%&#8220; custom_margin=&#8220;100px||||false|false&#8220; locked=&#8220;off&#8220; global_colors_info=&#8220;{}&#8220;][et_pb_column type=&#8220;4_4&#8243; _builder_version=&#8220;4.19.1&#8243; _module_preset=&#8220;default&#8220; global_colors_info=&#8220;{}&#8220;][et_pb_wc_related_products posts_number=&#8220;3&#8243; columns_number=&#8220;3&#8243; include_categories=&#8220;60&#8243; _builder_version=&#8220;4.25.1&#8243; _module_preset=&#8220;default&#8220; title_font=&#8220;|700|||||||&#8220; title_text_align=&#8220;center&#8220; title_text_color=&#8220;#14967F&#8220; product_title_font=&#8220;|600|||||||&#8220; product_title_text_align=&#8220;center&#8220; product_title_text_color=&#8220;#14967f&#8220; product_title_font_size=&#8220;18px&#8220; price_text_align=&#8220;center&#8220; price_font_size=&#8220;18px&#8220; global_colors_info=&#8220;{}&#8220; hover_enabled=&#8220;0&#8243; sticky_enabled=&#8220;0&#8243;][\/et_pb_wc_related_products][\/et_pb_column][\/et_pb_row][\/et_pb_section][et_pb_section fb_built=&#8220;1&#8243; custom_padding_last_edited=&#8220;on|phone&#8220; admin_label=&#8220;Section&#8220; _builder_version=&#8220;4.16&#8243; background_color=&#8220;#8cd7c5&#8243; custom_margin=&#8220;0px||||false|false&#8220; custom_padding=&#8220;62px||0px|||&#8220; custom_padding_tablet=&#8220;&#8220; custom_padding_phone=&#8220;10px||50px||false|false&#8220; saved_tabs=&#8220;all&#8220; global_colors_info=&#8220;{}&#8220;][et_pb_row column_structure=&#8220;1_4,1_4,1_4,1_4&#8243; custom_padding_last_edited=&#8220;on|phone&#8220; _builder_version=&#8220;4.16&#8243; custom_margin=&#8220;||0px||false|false&#8220; custom_margin_tablet=&#8220;&#8220; custom_margin_phone=&#8220;-20px||0px||false|false&#8220; custom_margin_last_edited=&#8220;on|phone&#8220; custom_padding=&#8220;1px||57px|||&#8220; custom_padding_tablet=&#8220;||0px||false|false&#8220; custom_padding_phone=&#8220;0px||0px||false|false&#8220; global_colors_info=&#8220;{}&#8220;][et_pb_column type=&#8220;1_4&#8243; _builder_version=&#8220;4.16&#8243; custom_padding=&#8220;0px||||false|false&#8220; global_colors_info=&#8220;{}&#8220;][et_pb_image src=&#8220;https:\/\/spiruline-valais.ch\/wp-content\/uploads\/2020\/08\/logo-blanc.png&#8220; _builder_version=&#8220;4.16&#8243; transform_scale_tablet=&#8220;80%|80%&#8220; transform_scale_phone=&#8220;40%|40%&#8220; transform_scale_last_edited=&#8220;on|phone&#8220; transform_translate_tablet=&#8220;&#8220; transform_translate_phone=&#8220;&#8220; transform_translate_last_edited=&#8220;on|phone&#8220; transform_rotate_tablet=&#8220;&#8220; transform_rotate_phone=&#8220;&#8220; transform_rotate_last_edited=&#8220;on|phone&#8220; transform_skew_tablet=&#8220;&#8220; transform_skew_phone=&#8220;&#8220; transform_skew_last_edited=&#8220;on|phone&#8220; transform_origin_tablet=&#8220;&#8220; transform_origin_phone=&#8220;&#8220; transform_origin_last_edited=&#8220;on|phone&#8220; transform_styles_last_edited=&#8220;on|phone&#8220; custom_margin=&#8220;20px||||false|false&#8220; custom_margin_tablet=&#8220;50px||||false|false&#8220; custom_margin_phone=&#8220;0px||||false|false&#8220; custom_margin_last_edited=&#8220;on|phone&#8220; custom_padding=&#8220;0px|60px||60px|false|false&#8220; transform_styles_tablet=&#8220;&#8220; transform_styles_phone=&#8220;&#8220; border_radii=&#8220;on|1px|1px|1px|1px&#8220; global_colors_info=&#8220;{}&#8220;][\/et_pb_image][\/et_pb_column][et_pb_column type=&#8220;1_4&#8243; _builder_version=&#8220;4.16&#8243; global_colors_info=&#8220;{}&#8220;][et_pb_text content_tablet=&#8220;&#8220; content_phone=&#8220;<\/p>\n<h4>Plein&#8217;R s\u00e0rl &#8211; Robin Dorsaz<br \/>Rue des Marais-Neufs 31<br \/>1907 Saxon<\/h4>\n<\/p>\n<p>&#8220; content_last_edited=&#8220;on|phone&#8220; _builder_version=&#8220;4.16&#8243; text_text_color=&#8220;#ffffff&#8220; text_font_size=&#8220;15px&#8220; header_font=&#8220;||||||||&#8220; header_text_color=&#8220;#ffffff&#8220; background_enable_color=&#8220;off&#8220; custom_margin=&#8220;40px||40px||true|false&#8220; custom_margin_tablet=&#8220;0px||40px||false|false&#8220; custom_margin_phone=&#8220;-70px||-40px||false|false&#8220; custom_margin_last_edited=&#8220;on|phone&#8220; custom_padding=&#8220;||0px|||&#8220; header_2_font_size_tablet=&#8220;&#8220; header_2_font_size_phone=&#8220;28px&#8220; header_2_font_size_last_edited=&#8220;on|desktop&#8220; global_colors_info=&#8220;{}&#8220;]<\/p>\n<h4 style=\"text-align: center;\"><span style=\"color: #ffffff;\">Plein&#8217;R s\u00e0rl &#8211; Robin Dorsaz<\/span><br \/><span style=\"color: #ffffff;\"> Rue des Marais-Neufs 31<\/span><br \/><span style=\"color: #ffffff;\"> 1907 Saxon<\/span><\/h4>\n<p>[\/et_pb_text][\/et_pb_column][et_pb_column type=&#8220;1_4&#8243; _builder_version=&#8220;4.16&#8243; global_colors_info=&#8220;{}&#8220;][et_pb_text content_tablet=&#8220;&#8220; content_phone=&#8220;&#8220; content_last_edited=&#8220;on|phone&#8220; disabled_on=&#8220;off|on|off&#8220; _builder_version=&#8220;4.16&#8243; text_text_color=&#8220;#ffffff&#8220; text_font_size=&#8220;15px&#8220; header_font=&#8220;||||||||&#8220; background_enable_color=&#8220;off&#8220; custom_margin=&#8220;40px||40px||true|false&#8220; custom_margin_tablet=&#8220;0px||0px||true|false&#8220; custom_margin_phone=&#8220;-6px||51px||false|false&#8220; custom_margin_last_edited=&#8220;on|phone&#8220; custom_padding=&#8220;||0px|||&#8220; header_2_font_size_tablet=&#8220;&#8220; header_2_font_size_phone=&#8220;28px&#8220; header_2_font_size_last_edited=&#8220;on|desktop&#8220; global_colors_info=&#8220;{}&#8220;]<\/p>\n<h4 style=\"text-align: center;\"><span style=\"color: #ffffff;\"><a style=\"color: #ffffff;\" href=\"mailto:info@spiruline-valais.ch\">info@spiruline-valais.ch<\/a><\/span><br \/><span style=\"color: #ffffff;\"> <a style=\"color: #ffffff;\" href=\"tel:0041797395317\">+41 79 739 53 17<\/a><\/span><\/h4>\n<p>[\/et_pb_text][\/et_pb_column][et_pb_column type=&#8220;1_4&#8243; _builder_version=&#8220;4.16&#8243; global_colors_info=&#8220;{}&#8220;][et_pb_social_media_follow use_icon_font_size=&#8220;on&#8220; _builder_version=&#8220;4.16&#8243; _module_preset=&#8220;default&#8220; text_orientation=&#8220;center&#8220; custom_margin=&#8220;40px||40px||true|false&#8220; custom_margin_tablet=&#8220;-80px||0px||false|false&#8220; custom_margin_phone=&#8220;-6px||51px||false|false&#8220; custom_margin_last_edited=&#8220;on|phone&#8220; custom_padding=&#8220;||0px|||&#8220; border_radii=&#8220;on|30px|30px|30px|30px&#8220; border_width_all=&#8220;2px&#8220; border_color_all=&#8220;#ffffff&#8220; global_colors_info=&#8220;{}&#8220;][et_pb_social_media_follow_network social_network=&#8220;facebook&#8220; icon_color=&#8220;#ffffff&#8220; use_icon_font_size=&#8220;on&#8220; icon_font_size=&#8220;20px&#8220; _builder_version=&#8220;4.16&#8243; _module_preset=&#8220;default&#8220; background_enable_color=&#8220;off&#8220; global_colors_info=&#8220;{}&#8220; follow_button=&#8220;off&#8220; url_new_window=&#8220;on&#8220;]facebook[\/et_pb_social_media_follow_network][et_pb_social_media_follow_network social_network=&#8220;instagram&#8220; url=&#8220;https:\/\/www.instagram.com\/spiruline_valais\/&#8220; icon_color=&#8220;#ffffff&#8220; use_icon_font_size=&#8220;on&#8220; icon_font_size=&#8220;20px&#8220; _builder_version=&#8220;4.16&#8243; _module_preset=&#8220;default&#8220; background_enable_color=&#8220;off&#8220; global_colors_info=&#8220;{}&#8220; follow_button=&#8220;off&#8220; url_new_window=&#8220;on&#8220;]instagram[\/et_pb_social_media_follow_network][\/et_pb_social_media_follow][\/et_pb_column][\/et_pb_row][\/et_pb_section]<\/p>\n","protected":false},"excerpt":{"rendered":"<p>Der <strong>Lippenbalsam mit Spirulina<\/strong> ist eine nat\u00fcrliche und n\u00e4hrende Pflege, speziell entwickelt, um Ihre Lippen zu befeuchten und zu sch\u00fctzen. Seine reichhaltige Formel mit wohltuenden Inhaltsstoffen bietet ein beruhigendes und revitalisierendes Erlebnis. Dieser Lippenbalsam ist ein echtes Pflegejuwel f\u00fcr Ihre Lippen!<\/p>\n<p><strong>Hauttyp:<\/strong> Geeignet f\u00fcr alle Hauttypen, besonders f\u00fcr trockene, rissige und empfindliche Lippen.<\/p>\n<p><strong>Bed\u00fcrfnisse:<\/strong> Intensive Feuchtigkeit, Schutz vor \u00e4u\u00dferen Einfl\u00fcssen und Reparatur besch\u00e4digter Lippen.<\/p>\n<p><strong>Inhaltsstoffe<\/strong>:<\/p>\n<ul>\n<li><strong>Spirulina<\/strong><\/li>\n<li><strong>Sonnenblumen\u00f6l<\/strong><\/li>\n<li><strong>Bienenwachs<\/strong><\/li>\n<li><strong>Kokos\u00f6l<\/strong><\/li>\n<li><strong>Kakaobutter<\/strong><\/li>\n<li><strong>Vitamin E<\/strong><\/li>\n<\/ul>\n<p><strong>Textur:<\/strong> Der Lippenbalsam mit Spirulina hat eine cremige und schmelzende Textur. Er gleitet leicht \u00fcber die Lippen ohne einen fettigen Film zu hinterlassen. Sein dezenter Duft nach Kokos\u00f6l und Aprikose versetzt Sie in einen Moment der Entspannung.<\/p>\n<p><strong>Anwendungstipp<\/strong>: Tragen Sie den Lippenbalsam mit Spirulina so oft wie n\u00f6tig auf, um weiche, hydratisierte und gesch\u00fctzte Lippen zu erhalten. F\u00fcr eine intensivere Pflege tragen Sie eine dickere Schicht vor dem Schlafengehen auf.<\/p>\n","protected":false},"featured_media":43059,"template":"","meta":{"_et_pb_use_builder":"on","_et_pb_old_content":"Der <strong>Lippenbalsam mit Spirulina<\/strong> ist eine nat\u00fcrliche und n\u00e4hrende Pflege, speziell entwickelt, um Ihre Lippen zu befeuchten und zu sch\u00fctzen. Seine reichhaltige Formel mit wohltuenden Inhaltsstoffen bietet ein beruhigendes und revitalisierendes Erlebnis. Dieser Lippenbalsam ist ein echtes Pflegejuwel f\u00fcr Ihre Lippen!\r\n\r\n<strong>Hauttyp:<\/strong> Geeignet f\u00fcr alle Hauttypen, besonders f\u00fcr trockene, rissige und empfindliche Lippen.\r\n\r\n<strong>Bed\u00fcrfnisse:<\/strong> Intensive Feuchtigkeit, Schutz vor \u00e4u\u00dferen Einfl\u00fcssen und Reparatur besch\u00e4digter Lippen.\r\n\r\n<strong>Inhaltsstoffe<\/strong>:\r\n<ul>\r\n \t<li><strong>Spirulina<\/strong><\/li>\r\n \t<li><strong>Sonnenblumen\u00f6l<\/strong><\/li>\r\n \t<li><strong>Bienenwachs<\/strong><\/li>\r\n \t<li><strong>Kokos\u00f6l<\/strong><\/li>\r\n \t<li><strong>Kakaobutter<\/strong><\/li>\r\n \t<li><strong>Vitamin E<\/strong><\/li>\r\n<\/ul>\r\n<strong>Textur:<\/strong> Der Lippenbalsam mit Spirulina hat eine cremige und schmelzende Textur. Er gleitet leicht \u00fcber die Lippen ohne einen fettigen Film zu hinterlassen. Sein dezenter Duft nach Kokos\u00f6l und Aprikose versetzt Sie in einen Moment der Entspannung.\r\n\r\n<strong>Anwendungstipp<\/strong>: Tragen Sie den Lippenbalsam mit Spirulina so oft wie n\u00f6tig auf, um weiche, hydratisierte und gesch\u00fctzte Lippen zu erhalten. F\u00fcr eine intensivere Pflege tragen Sie eine dickere Schicht vor dem Schlafengehen auf.","_et_gb_content_width":""},"product_brand":[],"product_cat":[60],"product_tag":[],"class_list":{"0":"post-43055","1":"product","2":"type-product","3":"status-publish","4":"has-post-thumbnail","6":"product_cat-cosmetique-de","7":"product_shipping_class-frei","9":"first","10":"instock","11":"purchasable","12":"product-type-simple"},"_links":{"self":[{"href":"https:\/\/spiruline-valais.ch\/de\/wp-json\/wp\/v2\/product\/43055","targetHints":{"allow":["GET"]}}],"collection":[{"href":"https:\/\/spiruline-valais.ch\/de\/wp-json\/wp\/v2\/product"}],"about":[{"href":"https:\/\/spiruline-valais.ch\/de\/wp-json\/wp\/v2\/types\/product"}],"wp:featuredmedia":[{"embeddable":true,"href":"https:\/\/spiruline-valais.ch\/de\/wp-json\/wp\/v2\/media\/43059"}],"wp:attachment":[{"href":"https:\/\/spiruline-valais.ch\/de\/wp-json\/wp\/v2\/media?parent=43055"}],"wp:term":[{"taxonomy":"product_brand","embeddable":true,"href":"https:\/\/spiruline-valais.ch\/de\/wp-json\/wp\/v2\/product_brand?post=43055"},{"taxonomy":"product_cat","embeddable":true,"href":"https:\/\/spiruline-valais.ch\/de\/wp-json\/wp\/v2\/product_cat?post=43055"},{"taxonomy":"product_tag","embeddable":true,"href":"https:\/\/spiruline-valais.ch\/de\/wp-json\/wp\/v2\/product_tag?post=43055"}],"curies":[{"name":"wp","href":"https:\/\/api.w.org\/{rel}","templated":true}]}}