{"id":40183,"date":"2022-08-02T13:05:16","date_gmt":"2022-08-02T11:05:16","guid":{"rendered":"https:\/\/spiruline-valais.ch\/?page_id=40183"},"modified":"2024-05-03T16:39:18","modified_gmt":"2024-05-03T14:39:18","slug":"medias","status":"publish","type":"page","link":"https:\/\/spiruline-valais.ch\/de\/medias\/","title":{"rendered":"M\u00e9dias"},"content":{"rendered":"<p>[et_pb_section fb_built=&#8220;1&#8243; _builder_version=&#8220;4.16&#8243; background_enable_image=&#8220;off&#8220; custom_margin=&#8220;0px||||false|false&#8220; custom_margin_tablet=&#8220;-20px||||false|false&#8220; custom_margin_phone=&#8220;-40px||||false|false&#8220; custom_margin_last_edited=&#8220;on|phone&#8220; custom_padding=&#8220;50px||50px||true|false&#8220; global_colors_info=&#8220;{}&#8220;][et_pb_row _builder_version=&#8220;4.16&#8243; width_tablet=&#8220;&#8220; width_phone=&#8220;90%&#8220; width_last_edited=&#8220;on|phone&#8220; global_colors_info=&#8220;{}&#8220;][et_pb_column type=&#8220;4_4&#8243; _builder_version=&#8220;4.16&#8243; custom_padding=&#8220;|||&#8220; global_colors_info=&#8220;{}&#8220; custom_padding__hover=&#8220;|||&#8220;][et_pb_text _builder_version=&#8220;4.17.6&#8243; text_font=&#8220;||||||||&#8220; text_text_color=&#8220;#000000&#8243; header_2_font=&#8220;Frank Ruhl Libre||||||||&#8220; header_2_font_size=&#8220;48px&#8220; text_orientation=&#8220;center&#8220; background_layout=&#8220;dark&#8220; header_2_font_size_tablet=&#8220;&#8220; header_2_font_size_phone=&#8220;28px&#8220; header_2_font_size_last_edited=&#8220;on|desktop&#8220; locked=&#8220;off&#8220; global_colors_info=&#8220;{}&#8220;]<\/p>\n<h1><span style=\"color: #14967f;\"><strong>M\u00e9dias<\/strong><\/span><\/h1>\n<p>[\/et_pb_text][et_pb_divider color=&#8220;#000000&#8243; divider_weight=&#8220;5px&#8220; _builder_version=&#8220;4.16&#8243; max_width=&#8220;80px&#8220; module_alignment=&#8220;center&#8220; custom_margin=&#8220;-26px||||false|false&#8220; locked=&#8220;off&#8220; global_colors_info=&#8220;{}&#8220;][\/et_pb_divider][\/et_pb_column][\/et_pb_row][et_pb_row make_equal=&#8220;on&#8220; _builder_version=&#8220;4.19.3&#8243; width_tablet=&#8220;&#8220; width_phone=&#8220;90%&#8220; width_last_edited=&#8220;on|phone&#8220; custom_margin=&#8220;0px|auto||auto|false|false&#8220; custom_padding=&#8220;3px||0px|||&#8220; global_colors_info=&#8220;{}&#8220;][et_pb_column type=&#8220;4_4&#8243; _builder_version=&#8220;4.16&#8243; global_colors_info=&#8220;{}&#8220;][et_pb_text content_tablet=&#8220;<\/p>\n<p>La spiruline, appel\u00e9e aussi <em>Arthrospira platensis<\/em> ou plus commun\u00e9ment algue bleue est une cyanobact\u00e9rie unicellulaire. C\u2019est un micro-organisme mesurant environ un dixi\u00e8me de millim\u00e8tre qui se d\u00e9veloppe par division cellulaire. Elle est apparue avec les premiers \u00eatres vivants, il y a plus de 3,5 milliards d\u2019ann\u00e9es.<\/p>\n<p>Ces cyanobact\u00e9ries sont un embranchement de bact\u00e9ries qui ont acquis la capacit\u00e9 de faire de la photosynth\u00e8se. Elles sont responsables de la cr\u00e9ation de l\u2019oxyg\u00e8ne dans l\u2019atmosph\u00e8re et sont donc, avec d\u2019autres organismes, \u00e0 l\u2019origine de la vie sur terre !<\/p>\n<p>On peut retrouver de la spiruline dans la nature, plus pr\u00e9cis\u00e9ment dans des eaux chaudes, saum\u00e2tres et peu profondes. A l\u2019exemple du lac Tchad en Afrique o\u00f9 elle se d\u00e9veloppe naturellement sur certaines rives.<\/p>\n<p>A mi-chemin entre le r\u00e8gne animal et v\u00e9g\u00e9tal, elle n\u2019a contrairement aux plantes pas de paroi cellulosique ce qui rend son assimilation plus facile. Ainsi les nutriments qu\u2019elle contient sont lib\u00e9r\u00e9s instantan\u00e9ment par les sucs gastriques.<\/p>\n<p>&#8220; content_phone=&#8220;<\/p>\n<p>La spiruline, appel\u00e9e aussi <em>Arthrospira platensis<\/em> ou plus commun\u00e9ment algue bleue est une cyanobact\u00e9rie unicellulaire. C\u2019est un micro-organisme mesurant environ un dixi\u00e8me de millim\u00e8tre qui se d\u00e9veloppe par division cellulaire. Elle est apparue avec les premiers \u00eatres vivants, il y a plus de 3,5 milliards d\u2019ann\u00e9es.<\/p>\n<p>Ces cyanobact\u00e9ries sont un embranchement de bact\u00e9ries qui ont acquis la capacit\u00e9 de faire de la photosynth\u00e8se. Elles sont responsables de la cr\u00e9ation de l\u2019oxyg\u00e8ne dans l\u2019atmosph\u00e8re et sont donc, avec d\u2019autres organismes, \u00e0 l\u2019origine de la vie sur terre !<\/p>\n<p>On peut retrouver de la spiruline dans la nature, plus pr\u00e9cis\u00e9ment dans des eaux chaudes, saum\u00e2tres et peu profondes. A l\u2019exemple du lac Tchad en Afrique o\u00f9 elle se d\u00e9veloppe naturellement sur certaines rives.<\/p>\n<p>A mi-chemin entre le r\u00e8gne animal et v\u00e9g\u00e9tal, elle n\u2019a contrairement aux plantes pas de paroi cellulosique ce qui rend son assimilation plus facile. Ainsi les nutriments qu\u2019elle contient sont lib\u00e9r\u00e9s instantan\u00e9ment par les sucs gastriques.<\/p>\n<p>&#8220; content_last_edited=&#8220;off|desktop&#8220; _builder_version=&#8220;4.24.3&#8243; text_font=&#8220;Visby CF||||||||&#8220; hover_enabled=&#8220;0&#8243; global_colors_info=&#8220;{}&#8220; sticky_enabled=&#8220;0&#8243;]<\/p>\n<p><a href=\"https:\/\/pages.rts.ch\/la-1ere\/programmes\/cqfd\/12810520-la-revolution-des-algues-07-02-2022.html?mediaShare=1\" target=\"_blank\" rel=\"noopener\">La r\u00e9volution des algues | RTS\u00a0<\/a><\/p>\n<p><a href=\"https:\/\/www.rts.ch\/audio-podcast\/2023\/audio\/decouverte-des-bienfaits-de-la-spiruline-26154752.html\" target=\"_blank\" rel=\"noopener\">D\u00e9couverte des bienfaits de la spiruline | RTS\u00a0<\/a><\/p>\n<p><a href=\"https:\/\/spiruline-valais.ch\/wp-content\/uploads\/2022\/08\/un-super-aliment-en-bassin-HAFL.pdf\" target=\"_blank\" rel=\"noopener\">Un super aliment en bassin | <span>Haute \u00e9cole des sciences agronomiques, foresti\u00e8res et alimentaires HAFL<\/span><\/a><\/p>\n<p><a href=\"https:\/\/spiruline-valais.ch\/wp-content\/uploads\/2022\/08\/robin-dorsaz-artisan-spirulinier-scaled.jpg\">Robin Dorsaz, Artisan Spirulinier | Journal de Fully<\/a><\/p>\n<p><a href=\"https:\/\/spiruline-valais.ch\/wp-content\/uploads\/2022\/08\/2021-37-p32-1RobinDorsazClaVieSpiruline.pdf\" target=\"_blank\" rel=\"noopener\"><span>Robin Dorsaz, Miser sur l&#8217;innovation<\/span><\/a><\/p>\n<p><a href=\"https:\/\/www.rts.ch\/play\/tv\/pique-assiette\/video\/les-saisons-de-pique-assiette-2023?urn=urn:rts:video:13881093\" target=\"_blank\" rel=\"noopener\"><span>Pique Assiette | RTS (d\u00e8s 8&#8217;55)<\/span><\/a><\/p>\n<p>[\/et_pb_text][\/et_pb_column][\/et_pb_row][\/et_pb_section][et_pb_section fb_built=&#8220;1&#8243; custom_padding_last_edited=&#8220;on|phone&#8220; admin_label=&#8220;Section&#8220; _builder_version=&#8220;4.6.1&#8243; background_color=&#8220;#8cd7c5&#8243; custom_margin=&#8220;0px||||false|false&#8220; custom_padding=&#8220;62px||0px|||&#8220; custom_padding_tablet=&#8220;&#8220; custom_padding_phone=&#8220;10px||50px||false|false&#8220; global_module=&#8220;30359&#8243; saved_tabs=&#8220;all&#8220; global_colors_info=&#8220;{}&#8220;][et_pb_row column_structure=&#8220;1_4,1_4,1_4,1_4&#8243; _builder_version=&#8220;4.19.1&#8243; width_tablet=&#8220;&#8220; width_phone=&#8220;90%&#8220; width_last_edited=&#8220;on|phone&#8220; custom_margin=&#8220;-20px||||false|false&#8220; custom_padding=&#8220;0px|||||&#8220; global_colors_info=&#8220;{}&#8220;][et_pb_column type=&#8220;1_4&#8243; _builder_version=&#8220;4.16&#8243; custom_padding=&#8220;0px||||false|false&#8220; global_colors_info=&#8220;{}&#8220;][et_pb_image src=&#8220;https:\/\/spiruline-valais.ch\/wp-content\/uploads\/2020\/08\/logo-blanc.png&#8220; alt=&#8220;logo-spiruline-blanc&#8220; title_text=&#8220;logo-spiruline-blanc&#8220; align_tablet=&#8220;&#8220; align_phone=&#8220;center&#8220; align_last_edited=&#8220;on|phone&#8220; _builder_version=&#8220;4.19.1&#8243; transform_scale_tablet=&#8220;&#8220; transform_scale_phone=&#8220;50%|50%&#8220; transform_scale_last_edited=&#8220;on|phone&#8220; transform_translate_tablet=&#8220;&#8220; transform_translate_phone=&#8220;&#8220; transform_translate_last_edited=&#8220;on|phone&#8220; transform_rotate_tablet=&#8220;&#8220; transform_rotate_phone=&#8220;&#8220; transform_rotate_last_edited=&#8220;on|phone&#8220; transform_skew_tablet=&#8220;&#8220; transform_skew_phone=&#8220;&#8220; transform_skew_last_edited=&#8220;on|phone&#8220; transform_origin_tablet=&#8220;&#8220; transform_origin_phone=&#8220;&#8220; transform_origin_last_edited=&#8220;on|phone&#8220; transform_styles_last_edited=&#8220;on|phone&#8220; custom_margin=&#8220;30px||||false|false&#8220; custom_margin_tablet=&#8220;50px||||false|false&#8220; custom_margin_phone=&#8220;0px||||false|false&#8220; custom_margin_last_edited=&#8220;on|phone&#8220; custom_padding=&#8220;0px|120px||60px|false|false&#8220; custom_padding_tablet=&#8220;&#8220; custom_padding_phone=&#8220;0px|60px||60px|false|false&#8220; custom_padding_last_edited=&#8220;on|phone&#8220; transform_styles_tablet=&#8220;&#8220; transform_styles_phone=&#8220;&#8220; border_radii=&#8220;on|1px|1px|1px|1px&#8220; global_colors_info=&#8220;{}&#8220;][\/et_pb_image][\/et_pb_column][et_pb_column type=&#8220;1_4&#8243; _builder_version=&#8220;4.16&#8243; global_colors_info=&#8220;{}&#8220;][et_pb_text content_tablet=&#8220;<\/p>\n<h4 style=%22text-align: center;%22><span style=%22color: #ffffff;%22>Plein&#8217;R s\u00e0rl &#8211; Robin Dorsaz<\/span><br \/> <span style=%22color: #ffffff;%22> Chemin des Marais-Neufs 31<\/span><br \/> <span style=%22color: #ffffff;%22> 1907 Saxon<\/span><\/h4>\n<h4 style=%22text-align: center;%22><span style=%22color: #ffffff;%22><a href=%22mailto:info@spiruline-valais.ch%22 style=%22color: #ffffff;%22>info@spiruline-valais.ch<\/a><\/span><br \/> <span style=%22color: #ffffff;%22> <a href=%22tel:0041797395317%22 style=%22color: #ffffff;%22>+41 79 739 53 17<\/a><\/span><\/h4>\n<p>&#8220; content_phone=&#8220;<\/p>\n<h4 style=%22text-align: center;%22><span style=%22color: #ffffff;%22>Plein&#8217;R s\u00e0rl &#8211; Robin Dorsaz<\/span><br \/><span style=%22color: #ffffff;%22> Chemin des Marais-Neufs 31<\/span><br \/><span style=%22color: #ffffff;%22> 1907 Saxon<\/span><\/h4>\n<p>&#8220; content_last_edited=&#8220;on|tablet&#8220; _builder_version=&#8220;4.19.1&#8243; text_font=&#8220;Visby cf|300|||||||&#8220; text_text_color=&#8220;#ffffff&#8220; text_font_size=&#8220;15px&#8220; header_text_color=&#8220;#ffffff&#8220; header_4_font=&#8220;Visbyy|600|||||||&#8220; header_4_letter_spacing=&#8220;1px&#8220; background_enable_color=&#8220;off&#8220; custom_margin=&#8220;40px|-20%|40px|-20%|true|false&#8220; custom_margin_tablet=&#8220;0px||40px||false|false&#8220; custom_margin_phone=&#8220;-50px||-40px||false|false&#8220; custom_margin_last_edited=&#8220;on|phone&#8220; custom_padding=&#8220;||0px|||&#8220; header_2_font_size_tablet=&#8220;&#8220; header_2_font_size_phone=&#8220;28px&#8220; header_2_font_size_last_edited=&#8220;on|desktop&#8220; global_colors_info=&#8220;{}&#8220;]<\/p>\n<h4 style=\"text-align: center;\"><span style=\"color: #ffffff;\">Plein&#8217;R s\u00e0rl &#8211; Robin Dorsaz<\/span><br \/><span style=\"color: #ffffff;\"> Chemin des Marais-Neufs 31<\/span><br \/><span style=\"color: #ffffff;\"> 1907 Saxon<\/span><\/h4>\n<p>[\/et_pb_text][\/et_pb_column][et_pb_column type=&#8220;1_4&#8243; _builder_version=&#8220;4.16&#8243; global_colors_info=&#8220;{}&#8220;][et_pb_text content_tablet=&#8220;&#8220; content_phone=&#8220;<\/p>\n<h4 style=%22text-align: center;%22><span style=%22color: #ffffff;%22><a href=%22mailto:info@spiruline-valais.ch%22 style=%22color: #ffffff;%22>info@spiruline-valais.ch<\/a><\/span><br \/> <span style=%22color: #ffffff;%22> <a href=%22tel:0041797395317%22 style=%22color: #ffffff;%22>+41 79 739 53 17<\/a><\/span><\/h4>\n<p>&#8220; content_last_edited=&#8220;on|phone&#8220; disabled_on=&#8220;off|on|off&#8220; _builder_version=&#8220;4.19.1&#8243; text_text_color=&#8220;#ffffff&#8220; text_font_size=&#8220;15px&#8220; header_4_font=&#8220;Visbyy|600|||||||&#8220; header_4_letter_spacing=&#8220;1px&#8220; background_enable_color=&#8220;off&#8220; custom_margin=&#8220;40px||40px||true|false&#8220; custom_margin_tablet=&#8220;0px||0px||true|false&#8220; custom_margin_phone=&#8220;10px||33px||false|false&#8220; custom_margin_last_edited=&#8220;on|phone&#8220; custom_padding=&#8220;||0px|||&#8220; header_2_font_size_tablet=&#8220;&#8220; header_2_font_size_phone=&#8220;28px&#8220; header_2_font_size_last_edited=&#8220;on|desktop&#8220; global_colors_info=&#8220;{}&#8220;]<\/p>\n<h4 style=\"text-align: center;\"><span style=\"color: #ffffff;\"><a href=\"mailto:info@spiruline-valais.ch\" style=\"color: #ffffff;\">info@spiruline-valais.ch<\/a><\/span><br \/><span style=\"color: #ffffff;\"> <a href=\"tel:0041797395317\" style=\"color: #ffffff;\">+41 79 739 53 17<\/a><\/span><\/h4>\n<p>[\/et_pb_text][\/et_pb_column][et_pb_column type=&#8220;1_4&#8243; _builder_version=&#8220;4.19.1&#8243; custom_padding_tablet=&#8220;20px||||false|false&#8220; custom_padding_phone=&#8220;&#8220; custom_padding_last_edited=&#8220;on|phone&#8220; global_colors_info=&#8220;{}&#8220;][et_pb_social_media_follow use_icon_font_size=&#8220;on&#8220; _builder_version=&#8220;4.16&#8243; _module_preset=&#8220;default&#8220; text_orientation=&#8220;center&#8220; custom_margin=&#8220;40px||40px||true|false&#8220; custom_margin_tablet=&#8220;-80px||0px||false|false&#8220; custom_margin_phone=&#8220;-40px||0px||false|false&#8220; custom_margin_last_edited=&#8220;on|phone&#8220; custom_padding=&#8220;||0px|||&#8220; border_radii=&#8220;on|30px|30px|30px|30px&#8220; border_width_all=&#8220;2px&#8220; border_color_all=&#8220;#ffffff&#8220; global_colors_info=&#8220;{}&#8220;][et_pb_social_media_follow_network social_network=&#8220;facebook&#8220; icon_color=&#8220;#ffffff&#8220; use_icon_font_size=&#8220;on&#8220; icon_font_size=&#8220;20px&#8220; _builder_version=&#8220;4.16&#8243; _module_preset=&#8220;default&#8220; background_enable_color=&#8220;off&#8220; global_colors_info=&#8220;{}&#8220; follow_button=&#8220;off&#8220; url_new_window=&#8220;on&#8220;]facebook[\/et_pb_social_media_follow_network][et_pb_social_media_follow_network social_network=&#8220;instagram&#8220; url=&#8220;https:\/\/www.instagram.com\/spiruline_valais\/&#8220; icon_color=&#8220;#ffffff&#8220; use_icon_font_size=&#8220;on&#8220; icon_font_size=&#8220;20px&#8220; _builder_version=&#8220;4.16&#8243; _module_preset=&#8220;default&#8220; background_enable_color=&#8220;off&#8220; global_colors_info=&#8220;{}&#8220; follow_button=&#8220;off&#8220; url_new_window=&#8220;on&#8220;]instagram[\/et_pb_social_media_follow_network][\/et_pb_social_media_follow][\/et_pb_column][\/et_pb_row][\/et_pb_section]<\/p>\n","protected":false},"excerpt":{"rendered":"<p>M\u00e9diasLa r\u00e9volution des algues | RTS\u00a0 D\u00e9couverte des bienfaits de la spiruline | RTS\u00a0 Un super aliment en bassin | Haute \u00e9cole des sciences agronomiques, foresti\u00e8res et alimentaires HAFL Robin Dorsaz, Artisan Spirulinier | Journal de Fully Robin Dorsaz, Miser sur l&#8217;innovation Pique Assiette | RTS (d\u00e8s 8&#8217;55)Plein&#8217;R s\u00e0rl &#8211; Robin Dorsaz Chemin des Marais-Neufs [&hellip;]<\/p>\n","protected":false},"author":1,"featured_media":0,"parent":0,"menu_order":0,"comment_status":"closed","ping_status":"closed","template":"","meta":{"_et_pb_use_builder":"on","_et_pb_old_content":"","_et_gb_content_width":"","footnotes":""},"class_list":["post-40183","page","type-page","status-publish","hentry"],"_links":{"self":[{"href":"https:\/\/spiruline-valais.ch\/de\/wp-json\/wp\/v2\/pages\/40183","targetHints":{"allow":["GET"]}}],"collection":[{"href":"https:\/\/spiruline-valais.ch\/de\/wp-json\/wp\/v2\/pages"}],"about":[{"href":"https:\/\/spiruline-valais.ch\/de\/wp-json\/wp\/v2\/types\/page"}],"author":[{"embeddable":true,"href":"https:\/\/spiruline-valais.ch\/de\/wp-json\/wp\/v2\/users\/1"}],"replies":[{"embeddable":true,"href":"https:\/\/spiruline-valais.ch\/de\/wp-json\/wp\/v2\/comments?post=40183"}],"version-history":[{"count":17,"href":"https:\/\/spiruline-valais.ch\/de\/wp-json\/wp\/v2\/pages\/40183\/revisions"}],"predecessor-version":[{"id":43511,"href":"https:\/\/spiruline-valais.ch\/de\/wp-json\/wp\/v2\/pages\/40183\/revisions\/43511"}],"wp:attachment":[{"href":"https:\/\/spiruline-valais.ch\/de\/wp-json\/wp\/v2\/media?parent=40183"}],"curies":[{"name":"wp","href":"https:\/\/api.w.org\/{rel}","templated":true}]}}