{"id":31544,"date":"2020-11-03T08:14:19","date_gmt":"2020-11-03T07:14:19","guid":{"rendered":"https:\/\/9a1cfabmwk.preview.infomaniak.website\/ueber-spirulina\/"},"modified":"2024-04-15T21:19:33","modified_gmt":"2024-04-15T19:19:33","slug":"uber-spirulina","status":"publish","type":"page","link":"https:\/\/spiruline-valais.ch\/de\/uber-spirulina\/","title":{"rendered":"\u00dcber Spirulina"},"content":{"rendered":"<p>[et_pb_section fb_built=&#8220;1&#8243; _builder_version=&#8220;4.19.1&#8243; background_enable_image=&#8220;off&#8220; custom_margin=&#8220;0px||||false|false&#8220; custom_padding=&#8220;50px||50px||true|false&#8220; global_colors_info=&#8220;{}&#8220; custom_margin_tablet=&#8220;-20px||||false|false&#8220; custom_margin_phone=&#8220;-40px||||false|false&#8220; custom_margin_last_edited=&#8220;on|phone&#8220;][et_pb_row _builder_version=&#8220;4.16&#8243; width_tablet=&#8220;&#8220; width_phone=&#8220;90%&#8220; width_last_edited=&#8220;on|phone&#8220; global_colors_info=&#8220;{}&#8220;][et_pb_column type=&#8220;4_4&#8243; _builder_version=&#8220;4.16&#8243; custom_padding=&#8220;|||&#8220; global_colors_info=&#8220;{}&#8220; custom_padding__hover=&#8220;|||&#8220;][et_pb_text _builder_version=&#8220;4.16&#8243; text_font=&#8220;||||||||&#8220; text_text_color=&#8220;#000000&#8243; header_font=&#8220;||||||||&#8220; header_2_font=&#8220;Frank Ruhl Libre||||||||&#8220; header_2_font_size=&#8220;48px&#8220; text_orientation=&#8220;center&#8220; background_layout=&#8220;dark&#8220; header_2_font_size_tablet=&#8220;&#8220; header_2_font_size_phone=&#8220;28px&#8220; header_2_font_size_last_edited=&#8220;on|desktop&#8220; locked=&#8220;off&#8220; global_colors_info=&#8220;{}&#8220;]<\/p>\n<h1><span style=\"color: #14967f;\"><b>\u00dcber<\/b><\/span><\/h1>\n<p>[\/et_pb_text][et_pb_divider color=&#8220;#000000&#8243; divider_weight=&#8220;5px&#8220; _builder_version=&#8220;4.16&#8243; max_width=&#8220;80px&#8220; module_alignment=&#8220;center&#8220; custom_margin=&#8220;-26px||||false|false&#8220; locked=&#8220;off&#8220; global_colors_info=&#8220;{}&#8220;][\/et_pb_divider][\/et_pb_column][\/et_pb_row][et_pb_row column_structure=&#8220;1_2,1_2&#8243; _builder_version=&#8220;4.19.1&#8243; _module_preset=&#8220;default&#8220; width_tablet=&#8220;&#8220; width_phone=&#8220;90%&#8220; width_last_edited=&#8220;on|phone&#8220; custom_margin=&#8220;0px||||false|false&#8220; custom_padding=&#8220;0px|||||&#8220; global_colors_info=&#8220;{}&#8220;][et_pb_column type=&#8220;1_2&#8243; _builder_version=&#8220;4.16&#8243; _module_preset=&#8220;default&#8220; global_colors_info=&#8220;{}&#8220;][et_pb_text content_tablet=&#8220;<\/p>\n<p>Wir von Spiruline-Valais wollen sie mit unserem Spirulina, welches Immunit\u00e4t, Gesundheit und Wohlbefinden beinhaltet, in einem harmonischen Leben begleiten.\u00a0<\/p>\n<p>Unser Wunsch ist, dass sie das Super-Lebensmittel Spirulina entdecken, das sich seit 3.5 Milliarden Jahren in der Natur findet.<\/p>\n<p>Wir wollen ein nat\u00fcrliches Produkt in einer sorgsam kontrollierten Umgebung kultivieren, ohne Kontaminierung und Pestizide. Dank einer umweltgerechten und dem Wachstumszyklus entsprechenden Produktionsmethode k\u00f6nnen wir ihnen ein Spirulina mit hochwertigen N\u00e4hrstoffen anbieten.<\/p>\n<p>&#8220; content_phone=&#8220;<\/p>\n<p style=%22text-align: left;%22><span>Wir von Spiruline-Valais wollen sie mit unserem Spirulina, welches Immunit\u00e4t, Gesundheit und Wohlbefinden beinhaltet, in einem harmonischen Leben begleiten.\u00a0<\/span><\/p>\n<p style=%22text-align: left;%22><span>Unser Wunsch ist, dass sie das Super-Lebensmittel Spirulina entdecken, das sich seit 3.5 Milliarden Jahren in der Natur findet.<\/p>\n<p>Wir wollen ein nat\u00fcrliches Produkt in einer sorgsam kontrollierten Umgebung kultivieren, ohne Kontaminierung und Pestizide. Dank einer umweltgerechten und dem Wachstumszyklus entsprechenden Produktionsmethode k\u00f6nnen wir ihnen ein Spirulina mit hochwertigen N\u00e4hrstoffen anbieten.<\/p>\n<p>&#8220; content_last_edited=&#8220;on|tablet&#8220; _builder_version=&#8220;4.19.1&#8243; _module_preset=&#8220;default&#8220; text_font=&#8220;||||||||&#8220; text_font_size=&#8220;17px&#8220; custom_padding=&#8220;|0px||0px|false|false&#8220; text_orientation_tablet=&#8220;&#8220; text_orientation_phone=&#8220;&#8220; text_orientation_last_edited=&#8220;on|phone&#8220; global_colors_info=&#8220;{}&#8220;]<\/p>\n<p>Wir von Spiruline-Valais wollen sie mit unserem Spirulina, welches Immunit\u00e4t, Gesundheit und Wohlbefinden beinhaltet, in einem harmonischen Leben begleiten.\u00a0<\/p>\n<p>Unser Wunsch ist, dass sie das Super-Lebensmittel Spirulina entdecken, das sich seit 3.5 Milliarden Jahren in der Natur findet.<\/p>\n<p>Wir wollen ein nat\u00fcrliches Produkt in einer sorgsam kontrollierten Umgebung kultivieren, ohne Kontaminierung und Pestizide. Dank einer umweltgerechten und dem Wachstumszyklus entsprechenden Produktionsmethode k\u00f6nnen wir ihnen ein Spirulina mit hochwertigen N\u00e4hrstoffen anbieten.<\/p>\n<p>[\/et_pb_text][\/et_pb_column][et_pb_column type=&#8220;1_2&#8243; _builder_version=&#8220;4.16&#8243; _module_preset=&#8220;default&#8220; global_colors_info=&#8220;{}&#8220;][et_pb_image src=&#8220;https:\/\/spiruline-valais.ch\/wp-content\/uploads\/2020\/10\/production-spiruline-serre.jpg&#8220; alt=&#8220; produktion-spirulina-gew\u00e4chshaus&#8220; title_text=&#8220; produktion-spirulina-gew\u00e4chshaus&#8220; src_tablet=&#8220;&#8220; src_phone=&#8220;https:\/\/spiruline-valais.ch\/wp-content\/uploads\/2020\/10\/production-spiruline-serre.jpg&#8220; src_last_edited=&#8220;on|phone&#8220; _builder_version=&#8220;4.16&#8243; _module_preset=&#8220;default&#8220; global_colors_info=&#8220;{}&#8220;][\/et_pb_image][\/et_pb_column][\/et_pb_row][\/et_pb_section][et_pb_section fb_built=&#8220;1&#8243; _builder_version=&#8220;4.16&#8243; background_color=&#8220;#14967f&#8220; global_colors_info=&#8220;{}&#8220;][et_pb_row _builder_version=&#8220;4.16&#8243; global_colors_info=&#8220;{}&#8220;][et_pb_column type=&#8220;4_4&#8243; _builder_version=&#8220;4.16&#8243; global_colors_info=&#8220;{}&#8220;][et_pb_text content_tablet=&#8220;<\/p>\n<h2 style=%22text-align: center;%22><strong> \u00ab Ihre Gesundheit ist unsere Priorit\u00e4t, also<\/span><br \/><span style=%22color: #ffffff;%22> machen Sie Spirulina zu Ihrer Verb\u00fcndeten.\u00a0\u00bb<\/strong><\/h2>\n<p style=%22text-align: center;%22><em>Spiruline-Valais<\/em><\/p>\n<p>&#8220; content_phone=&#8220;<\/p>\n<h2 style=%22text-align: center;%22><strong> \u00ab Ihre Gesundheit ist unsere Priorit\u00e4t, also<\/span><br \/><span style=%22color: #ffffff;%22> machen Sie Spirulina zu Ihrer Verb\u00fcndeten.\u00a0\u00bb<\/strong><\/h2>\n<p style=%22text-align: center;%22><em>Spiruline-Valais<\/em><\/p>\n<p>&#8220; content_last_edited=&#8220;on|phone&#8220; _builder_version=&#8220;4.16&#8243; text_font=&#8220;Visby CF||||||||&#8220; text_text_color=&#8220;#ffffff&#8220; header_text_color=&#8220;#ffffff&#8220; header_font_size=&#8220;35px&#8220; header_2_font_size_phone=&#8220;24px&#8220; global_colors_info=&#8220;{}&#8220;]<\/p>\n<h2 style=\"text-align: center;\"><strong>\u00a0<span style=\"color: #ffffff;\">\u00ab Ihre Gesundheit ist unsere Priorit\u00e4t, also<\/span><br \/><span style=\"color: #ffffff;\"> machen Sie Spirulina zu Ihrer Verb\u00fcndeten.\u00a0\u00bb<\/span><\/strong><\/h2>\n<p style=\"text-align: center;\"><em>Spiruline-Valais<\/em><\/p>\n<p>[\/et_pb_text][\/et_pb_column][\/et_pb_row][\/et_pb_section][et_pb_section fb_built=&#8220;1&#8243; _builder_version=&#8220;4.16&#8243; _module_preset=&#8220;default&#8220; custom_padding=&#8220;80px||80px||true|false&#8220; global_colors_info=&#8220;{}&#8220;][et_pb_row _builder_version=&#8220;4.16&#8243; custom_margin=&#8220;0px|auto||auto|false|false&#8220; custom_padding=&#8220;0px||||false|false&#8220; global_colors_info=&#8220;{}&#8220;][et_pb_column type=&#8220;4_4&#8243; _builder_version=&#8220;4.16&#8243; custom_padding=&#8220;|||&#8220; global_colors_info=&#8220;{}&#8220; custom_padding__hover=&#8220;|||&#8220;][et_pb_text _builder_version=&#8220;4.16&#8243; text_font=&#8220;||||||||&#8220; text_text_color=&#8220;#000000&#8243; header_font=&#8220;||||||||&#8220; header_2_font_size=&#8220;40px&#8220; text_orientation=&#8220;center&#8220; background_layout=&#8220;dark&#8220; header_2_font_size_tablet=&#8220;&#8220; header_2_font_size_phone=&#8220;28px&#8220; header_2_font_size_last_edited=&#8220;on|desktop&#8220; locked=&#8220;off&#8220; global_colors_info=&#8220;{}&#8220;]<\/p>\n<h2><span style=\"color: #14967f;\"><b>Meine Herkunft<\/b><\/span><\/h2>\n<p>[\/et_pb_text][et_pb_divider color=&#8220;#000000&#8243; divider_weight=&#8220;5px&#8220; _builder_version=&#8220;4.16&#8243; max_width=&#8220;80px&#8220; module_alignment=&#8220;center&#8220; custom_margin=&#8220;-26px||||false|false&#8220; locked=&#8220;off&#8220; global_colors_info=&#8220;{}&#8220;][\/et_pb_divider][\/et_pb_column][\/et_pb_row][et_pb_row column_structure=&#8220;3_5,2_5&#8243; _builder_version=&#8220;4.16&#8243; width_tablet=&#8220;&#8220; width_phone=&#8220;90%&#8220; width_last_edited=&#8220;on|phone&#8220; custom_margin_tablet=&#8220;&#8220; custom_margin_phone=&#8220;-40px||||false|false&#8220; custom_margin_last_edited=&#8220;on|phone&#8220; custom_padding=&#8220;0px||0px||false|false&#8220; global_colors_info=&#8220;{}&#8220;][et_pb_column type=&#8220;3_5&#8243; _builder_version=&#8220;4.16&#8243; global_colors_info=&#8220;{}&#8220;][et_pb_text content_tablet=&#8220;<\/p>\n<h4><strong>Sportler und Biologe<\/strong><\/h4>\n<p>Die Biologie und der Sport sind zwei Biowissenschaftsbereiche, die mich faszinieren. W\u00e4hrend meiner Studienzeit in Sportwissenschaft und Biologie an der Universit\u00e4t Fribourg CH konnte ich mich zahlreichen Aspekten der Physiologie des menschlichen K\u00f6rpers n\u00e4hern. Ich empfang die Anpassung unseres Stoffwechsels an einen k\u00f6rperlichen Kraftaufwand als faszinierend. Die Wichtigkeit einer guten Ern\u00e4hrung sowie die Effekte von verschiedenen Lebensmittel auf unseren K\u00f6rper sind Kapitel, die in den meisten Vorlesungen vorkamen. In diesem sportlichen Umfeld, genauer im Kontakt mit professionellen Spitzensportlern, habe ich zum ersten Mal Spirulina entdeckt.<\/p>\n<p>Abstammend aus einer Familie, die im Agrarbereich t\u00e4tig ist, habe ich danach angewandte Wissenschaften an der Hochschule f\u00fcr Agrarwissenschaften in Bern studiert. Ich wollte Forschung im Bereich der Agarkulturen betreiben. Neben agronomischen Forschungs-Versuchen f\u00fcr die Produktion von Kartoffeln war der H\u00f6hepunkt der Kurs f\u00fcr Ern\u00e4hrung mit \u00abSuper-Lebensmittel\u00bb. Nach diesem Kursus war ich \u00fcberzeugt: \u00abDas Spirulina ist die Zukunft!\u00bb. Ich habe dann begleitend eine Ausbildung bei der Vereinigung der Spirulina-Produzenten in Frankreich absolviert. So konnte ich mir das Wissen und die Erfahrung f\u00fcr die Spirulina-Produktion aneignen.<\/p>\n<p>Nach meiner R\u00fcckkehr 2018 ins Familienunternehmen im Wallis, konnte ich mit Hilfe meines Vaters eine Spirulina-Produktion in Saxon aufbauen. Ich habe dabei auch von einer grossen Unterst\u00fctzung vom Centre de recherche en agriculture Agroscope in Conthey VS. So wurde das Projekt SPIRULINE-VALAIS geboren.<\/p>\n<p>Die regelm\u00e4ssige Konsumation von Spirulina war auch f\u00fcr mich pers\u00f6nlich von grossem Vorteil. Es erm\u00f6glicht mir im Alltag ein gutes Gleichgewicht der Gesundheit zu bewahren und vor allem besser vorbereitet zu sein f\u00fcr die Anforderungen unserer herausfordernden Arbeitsbedingungen.<\/p>\n<p><strong>Ich hoffe, dass mein Spirulina sie, wie auch mich, in ein Leben voller Energie und Harmonie begleitet.<\/strong><\/p>\n<p>Robin Dorsaz<\/p>\n<p>&nbsp;<\/p>\n<p>&#8220; content_phone=&#8220;<\/p>\n<h4><strong>Sportler und Biologe<\/strong><\/h4>\n<p>Die Biologie und der Sport sind zwei Biowissenschaftsbereiche, die mich faszinieren. W\u00e4hrend meiner Studienzeit in Sportwissenschaft und Biologie an der Universit\u00e4t Fribourg CH konnte ich mich zahlreichen Aspekten der Physiologie des menschlichen K\u00f6rpers n\u00e4hern. Ich empfang die Anpassung unseres Stoffwechsels an einen k\u00f6rperlichen Kraftaufwand als faszinierend. Die Wichtigkeit einer guten Ern\u00e4hrung sowie die Effekte von verschiedenen Lebensmittel auf unseren K\u00f6rper sind Kapitel, die in den meisten Vorlesungen vorkamen. In diesem sportlichen Umfeld, genauer im Kontakt mit professionellen Spitzensportlern, habe ich zum ersten Mal Spirulina entdeckt.<\/p>\n<p>Abstammend aus einer Familie, die im Agrarbereich t\u00e4tig ist, habe ich danach angewandte Wissenschaften an der Hochschule f\u00fcr Agrarwissenschaften in Bern studiert. Ich wollte Forschung im Bereich der Agarkulturen betreiben. Neben agronomischen Forschungs-Versuchen f\u00fcr die Produktion von Kartoffeln war der H\u00f6hepunkt der Kurs f\u00fcr Ern\u00e4hrung mit \u00abSuper-Lebensmittel\u00bb. Nach diesem Kursus war ich \u00fcberzeugt: \u00abDas Spirulina ist die Zukunft!\u00bb. Ich habe dann begleitend eine Ausbildung bei der Vereinigung der Spirulina-Produzenten in Frankreich absolviert. So konnte ich mir das Wissen und die Erfahrung f\u00fcr die Spirulina-Produktion aneignen.<\/p>\n<p>Nach meiner R\u00fcckkehr 2018 ins Familienunternehmen im Wallis, konnte ich mit Hilfe meines Vaters eine Spirulina-Produktion in Saxon aufbauen. Ich habe dabei auch von einer grossen Unterst\u00fctzung vom Centre de recherche en agriculture Agroscope in Conthey VS. So wurde das Projekt SPIRULINE-VALAIS geboren.<\/p>\n<p>Die regelm\u00e4ssige Konsumation von Spirulina war auch f\u00fcr mich pers\u00f6nlich von grossem Vorteil. Es erm\u00f6glicht mir im Alltag ein gutes Gleichgewicht der Gesundheit zu bewahren und vor allem besser vorbereitet zu sein f\u00fcr die Anforderungen unserer herausfordernden Arbeitsbedingungen.<\/p>\n<p><strong>Ich hoffe, dass mein Spirulina sie, wie auch mich, in ein Leben voller Energie und Harmonie begleitet.<\/strong><\/p>\n<p>Robin Dorsaz<\/p>\n<p>&nbsp;<\/p>\n<p>&#8220; content_last_edited=&#8220;on|tablet&#8220; _builder_version=&#8220;4.16&#8243; text_font=&#8220;Visby CF||||||||&#8220; text_text_color=&#8220;#7a7a7a&#8220; custom_padding=&#8220;|0px||0px|false|false&#8220; global_colors_info=&#8220;{}&#8220;]<\/p>\n<h4><strong>Sportler und Biologe<\/strong><\/h4>\n<p>Die Biologie und der Sport sind zwei Biowissenschaftsbereiche, die mich faszinieren. W\u00e4hrend meiner Studienzeit in Sportwissenschaft und Biologie an der Universit\u00e4t Fribourg CH konnte ich mich zahlreichen Aspekten der Physiologie des menschlichen K\u00f6rpers n\u00e4hern. Ich empfang die Anpassung unseres Stoffwechsels an einen k\u00f6rperlichen Kraftaufwand als faszinierend. Die Wichtigkeit einer guten Ern\u00e4hrung sowie die Effekte von verschiedenen Lebensmittel auf unseren K\u00f6rper sind Kapitel, die in den meisten Vorlesungen vorkamen. In diesem sportlichen Umfeld, genauer im Kontakt mit professionellen Spitzensportlern, habe ich zum ersten Mal Spirulina entdeckt.<\/p>\n<p>Abstammend aus einer Familie, die im Agrarbereich t\u00e4tig ist, habe ich danach angewandte Wissenschaften an der Hochschule f\u00fcr Agrarwissenschaften in Bern studiert. Ich wollte Forschung im Bereich der Agarkulturen betreiben. Neben agronomischen Forschungs-Versuchen f\u00fcr die Produktion von Kartoffeln war der H\u00f6hepunkt der Kurs f\u00fcr Ern\u00e4hrung mit \u00abSuper-Lebensmittel\u00bb. Nach diesem Kursus war ich \u00fcberzeugt: \u00abDas Spirulina ist die Zukunft!\u00bb. Ich habe dann begleitend eine Ausbildung bei der Vereinigung der Spirulina-Produzenten in Frankreich absolviert. So konnte ich mir das Wissen und die Erfahrung f\u00fcr die Spirulina-Produktion aneignen.<\/p>\n<p>Nach meiner R\u00fcckkehr 2018 ins Familienunternehmen im Wallis, konnte ich mit Hilfe meines Vaters eine Spirulina-Produktion in Saxon aufbauen. Ich habe dabei auch von einer grossen Unterst\u00fctzung vom Centre de recherche en agriculture Agroscope in Conthey VS. So wurde das Projekt SPIRULINE-VALAIS geboren.<\/p>\n<p>Die regelm\u00e4ssige Konsumation von Spirulina war auch f\u00fcr mich pers\u00f6nlich von grossem Vorteil. Es erm\u00f6glicht mir im Alltag ein gutes Gleichgewicht der Gesundheit zu bewahren und vor allem besser vorbereitet zu sein f\u00fcr die Anforderungen unserer herausfordernden Arbeitsbedingungen.<\/p>\n<p><strong>Ich hoffe, dass mein Spirulina sie, wie auch mich, in ein Leben voller Energie und Harmonie begleitet.<\/strong><\/p>\n<p>Robin Dorsaz<\/p>\n<p>&nbsp;<\/p>\n<p>[\/et_pb_text][\/et_pb_column][et_pb_column type=&#8220;2_5&#8243; _builder_version=&#8220;4.16&#8243; global_colors_info=&#8220;{}&#8220;][et_pb_image src=&#8220;https:\/\/spiruline-valais.ch\/wp-content\/uploads\/2020\/09\/spiruline-Robin_web_jeremie_carron.jpg&#8220; alt=&#8220;spiruline-robin-dorsaz-producteur&#8220; title_text=&#8220;spiruline-robin-dorsaz-producteur&#8220; _builder_version=&#8220;4.16&#8243; _module_preset=&#8220;default&#8220; custom_padding=&#8220;||||false|false&#8220; custom_padding_tablet=&#8220;&#8220; custom_padding_phone=&#8220;||40px||false|false&#8220; custom_padding_last_edited=&#8220;on|phone&#8220; global_colors_info=&#8220;{}&#8220;][\/et_pb_image][\/et_pb_column][\/et_pb_row][\/et_pb_section][et_pb_section fb_built=&#8220;1&#8243; custom_padding_last_edited=&#8220;on|phone&#8220; admin_label=&#8220;Section&#8220; _builder_version=&#8220;4.6.1&#8243; background_color=&#8220;#8cd7c5&#8243; custom_margin=&#8220;0px||||false|false&#8220; custom_padding=&#8220;62px||0px|||&#8220; custom_padding_tablet=&#8220;&#8220; custom_padding_phone=&#8220;10px||50px||false|false&#8220; global_module=&#8220;30359&#8243; saved_tabs=&#8220;all&#8220; global_colors_info=&#8220;{}&#8220;][et_pb_row column_structure=&#8220;1_4,1_4,1_4,1_4&#8243; _builder_version=&#8220;4.19.1&#8243; width_tablet=&#8220;&#8220; width_phone=&#8220;90%&#8220; width_last_edited=&#8220;on|phone&#8220; custom_margin=&#8220;-20px||||false|false&#8220; custom_padding=&#8220;0px|||||&#8220; global_colors_info=&#8220;{}&#8220;][et_pb_column type=&#8220;1_4&#8243; _builder_version=&#8220;4.16&#8243; custom_padding=&#8220;0px||||false|false&#8220; global_colors_info=&#8220;{}&#8220;][et_pb_image src=&#8220;https:\/\/spiruline-valais.ch\/wp-content\/uploads\/2020\/08\/logo-blanc.png&#8220; alt=&#8220;logo-spiruline-blanc&#8220; title_text=&#8220;logo-spiruline-blanc&#8220; align_tablet=&#8220;&#8220; align_phone=&#8220;center&#8220; align_last_edited=&#8220;on|phone&#8220; _builder_version=&#8220;4.19.1&#8243; transform_scale_tablet=&#8220;&#8220; transform_scale_phone=&#8220;50%|50%&#8220; transform_scale_last_edited=&#8220;on|phone&#8220; transform_translate_tablet=&#8220;&#8220; transform_translate_phone=&#8220;&#8220; transform_translate_last_edited=&#8220;on|phone&#8220; transform_rotate_tablet=&#8220;&#8220; transform_rotate_phone=&#8220;&#8220; transform_rotate_last_edited=&#8220;on|phone&#8220; transform_skew_tablet=&#8220;&#8220; transform_skew_phone=&#8220;&#8220; transform_skew_last_edited=&#8220;on|phone&#8220; transform_origin_tablet=&#8220;&#8220; transform_origin_phone=&#8220;&#8220; transform_origin_last_edited=&#8220;on|phone&#8220; transform_styles_last_edited=&#8220;on|phone&#8220; custom_margin=&#8220;30px||||false|false&#8220; custom_margin_tablet=&#8220;50px||||false|false&#8220; custom_margin_phone=&#8220;0px||||false|false&#8220; custom_margin_last_edited=&#8220;on|phone&#8220; custom_padding=&#8220;0px|120px||60px|false|false&#8220; custom_padding_tablet=&#8220;&#8220; custom_padding_phone=&#8220;0px|60px||60px|false|false&#8220; custom_padding_last_edited=&#8220;on|phone&#8220; transform_styles_tablet=&#8220;&#8220; transform_styles_phone=&#8220;&#8220; border_radii=&#8220;on|1px|1px|1px|1px&#8220; global_colors_info=&#8220;{}&#8220;][\/et_pb_image][\/et_pb_column][et_pb_column type=&#8220;1_4&#8243; _builder_version=&#8220;4.16&#8243; global_colors_info=&#8220;{}&#8220;][et_pb_text content_tablet=&#8220;<\/p>\n<h4 style=%22text-align: center;%22><span style=%22color: #ffffff;%22>Plein&apos;R s\u00e0rl &#8211; Robin Dorsaz<\/span><br \/> <span style=%22color: #ffffff;%22> Chemin des Marais-Neufs 31<\/span><br \/> <span style=%22color: #ffffff;%22> 1907 Saxon<\/span><\/h4>\n<h4 style=%22text-align: center;%22><span style=%22color: #ffffff;%22><a href=%22mailto:info@spiruline-valais.ch%22 style=%22color: #ffffff;%22>info@spiruline-valais.ch<\/a><\/span><br \/> <span style=%22color: #ffffff;%22> <a href=%22tel:0041797395317%22 style=%22color: #ffffff;%22>+41 79 739 53 17<\/a><\/span><\/h4>\n<p>&#8220; content_phone=&#8220;<\/p>\n<h4 style=%22text-align: center;%22><span style=%22color: #ffffff;%22>Plein&apos;R s\u00e0rl &#8211; Robin Dorsaz<\/span><br \/><span style=%22color: #ffffff;%22> Chemin des Marais-Neufs 31<\/span><br \/><span style=%22color: #ffffff;%22> 1907 Saxon<\/span><\/h4>\n<p>&#8220; content_last_edited=&#8220;on|tablet&#8220; _builder_version=&#8220;4.19.1&#8243; text_font=&#8220;Visby cf|300|||||||&#8220; text_text_color=&#8220;#ffffff&#8220; text_font_size=&#8220;15px&#8220; header_text_color=&#8220;#ffffff&#8220; header_4_font=&#8220;Visbyy|600|||||||&#8220; header_4_letter_spacing=&#8220;1px&#8220; background_enable_color=&#8220;off&#8220; custom_margin=&#8220;40px|-20%|40px|-20%|true|false&#8220; custom_margin_tablet=&#8220;0px||40px||false|false&#8220; custom_margin_phone=&#8220;-50px||-40px||false|false&#8220; custom_margin_last_edited=&#8220;on|phone&#8220; custom_padding=&#8220;||0px|||&#8220; header_2_font_size_tablet=&#8220;&#8220; header_2_font_size_phone=&#8220;28px&#8220; header_2_font_size_last_edited=&#8220;on|desktop&#8220; global_colors_info=&#8220;{}&#8220;]<\/p>\n<h4 style=\"text-align: center;\" data-mce-style=\"text-align: center;\"><span style=\"color: #ffffff;\" data-mce-style=\"color: #ffffff;\">Plein&#8217;R s\u00e0rl &#8211; Robin Dorsaz<\/span><br \/><span style=\"color: #ffffff;\" data-mce-style=\"color: #ffffff;\"> Chemin des Marais-Neufs 31<\/span><br \/><span style=\"color: #ffffff;\" data-mce-style=\"color: #ffffff;\"> 1907 Saxon<\/span><\/h4>\n<p>[\/et_pb_text][\/et_pb_column][et_pb_column type=&#8220;1_4&#8243; _builder_version=&#8220;4.16&#8243; global_colors_info=&#8220;{}&#8220;][et_pb_text content_tablet=&#8220;&#8220; content_phone=&#8220;<\/p>\n<h4 style=%22text-align: center;%22><span style=%22color: #ffffff;%22><a href=%22mailto:info@spiruline-valais.ch%22 style=%22color: #ffffff;%22>info@spiruline-valais.ch<\/a><\/span><br \/> <span style=%22color: #ffffff;%22> <a href=%22tel:0041797395317%22 style=%22color: #ffffff;%22>+41 79 739 53 17<\/a><\/span><\/h4>\n<p>&#8220; content_last_edited=&#8220;on|phone&#8220; disabled_on=&#8220;off|on|off&#8220; _builder_version=&#8220;4.19.1&#8243; text_text_color=&#8220;#ffffff&#8220; text_font_size=&#8220;15px&#8220; header_4_font=&#8220;Visbyy|600|||||||&#8220; header_4_letter_spacing=&#8220;1px&#8220; background_enable_color=&#8220;off&#8220; custom_margin=&#8220;40px||40px||true|false&#8220; custom_margin_tablet=&#8220;0px||0px||true|false&#8220; custom_margin_phone=&#8220;10px||33px||false|false&#8220; custom_margin_last_edited=&#8220;on|phone&#8220; custom_padding=&#8220;||0px|||&#8220; header_2_font_size_tablet=&#8220;&#8220; header_2_font_size_phone=&#8220;28px&#8220; header_2_font_size_last_edited=&#8220;on|desktop&#8220; global_colors_info=&#8220;{}&#8220;]<\/p>\n<h4 style=\"text-align: center;\"><span style=\"color: #ffffff;\"><a style=\"color: #ffffff;\" href=\"mailto:info@spiruline-valais.ch\">info@spiruline-valais.ch<\/a><\/span><br \/><span style=\"color: #ffffff;\"> <a style=\"color: #ffffff;\" href=\"tel:0041797395317\">+41 79 739 53 17<\/a><\/span><\/h4>\n<p>[\/et_pb_text][\/et_pb_column][et_pb_column type=&#8220;1_4&#8243; _builder_version=&#8220;4.19.1&#8243; custom_padding_tablet=&#8220;20px||||false|false&#8220; custom_padding_phone=&#8220;&#8220; custom_padding_last_edited=&#8220;on|phone&#8220; global_colors_info=&#8220;{}&#8220;]<\/p>\n<p>[et_pb_social_media_follow use_icon_font_size=&#8220;on&#8220; _builder_version=&#8220;4.6.6&#8243; _module_preset=&#8220;default&#8220; text_orientation=&#8220;center&#8220; custom_margin=&#8220;40px||40px||true|false&#8220; custom_margin_tablet=&#8220;-80px||0px||false|false&#8220; custom_margin_phone=&#8220;-40px||0px||false|false&#8220; custom_margin_last_edited=&#8220;on|phone&#8220; custom_padding=&#8220;||0px|||&#8220; border_radii=&#8220;on|30px|30px|30px|30px&#8220; border_width_all=&#8220;2px&#8220; border_color_all=&#8220;#ffffff&#8220;][et_pb_social_media_follow_network social_network=&#8220;facebook&#8220; icon_color=&#8220;#ffffff&#8220; use_icon_font_size=&#8220;on&#8220; icon_font_size=&#8220;20px&#8220; _builder_version=&#8220;4.6.1&#8243; _module_preset=&#8220;default&#8220; background_enable_color=&#8220;off&#8220; follow_button=&#8220;off&#8220; url_new_window=&#8220;on&#8220;]facebook[\/et_pb_social_media_follow_network][et_pb_social_media_follow_network social_network=&#8220;instagram&#8220; url=&#8220;https:\/\/www.instagram.com\/spiruline_valais\/&#8220; icon_color=&#8220;#ffffff&#8220; use_icon_font_size=&#8220;on&#8220; icon_font_size=&#8220;20px&#8220; _builder_version=&#8220;4.6.1&#8243; _module_preset=&#8220;default&#8220; background_enable_color=&#8220;off&#8220; follow_button=&#8220;off&#8220; url_new_window=&#8220;on&#8220;]instagram[\/et_pb_social_media_follow_network][\/et_pb_social_media_follow]<\/p>\n<p>[\/et_pb_column][\/et_pb_row][\/et_pb_section]<\/p>\n","protected":false},"excerpt":{"rendered":"<p>\u00dcberWir von Spiruline-Valais wollen sie mit unserem Spirulina, welches Immunit\u00e4t, Gesundheit und Wohlbefinden beinhaltet, in einem harmonischen Leben begleiten.\u00a0Unser Wunsch ist, dass sie das Super-Lebensmittel Spirulina entdecken, das sich seit 3.5 Milliarden Jahren in der Natur findet.Wir wollen ein nat\u00fcrliches Produkt in einer sorgsam kontrollierten Umgebung kultivieren, ohne Kontaminierung und Pestizide. Dank einer umweltgerechten und [&hellip;]<\/p>\n","protected":false},"author":1,"featured_media":0,"parent":0,"menu_order":0,"comment_status":"closed","ping_status":"closed","template":"","meta":{"_et_pb_use_builder":"on","_et_pb_old_content":"","_et_gb_content_width":"","footnotes":""},"class_list":["post-31544","page","type-page","status-publish","hentry"],"_links":{"self":[{"href":"https:\/\/spiruline-valais.ch\/de\/wp-json\/wp\/v2\/pages\/31544","targetHints":{"allow":["GET"]}}],"collection":[{"href":"https:\/\/spiruline-valais.ch\/de\/wp-json\/wp\/v2\/pages"}],"about":[{"href":"https:\/\/spiruline-valais.ch\/de\/wp-json\/wp\/v2\/types\/page"}],"author":[{"embeddable":true,"href":"https:\/\/spiruline-valais.ch\/de\/wp-json\/wp\/v2\/users\/1"}],"replies":[{"embeddable":true,"href":"https:\/\/spiruline-valais.ch\/de\/wp-json\/wp\/v2\/comments?post=31544"}],"version-history":[{"count":33,"href":"https:\/\/spiruline-valais.ch\/de\/wp-json\/wp\/v2\/pages\/31544\/revisions"}],"predecessor-version":[{"id":43245,"href":"https:\/\/spiruline-valais.ch\/de\/wp-json\/wp\/v2\/pages\/31544\/revisions\/43245"}],"wp:attachment":[{"href":"https:\/\/spiruline-valais.ch\/de\/wp-json\/wp\/v2\/media?parent=31544"}],"curies":[{"name":"wp","href":"https:\/\/api.w.org\/{rel}","templated":true}]}}