{"id":31441,"date":"2020-11-02T16:34:01","date_gmt":"2020-11-02T15:34:01","guid":{"rendered":"https:\/\/9a1cfabmwk.preview.infomaniak.website\/4-spirulina-abonnemente\/"},"modified":"2025-07-28T15:45:15","modified_gmt":"2025-07-28T13:45:15","slug":"abonnemente","status":"publish","type":"page","link":"https:\/\/spiruline-valais.ch\/de\/abonnemente\/","title":{"rendered":"4 Spirulina Abonnemente"},"content":{"rendered":"<p>[et_pb_section fb_built=&#8220;1&#8243; _builder_version=&#8220;4.16&#8243; _module_preset=&#8220;default&#8220; global_colors_info=&#8220;{}&#8220;][et_pb_row _builder_version=&#8220;4.16&#8243; _module_preset=&#8220;default&#8220; global_colors_info=&#8220;{}&#8220;][et_pb_column type=&#8220;4_4&#8243; _builder_version=&#8220;4.16&#8243; _module_preset=&#8220;default&#8220; global_colors_info=&#8220;{}&#8220;][et_pb_text _builder_version=&#8220;4.17.6&#8243; text_font=&#8220;||||||||&#8220; text_text_color=&#8220;#000000&#8243; header_text_color=&#8220;#14967f&#8220; header_2_font=&#8220;Visby CF||||||||&#8220; header_2_font_size=&#8220;48px&#8220; text_orientation=&#8220;center&#8220; background_layout=&#8220;dark&#8220; header_2_font_size_tablet=&#8220;&#8220; header_2_font_size_phone=&#8220;28px&#8220; header_2_font_size_last_edited=&#8220;on|desktop&#8220; locked=&#8220;off&#8220; global_colors_info=&#8220;{}&#8220;]<\/p>\n<h1><span style=\"color: #14967f;\"><strong>Spirulina Abonnemente <\/strong><\/span><\/h1>\n<p>[\/et_pb_text][et_pb_divider color=&#8220;#000000&#8243; divider_weight=&#8220;5px&#8220; _builder_version=&#8220;4.16&#8243; max_width=&#8220;80px&#8220; module_alignment=&#8220;center&#8220; custom_margin=&#8220;-26px||||false|false&#8220; locked=&#8220;off&#8220; global_colors_info=&#8220;{}&#8220;][\/et_pb_divider][\/et_pb_column][\/et_pb_row][\/et_pb_section][et_pb_section fb_built=&#8220;1&#8243; _builder_version=&#8220;4.16&#8243; background_enable_image=&#8220;off&#8220; custom_margin=&#8220;-109px|||||&#8220; custom_padding=&#8220;33px||0px|||&#8220; global_colors_info=&#8220;{}&#8220;][et_pb_row _builder_version=&#8220;4.16&#8243; width_tablet=&#8220;&#8220; width_phone=&#8220;95%&#8220; width_last_edited=&#8220;on|phone&#8220; custom_margin=&#8220;0px||||false|false&#8220; custom_margin_tablet=&#8220;&#8220; custom_margin_phone=&#8220;&#8220; custom_margin_last_edited=&#8220;on|phone&#8220; custom_padding=&#8220;3px|0px|0px|0px|false|false&#8220; global_colors_info=&#8220;{}&#8220; custom_margin__hover_enabled=&#8220;on|desktop&#8220; custom_margin__hover=&#8220;0px||||false|false&#8220;][et_pb_column type=&#8220;4_4&#8243; _builder_version=&#8220;4.16&#8243; global_colors_info=&#8220;{}&#8220;][et_pb_text content_tablet=&#8220;<\/p>\n<p>Keine Sorgen mehr mit Bestellungen und Kauf mit einem Abonnement von Spiruline-Valais!<br \/>Z\u00f6gern sie nicht und sagen sie ja zu einem Jahr voller Energie.<\/p>\n<p>&#8211; Auf ihre Bed\u00fcrfnisse zugeschnitten<br \/>&#8211; Profitieren sie von Rabatten bis zu 10%<br \/>&#8211; Einmal-Zahlung<br \/>&#8211; <strong>Das Spirulina<\/strong> kommt automatisch regelm\u00e4ssig zu ihnen<br \/>&#8211; Jederzeit anpassbar und k\u00fcndbar, ohne Kostenfolge<\/p>\n<p><em> <\/em><\/p>\n<p>&#8220; content_phone=&#8220;<\/p>\n<p>Keine Sorgen mehr mit Bestellungen und Kauf mit einem Abonnement von Spiruline-Valais!<br \/>Z\u00f6gern sie nicht und sagen sie ja zu einem Jahr voller Energie.<\/p>\n<p>&#8211; Auf ihre Bed\u00fcrfnisse zugeschnitten<br \/>&#8211; Profitieren sie von Rabatten bis zu 10%<br \/>&#8211; Einmal-Zahlung<br \/>&#8211; <strong>Das Spirulina<\/strong> kommt automatisch regelm\u00e4ssig zu ihnen<br \/>&#8211; Jederzeit anpassbar und k\u00fcndbar, ohne Kostenfolge<\/p>\n<p><em> <\/em><\/p>\n<p>&#8220; content_last_edited=&#8220;off|desktop&#8220; _builder_version=&#8220;4.27.4&#8243; _module_preset=&#8220;default&#8220; text_font=&#8220;||||||||&#8220; custom_padding=&#8220;|0px||0px|false|false&#8220; hover_enabled=&#8220;0&#8243; text_orientation_tablet=&#8220;&#8220; text_orientation_phone=&#8220;&#8220; text_orientation_last_edited=&#8220;on|phone&#8220; locked=&#8220;off&#8220; global_colors_info=&#8220;{}&#8220; sticky_enabled=&#8220;0&#8243;]<\/p>\n<p style=\"text-align: center;\">Keine Sorgen mehr mit Bestellungen und Kauf mit einem Abonnement von Spiruline-Valais!<br \/>Z\u00f6gern sie nicht und sagen sie ja zu einem Jahr voller Energie.<\/p>\n<p style=\"text-align: center;\">&#8211; Auf ihre Bed\u00fcrfnisse zugeschnitten<br \/>&#8211; Profitieren sie von Rabatten bis zu 10%<br \/>&#8211; Einmal-Zahlung<br \/>&#8211; <strong>Das Spirulina<\/strong> kommt automatisch regelm\u00e4ssig zu ihnen<br \/>&#8211; Jederzeit anpassbar und k\u00fcndbar, ohne Kostenfolge<\/p>\n<p style=\"text-align: center;\"><em>\u00a0<\/em><\/p>\n<p>[\/et_pb_text][\/et_pb_column][\/et_pb_row][\/et_pb_section][et_pb_section fb_built=&#8220;1&#8243; admin_label=&#8220;Shop&#8220; _builder_version=&#8220;4.16&#8243; background_enable_color=&#8220;off&#8220; custom_margin=&#8220;0px|200px|0px|200px|false|false&#8220; custom_margin_tablet=&#8220;&#8220; custom_margin_phone=&#8220;0px|0px|0px|0px|false|false&#8220; custom_margin_last_edited=&#8220;on|tablet&#8220; custom_padding=&#8220;2px||59px|||false&#8220; global_colors_info=&#8220;{}&#8220;][et_pb_row column_structure=&#8220;1_2,1_2&#8243; _builder_version=&#8220;4.16&#8243; _module_preset=&#8220;default&#8220; custom_padding=&#8220;0px|||||&#8220; global_colors_info=&#8220;{}&#8220;][et_pb_column type=&#8220;1_2&#8243; _builder_version=&#8220;4.16&#8243; _module_preset=&#8220;default&#8220; global_colors_info=&#8220;{}&#8220;][et_pb_wc_images product=&#8220;30143&#8243; _builder_version=&#8220;4.16&#8243; _module_preset=&#8220;default&#8220; global_colors_info=&#8220;{}&#8220;][\/et_pb_wc_images][et_pb_wc_title product=&#8220;31446&#8243; _builder_version=&#8220;4.16&#8243; _module_preset=&#8220;default&#8220; header_level=&#8220;h3&#8243; header_font=&#8220;Visby CF|600|||||||&#8220; header_text_align=&#8220;center&#8220; header_font_size=&#8220;19px&#8220; header_letter_spacing=&#8220;0.3px&#8220; header_line_height=&#8220;1.2em&#8220; global_colors_info=&#8220;{}&#8220; header_letter_spacing__hover_enabled=&#8220;on|desktop&#8220; header_letter_spacing__hover=&#8220;0.3px&#8220;][\/et_pb_wc_title][et_pb_wc_price product=&#8220;30143&#8243; _builder_version=&#8220;4.16&#8243; _module_preset=&#8220;default&#8220; body_font=&#8220;Visby CF -light|600|||||||&#8220; body_text_color=&#8220;#14967f&#8220; body_font_size=&#8220;17px&#8220; body_line_height=&#8220;1em&#8220; text_orientation=&#8220;center&#8220; custom_margin=&#8220;-26px||||false|false&#8220; global_colors_info=&#8220;{}&#8220;][\/et_pb_wc_price][et_pb_wc_add_to_cart product=&#8220;30143&#8243; show_quantity=&#8220;off&#8220; show_stock=&#8220;off&#8220; _builder_version=&#8220;4.16&#8243; _module_preset=&#8220;default&#8220; field_label_text_color=&#8220;#ffffff&#8220; custom_button=&#8220;on&#8220; button_bg_color=&#8220;#14967f&#8220; button_border_color=&#8220;#14967f&#8220; button_use_icon=&#8220;off&#8220; text_orientation=&#8220;center&#8220; body_text_color=&#8220;#ffffff&#8220; global_colors_info=&#8220;{}&#8220; button_bg_color__hover=&#8220;#8cd7c5&#8243; button_bg_color__hover_enabled=&#8220;on|hover&#8220; button_border_color__hover_enabled=&#8220;on|desktop&#8220; button_border_color__hover=&#8220;#14967f&#8220;][\/et_pb_wc_add_to_cart][et_pb_wc_images product=&#8220;30147&#8243; show_product_gallery=&#8220;off&#8220; show_sale_badge=&#8220;off&#8220; sale_badge_color=&#8220;rgba(0,0,0,0)&#8220; _builder_version=&#8220;4.16&#8243; _module_preset=&#8220;default&#8220; custom_padding=&#8220;2px|||||&#8220; global_colors_info=&#8220;{}&#8220;][\/et_pb_wc_images][et_pb_wc_title product=&#8220;31445&#8243; _builder_version=&#8220;4.16&#8243; _module_preset=&#8220;default&#8220; header_level=&#8220;h3&#8243; header_font=&#8220;Visby CF|600|||||||&#8220; header_text_align=&#8220;center&#8220; header_font_size=&#8220;19px&#8220; header_letter_spacing=&#8220;0.3px&#8220; header_line_height=&#8220;1.2em&#8220; global_colors_info=&#8220;{}&#8220; header_letter_spacing__hover_enabled=&#8220;on|desktop&#8220; header_letter_spacing__hover=&#8220;0.3px&#8220;][\/et_pb_wc_title][et_pb_wc_price product=&#8220;30147&#8243; _builder_version=&#8220;4.16&#8243; _module_preset=&#8220;default&#8220; body_font=&#8220;Visby CF -light|600|||||||&#8220; body_text_color=&#8220;#14967f&#8220; body_font_size=&#8220;17px&#8220; body_line_height=&#8220;1em&#8220; text_orientation=&#8220;center&#8220; custom_margin=&#8220;-26px||||false|false&#8220; global_colors_info=&#8220;{}&#8220;][\/et_pb_wc_price][et_pb_wc_add_to_cart product=&#8220;30147&#8243; show_quantity=&#8220;off&#8220; show_stock=&#8220;off&#8220; _builder_version=&#8220;4.16&#8243; _module_preset=&#8220;default&#8220; field_label_text_color=&#8220;#ffffff&#8220; custom_button=&#8220;on&#8220; button_bg_color=&#8220;#14967f&#8220; button_border_color=&#8220;#14967f&#8220; button_use_icon=&#8220;off&#8220; text_orientation=&#8220;center&#8220; body_text_color=&#8220;#ffffff&#8220; global_colors_info=&#8220;{}&#8220; button_bg_color__hover=&#8220;#8cd7c5&#8243; button_bg_color__hover_enabled=&#8220;on|hover&#8220; button_border_color__hover_enabled=&#8220;on|desktop&#8220; button_border_color__hover=&#8220;#14967f&#8220;][\/et_pb_wc_add_to_cart][\/et_pb_column][et_pb_column type=&#8220;1_2&#8243; _builder_version=&#8220;4.16&#8243; _module_preset=&#8220;default&#8220; global_colors_info=&#8220;{}&#8220;][et_pb_wc_images product=&#8220;30143&#8243; _builder_version=&#8220;4.16&#8243; _module_preset=&#8220;default&#8220; global_colors_info=&#8220;{}&#8220;][\/et_pb_wc_images][et_pb_wc_title product=&#8220;31446&#8243; _builder_version=&#8220;4.16&#8243; _module_preset=&#8220;default&#8220; header_level=&#8220;h3&#8243; header_font=&#8220;Visby CF|600|||||||&#8220; header_text_align=&#8220;center&#8220; header_font_size=&#8220;19px&#8220; header_letter_spacing=&#8220;0.3px&#8220; header_line_height=&#8220;1.2em&#8220; global_colors_info=&#8220;{}&#8220; header_letter_spacing__hover_enabled=&#8220;on|desktop&#8220; header_letter_spacing__hover=&#8220;0.3px&#8220;][\/et_pb_wc_title][et_pb_wc_price product=&#8220;30143&#8243; _builder_version=&#8220;4.16&#8243; _module_preset=&#8220;default&#8220; body_font=&#8220;Visby CF -light|600|||||||&#8220; body_text_color=&#8220;#14967f&#8220; body_font_size=&#8220;17px&#8220; body_line_height=&#8220;1em&#8220; text_orientation=&#8220;center&#8220; custom_margin=&#8220;-26px||||false|false&#8220; global_colors_info=&#8220;{}&#8220;][\/et_pb_wc_price][et_pb_wc_add_to_cart product=&#8220;30143&#8243; show_quantity=&#8220;off&#8220; show_stock=&#8220;off&#8220; _builder_version=&#8220;4.16&#8243; _module_preset=&#8220;default&#8220; field_label_text_color=&#8220;#ffffff&#8220; custom_button=&#8220;on&#8220; button_bg_color=&#8220;#14967f&#8220; button_border_color=&#8220;#14967f&#8220; button_use_icon=&#8220;off&#8220; text_orientation=&#8220;center&#8220; body_text_color=&#8220;#ffffff&#8220; global_colors_info=&#8220;{}&#8220; button_bg_color__hover=&#8220;#8cd7c5&#8243; button_bg_color__hover_enabled=&#8220;on|hover&#8220; button_border_color__hover_enabled=&#8220;on|desktop&#8220; button_border_color__hover=&#8220;#14967f&#8220;][\/et_pb_wc_add_to_cart][et_pb_wc_images product=&#8220;30147&#8243; show_product_gallery=&#8220;off&#8220; show_sale_badge=&#8220;off&#8220; sale_badge_color=&#8220;rgba(0,0,0,0)&#8220; _builder_version=&#8220;4.16&#8243; _module_preset=&#8220;default&#8220; custom_padding=&#8220;2px|||||&#8220; global_colors_info=&#8220;{}&#8220;][\/et_pb_wc_images][et_pb_wc_title product=&#8220;31445&#8243; _builder_version=&#8220;4.16&#8243; _module_preset=&#8220;default&#8220; header_level=&#8220;h3&#8243; header_font=&#8220;Visby CF|600|||||||&#8220; header_text_align=&#8220;center&#8220; header_font_size=&#8220;19px&#8220; header_letter_spacing=&#8220;0.3px&#8220; header_line_height=&#8220;1.2em&#8220; global_colors_info=&#8220;{}&#8220; header_letter_spacing__hover_enabled=&#8220;on|desktop&#8220; header_letter_spacing__hover=&#8220;0.3px&#8220;][\/et_pb_wc_title][et_pb_wc_price product=&#8220;30147&#8243; _builder_version=&#8220;4.16&#8243; _module_preset=&#8220;default&#8220; body_font=&#8220;Visby CF -light|600|||||||&#8220; body_text_color=&#8220;#14967f&#8220; body_font_size=&#8220;17px&#8220; body_line_height=&#8220;1em&#8220; text_orientation=&#8220;center&#8220; custom_margin=&#8220;-26px||||false|false&#8220; global_colors_info=&#8220;{}&#8220;][\/et_pb_wc_price][et_pb_wc_add_to_cart product=&#8220;30147&#8243; show_quantity=&#8220;off&#8220; show_stock=&#8220;off&#8220; _builder_version=&#8220;4.16&#8243; _module_preset=&#8220;default&#8220; field_label_text_color=&#8220;#ffffff&#8220; custom_button=&#8220;on&#8220; button_bg_color=&#8220;#14967f&#8220; button_border_color=&#8220;#14967f&#8220; button_use_icon=&#8220;off&#8220; text_orientation=&#8220;center&#8220; body_text_color=&#8220;#ffffff&#8220; global_colors_info=&#8220;{}&#8220; button_bg_color__hover=&#8220;#8cd7c5&#8243; button_bg_color__hover_enabled=&#8220;on|hover&#8220; button_border_color__hover_enabled=&#8220;on|desktop&#8220; button_border_color__hover=&#8220;#14967f&#8220;][\/et_pb_wc_add_to_cart][\/et_pb_column][\/et_pb_row][\/et_pb_section][et_pb_section fb_built=&#8220;1&#8243; custom_padding_last_edited=&#8220;on|phone&#8220; admin_label=&#8220;Section&#8220; _builder_version=&#8220;4.16&#8243; background_color=&#8220;#8cd7c5&#8243; custom_margin=&#8220;0px||||false|false&#8220; custom_padding=&#8220;62px||0px|||&#8220; custom_padding_tablet=&#8220;&#8220; custom_padding_phone=&#8220;10px||50px||false|false&#8220; saved_tabs=&#8220;all&#8220; global_colors_info=&#8220;{}&#8220;][et_pb_row column_structure=&#8220;1_4,1_4,1_4,1_4&#8243; _builder_version=&#8220;4.17.6&#8243; width_tablet=&#8220;&#8220; width_phone=&#8220;90%&#8220; width_last_edited=&#8220;on|phone&#8220; custom_margin=&#8220;-20px||||false|false&#8220; custom_padding=&#8220;0px|||||&#8220; global_colors_info=&#8220;{}&#8220;][et_pb_column type=&#8220;1_4&#8243; _builder_version=&#8220;4.16&#8243; custom_padding=&#8220;0px||||false|false&#8220; global_colors_info=&#8220;{}&#8220;][et_pb_image src=&#8220;https:\/\/spiruline-valais.ch\/wp-content\/uploads\/2020\/08\/logo-blanc.png&#8220; alt=&#8220;logo-spiruline-blanc&#8220; title_text=&#8220;logo-spiruline-blanc&#8220; _builder_version=&#8220;4.16&#8243; transform_scale_tablet=&#8220;&#8220; transform_scale_phone=&#8220;50%|50%&#8220; transform_scale_last_edited=&#8220;on|phone&#8220; transform_translate_tablet=&#8220;&#8220; transform_translate_phone=&#8220;&#8220; transform_translate_last_edited=&#8220;on|phone&#8220; transform_rotate_tablet=&#8220;&#8220; transform_rotate_phone=&#8220;&#8220; transform_rotate_last_edited=&#8220;on|phone&#8220; transform_skew_tablet=&#8220;&#8220; transform_skew_phone=&#8220;&#8220; transform_skew_last_edited=&#8220;on|phone&#8220; transform_origin_tablet=&#8220;&#8220; transform_origin_phone=&#8220;&#8220; transform_origin_last_edited=&#8220;on|phone&#8220; transform_styles_last_edited=&#8220;on|phone&#8220; custom_margin=&#8220;20px||||false|false&#8220; custom_margin_tablet=&#8220;50px||||false|false&#8220; custom_margin_phone=&#8220;0px||||false|false&#8220; custom_margin_last_edited=&#8220;on|phone&#8220; custom_padding=&#8220;0px|120px||60px|false|false&#8220; transform_styles_tablet=&#8220;&#8220; transform_styles_phone=&#8220;&#8220; border_radii=&#8220;on|1px|1px|1px|1px&#8220; global_colors_info=&#8220;{}&#8220;][\/et_pb_image][\/et_pb_column][et_pb_column type=&#8220;1_4&#8243; _builder_version=&#8220;4.16&#8243; global_colors_info=&#8220;{}&#8220;][et_pb_text content_tablet=&#8220;<\/p>\n<\/p>\n<h4 style=%22text-align: center;%22><span style=%22color: #ffffff;%22>Plein&apos;R s\u00e0rl &#8211; Robin Dorsaz<\/span><br \/><span style=%22color: #ffffff;%22> Chemin des Marais-Neufs 31<\/span><br \/><span style=%22color: #ffffff;%22> 1907 Saxon<\/span><\/h4>\n<h4 style=%22text-align: center;%22><span style=%22color: #ffffff;%22><a href=%22mailto:info@spiruline.ch%22 style=%22color: #ffffff;%22>info@spiruline.ch<\/a><\/span><br \/> <span style=%22color: #ffffff;%22> <a href=%22tel:0041797395317%22 style=%22color: #ffffff;%22>+41 79 739 53 17<\/a><\/span><\/h4>\n<\/p>\n<p>&#8220; content_phone=&#8220;<\/p>\n<h4 style=%22text-align: center;%22><span style=%22color: #ffffff;%22>Plein&apos;R s\u00e0rl &#8211; Robin Dorsaz<\/span><br \/><span style=%22color: #ffffff;%22> Chemin des Marais-Neufs 31<\/span><br \/><span style=%22color: #ffffff;%22> 1907 Saxon<\/span><\/h4>\n<p>&#8220; content_last_edited=&#8220;on|phone&#8220; _builder_version=&#8220;4.17.6&#8243; text_font=&#8220;Visby cf|300|||||||&#8220; text_text_color=&#8220;#ffffff&#8220; text_font_size=&#8220;15px&#8220; header_text_color=&#8220;#ffffff&#8220; header_4_font=&#8220;|300|||||||&#8220; background_enable_color=&#8220;off&#8220; custom_margin=&#8220;40px|-20%|40px|-20%|true|false&#8220; custom_margin_tablet=&#8220;0px||40px||false|false&#8220; custom_margin_phone=&#8220;-50px||-40px||false|false&#8220; custom_margin_last_edited=&#8220;on|phone&#8220; custom_padding=&#8220;||0px|||&#8220; header_2_font_size_tablet=&#8220;&#8220; header_2_font_size_phone=&#8220;28px&#8220; header_2_font_size_last_edited=&#8220;on|desktop&#8220; global_colors_info=&#8220;{}&#8220;]<\/p>\n<h4 style=\"text-align: center;\"><span style=\"color: #ffffff;\">Plein&#8217;R s\u00e0rl &#8211; Robin Dorsaz<\/span><br \/><span style=\"color: #ffffff;\"> Chemin des Marais-Neufs 31<\/span><br \/><span style=\"color: #ffffff;\"> 1907 Saxon<\/span><\/h4>\n<p>[\/et_pb_text][\/et_pb_column][et_pb_column type=&#8220;1_4&#8243; _builder_version=&#8220;4.16&#8243; global_colors_info=&#8220;{}&#8220;][et_pb_text content_tablet=&#8220;&#8220; content_phone=&#8220;<\/p>\n<h4 style=%22text-align: center;%22><span style=%22color: #ffffff;%22><a href=%22mailto:info@spiruline-valais.ch%22 style=%22color: #ffffff;%22>info@spiruline-valais.ch<\/a><\/span><br \/> <span style=%22color: #ffffff;%22> <a href=%22tel:0041797395317%22 style=%22color: #ffffff;%22>+41 79 739 53 17<\/a><\/span><\/h4>\n<p>&#8220; content_last_edited=&#8220;on|phone&#8220; disabled_on=&#8220;off|on|off&#8220; _builder_version=&#8220;4.16&#8243; text_text_color=&#8220;#ffffff&#8220; text_font_size=&#8220;15px&#8220; background_enable_color=&#8220;off&#8220; custom_margin=&#8220;40px||40px||true|false&#8220; custom_margin_tablet=&#8220;0px||0px||true|false&#8220; custom_margin_phone=&#8220;10px||33px||false|false&#8220; custom_margin_last_edited=&#8220;on|phone&#8220; custom_padding=&#8220;||0px|||&#8220; header_2_font_size_tablet=&#8220;&#8220; header_2_font_size_phone=&#8220;28px&#8220; header_2_font_size_last_edited=&#8220;on|desktop&#8220; global_colors_info=&#8220;{}&#8220;]<\/p>\n<h4 style=\"text-align: center;\"><span style=\"color: #ffffff;\"><a style=\"color: #ffffff;\" href=\"mailto:info@spiruline-valais.ch\">info@spiruline-valais.ch<\/a><\/span><br \/><span style=\"color: #ffffff;\"> <a style=\"color: #ffffff;\" href=\"tel:0041797395317\">+41 79 739 53 17<\/a><\/span><\/h4>\n<p>[\/et_pb_text][\/et_pb_column][et_pb_column type=&#8220;1_4&#8243; _builder_version=&#8220;4.16&#8243; global_colors_info=&#8220;{}&#8220;][et_pb_social_media_follow use_icon_font_size=&#8220;on&#8220; _builder_version=&#8220;4.16&#8243; _module_preset=&#8220;default&#8220; text_orientation=&#8220;center&#8220; custom_margin=&#8220;40px||40px||true|false&#8220; custom_margin_tablet=&#8220;-80px||0px||false|false&#8220; custom_margin_phone=&#8220;-40px||0px||false|false&#8220; custom_margin_last_edited=&#8220;on|phone&#8220; custom_padding=&#8220;||0px|||&#8220; border_radii=&#8220;on|30px|30px|30px|30px&#8220; border_width_all=&#8220;2px&#8220; border_color_all=&#8220;#ffffff&#8220; global_colors_info=&#8220;{}&#8220;][et_pb_social_media_follow_network social_network=&#8220;facebook&#8220; icon_color=&#8220;#ffffff&#8220; use_icon_font_size=&#8220;on&#8220; icon_font_size=&#8220;20px&#8220; _builder_version=&#8220;4.16&#8243; _module_preset=&#8220;default&#8220; background_enable_color=&#8220;off&#8220; global_colors_info=&#8220;{}&#8220; follow_button=&#8220;off&#8220; url_new_window=&#8220;on&#8220;]facebook[\/et_pb_social_media_follow_network][et_pb_social_media_follow_network social_network=&#8220;instagram&#8220; url=&#8220;https:\/\/www.instagram.com\/spiruline_valais\/&#8220; icon_color=&#8220;#ffffff&#8220; use_icon_font_size=&#8220;on&#8220; icon_font_size=&#8220;20px&#8220; _builder_version=&#8220;4.16&#8243; _module_preset=&#8220;default&#8220; background_enable_color=&#8220;off&#8220; global_colors_info=&#8220;{}&#8220; follow_button=&#8220;off&#8220; url_new_window=&#8220;on&#8220;]instagram[\/et_pb_social_media_follow_network][\/et_pb_social_media_follow][\/et_pb_column][\/et_pb_row][\/et_pb_section]<\/p>\n","protected":false},"excerpt":{"rendered":"<p>Spirulina Abonnemente Keine Sorgen mehr mit Bestellungen und Kauf mit einem Abonnement von Spiruline-Valais!Z\u00f6gern sie nicht und sagen sie ja zu einem Jahr voller Energie. &#8211; Auf ihre Bed\u00fcrfnisse zugeschnitten- Profitieren sie von Rabatten bis zu 10%- Einmal-Zahlung- Das Spirulina kommt automatisch regelm\u00e4ssig zu ihnen- Jederzeit anpassbar und k\u00fcndbar, ohne Kostenfolge \u00a0Plein&#8217;R s\u00e0rl &#8211; Robin [&hellip;]<\/p>\n","protected":false},"author":1,"featured_media":0,"parent":0,"menu_order":0,"comment_status":"closed","ping_status":"closed","template":"","meta":{"_et_pb_use_builder":"on","_et_pb_old_content":"","_et_gb_content_width":"","footnotes":""},"class_list":["post-31441","page","type-page","status-publish","hentry"],"_links":{"self":[{"href":"https:\/\/spiruline-valais.ch\/de\/wp-json\/wp\/v2\/pages\/31441","targetHints":{"allow":["GET"]}}],"collection":[{"href":"https:\/\/spiruline-valais.ch\/de\/wp-json\/wp\/v2\/pages"}],"about":[{"href":"https:\/\/spiruline-valais.ch\/de\/wp-json\/wp\/v2\/types\/page"}],"author":[{"embeddable":true,"href":"https:\/\/spiruline-valais.ch\/de\/wp-json\/wp\/v2\/users\/1"}],"replies":[{"embeddable":true,"href":"https:\/\/spiruline-valais.ch\/de\/wp-json\/wp\/v2\/comments?post=31441"}],"version-history":[{"count":29,"href":"https:\/\/spiruline-valais.ch\/de\/wp-json\/wp\/v2\/pages\/31441\/revisions"}],"predecessor-version":[{"id":44539,"href":"https:\/\/spiruline-valais.ch\/de\/wp-json\/wp\/v2\/pages\/31441\/revisions\/44539"}],"wp:attachment":[{"href":"https:\/\/spiruline-valais.ch\/de\/wp-json\/wp\/v2\/media?parent=31441"}],"curies":[{"name":"wp","href":"https:\/\/api.w.org\/{rel}","templated":true}]}}