{"id":31411,"date":"2020-11-02T15:42:07","date_gmt":"2020-11-02T14:42:07","guid":{"rendered":"https:\/\/9a1cfabmwk.preview.infomaniak.website\/allgemeine-geschaeftsbedingungen\/"},"modified":"2020-11-11T19:14:35","modified_gmt":"2020-11-11T18:14:35","slug":"allgemeine-geschaeftsbedingungen","status":"publish","type":"page","link":"https:\/\/spiruline-valais.ch\/de\/allgemeine-geschaeftsbedingungen\/","title":{"rendered":"Allgemeine Gesch\u00e4ftsbedingungen"},"content":{"rendered":"<p>[et_pb_section fb_built=&#8220;1&#8243; _builder_version=&#8220;4.6.1&#8243; _module_preset=&#8220;default&#8220; custom_padding=&#8220;1px|||||&#8220;][et_pb_row _builder_version=&#8220;4.6.1&#8243; custom_margin=&#8220;80px||||false|false&#8220; custom_padding=&#8220;0px||||false|false&#8220;][et_pb_column type=&#8220;4_4&#8243; _builder_version=&#8220;3.25&#8243; custom_padding=&#8220;|||&#8220; custom_padding__hover=&#8220;|||&#8220;][et_pb_text _builder_version=&#8220;4.6.1&#8243; text_font=&#8220;||||||||&#8220; text_text_color=&#8220;#000000&#8243; header_font=&#8220;||||||||&#8220; header_2_font=&#8220;Frank Ruhl Libre||||||||&#8220; header_2_font_size=&#8220;48px&#8220; text_orientation=&#8220;center&#8220; background_layout=&#8220;dark&#8220; header_2_font_size_tablet=&#8220;&#8220; header_2_font_size_phone=&#8220;28px&#8220; header_2_font_size_last_edited=&#8220;on|desktop&#8220; locked=&#8220;off&#8220;]<\/p>\n<h1><span style=\"color: #14967f;\"><strong>Allgemeine Gesch\u00e4ftsbedingungen<\/strong><\/span><\/h1>\n<p>[\/et_pb_text][et_pb_divider color=&#8220;#000000&#8243; divider_weight=&#8220;5px&#8220; _builder_version=&#8220;4.4.3&#8243; max_width=&#8220;80px&#8220; module_alignment=&#8220;center&#8220; custom_margin=&#8220;-26px||||false|false&#8220; locked=&#8220;off&#8220;][\/et_pb_divider][\/et_pb_column][\/et_pb_row][et_pb_row _builder_version=&#8220;4.6.1&#8243; _module_preset=&#8220;default&#8220;][et_pb_column type=&#8220;4_4&#8243; _builder_version=&#8220;4.6.1&#8243; _module_preset=&#8220;default&#8220;][et_pb_text _builder_version=&#8220;4.6.1&#8243; _module_preset=&#8220;default&#8220; text_font=&#8220;Visby CF||||||||&#8220;]<\/p>\n<p><strong>1. Einf\u00fchrung<\/strong><\/p>\n<p>Diese allgemeinen Gesch\u00e4ftsbedingungen sowie die Verkaufsbedingungen werden zwischen einerseits dem Unternehmen Plein\u2019R S\u00e0rl (CHE-487.466.89, Gesellschaft mit beschr\u00e4nkter Haftung, mit Sitz an der Route du Soleil 18, 1926 Fully), nachfolgend \u00abSpiruline-Valais\u00bb genannt und anderseits mit jeder nat\u00fcrlichen Person, die einen Kauf \u00fcber die Webseite von Spiruline-Valais, nachfolgend \u00abKunde\u00bb genannt.\u00a0<\/p>\n<p>Die Verkaufsbedingungen wollen die Vertragsbedingungen zwischen Spiruline-Valais und dem Kunden festlegen sowie die anwendbaren Bedingungen f\u00fcr jeden Kauf, der \u00fcber die Webseite von Spiruline-Valais (<a href=\"https:\/\/spiruline-valais.ch\">www.spiruline-valais.ch<\/a>), oder \u00fcber physische Verkaufspunkte, Wiederverk\u00e4ufer, Telefonverkauf, Email, m\u00fcndliche Vereinbarungen.<\/p>\n<p>Der Kauf einer Ware oder einer Dienstleistung \u00fcber die obenerw\u00e4hnten M\u00f6glichkeiten best\u00e4tigt die Annahme, ohne Bedingungen, der vorliegenden Verkaufsbedingungen durch den Kunden. Der Kunde best\u00e4tigt an die hier pr\u00e4sentierten Bedingungen gebunden zu sein. Er erkl\u00e4rt sie gelesen und verstanden zu haben. Diese Verkaufsbedingungen gelten vor allen anderen allgemeinen oder speziellen Bedingungen, die nicht von Spiruline-Valais akzeptiert wurden. Spiruline-Valais beh\u00e4lt sich das Recht vor, die Verkaufsbedingungen jederzeit zu \u00e4ndern. In diesem Fall gelten die Verkaufsbedingungen zum Zeitpunkt der Bestellung durch den Kunden. Es ist in der Verantwortung des Kunden, diese regelm\u00e4ssig zu lesen, um sich \u00fcber allf\u00e4llige \u00c4nderungen zu informieren.<\/p>\n<p>&nbsp;<\/p>\n<p><strong>2. Waren, Dienstleistungen und Vertr\u00e4ge<\/strong><\/p>\n<p>Die angebotenen Waren und Dienstleistungen sind jene, die in der Boutique auf der Website von Spiruline-Valais publiziert werden. Diese Produkte und Dienstleistungen werden vorbeh\u00e4ltlich Verf\u00fcgbarkeit gem\u00e4ss Lagerbestand angeboten. Die Fotoabbildungen auf der Webseite entsprechen so gut wie m\u00f6glich den effektiven Gegebenheiten, aber sie k\u00f6nnen keine perfekte \u00c4hnlichkeit mit dem offerierten Produkt gew\u00e4hrleisten, speziell auch was die Farben betrifft.<\/p>\n<p>Der Vertrag gilt als abgeschlossen, sobald der Kunde die Kaufofferte des von Spiruline-Valais angebotenen Produktes akzeptiert. Der Vertrag ist in jedem Fall abgeschlossen sobald der Kunden, die von Spiruline-Valais angebotenen Dienstleistungen akzeptiert oder ein Produkt auf der Webseite oder in einem Verkaufsort bestellt.<\/p>\n<p>&nbsp;<\/p>\n<p><strong>3. Preis<\/strong><\/p>\n<p>Die in der Boutique der Webseite aufgef\u00fchrten Preise sind Preise in Schweizer Franken (CHF) welche die zus\u00e4tzlichen Betr\u00e4ge der Mehrwertsteuer (MwSt.) enthalten, sofern diese angewendet werden m\u00fcssen. Sie enthalten keine Versandkosten, welche zus\u00e4tzlich verrechnet werden und vor der Kaufbest\u00e4tigung angezeigt werden. Die Preise enthalten keine zus\u00e4tzlichen Steuern, die eventuell anfallen. Spiruline-Valais beh\u00e4lt sich das Recht vor, jederzeit seine Preise zu \u00e4ndern. Die auf der Webseite angegeben Preise gelten zum Zeitpunkt des Vertragsabschlusses.<\/p>\n<p>&nbsp;<\/p>\n<p><strong>4. Zahlung<\/strong><\/p>\n<p>Spiruline-Valais bietet dem Kunden folgende Zahlungsarten an: Kreditkarten und Twint.<\/p>\n<p>Der Verkaufspreis muss sofort nach Vertragsabschluss vom Kunden vollst\u00e4ndig bezahlt werden. Sofort nach Zahlung wird Spiruline-Valais die entsprechenden Produkte versenden. Spiruline-Valais beh\u00e4lt sich das Recht vor, im Rahmen des Bestellvorganges auf eine elektronische Zahlung zu bestehen. Eine Aufrechnung des Kunden einer allf\u00e4lligen Forderung auf den Rechnungsbetrag, den er an die Gesellschaft zu bezahlen hat, ist nicht m\u00f6glich. Die Bestellbest\u00e4tigung bedeutet eine Akzeptanz der vorliegenden Verkaufsbedingung, die Anerkennung davon Kenntnis zu haben und den Verzicht auf eigene Verkaufs- und andere Konditionen.<\/p>\n<p>Die Produkte werden w\u00e4hrend 7 Tagen reserviert, danach gilt die Bestellung als annulliert. Die Bestellung wird nach der vollst\u00e4ndigen Zahlung ausgef\u00fchrt. Spiruline-Valais beh\u00e4lt sich das Recht vor, bei Nicht-Bezahlung auf eine Lieferung oder Dienstleistung zu verzichten.<\/p>\n<p>&nbsp;<\/p>\n<p><strong>5. Abonnemente<\/strong><\/p>\n<p>Der Kunde geht eine j\u00e4hrliche Verpflichtung ein, sobald er ein Abonnement bestellt. Der Preis wird zu Beginn des Abonnements gem\u00e4ss dem gew\u00e4hlten Programm fixiert. Die Zahlung erfolgt j\u00e4hrlich mit der Einschreibung auf elektronischem Weg. Der Kunde muss mindestens 18 Jahre alt sein, um ein Abonnement zu unterzeichnen.<\/p>\n<p>Die Erneuerung des Abonnements muss durch den Kunden j\u00e4hrlich erfolgen. Das Abonnement kann durch den Kunden ohne Angabe von Gr\u00fcnden jederzeit ge\u00e4ndert oder annulliert werden. Daf\u00fcr muss der Kunde Spiruline-Valais mittel Mail an <a href=\"mailto:info@spiruline-valais.ch\">info@spiruline-valais.ch<\/a> oder im Kundenbereich der Webseite informieren.\u00a0<\/p>\n<p>Bei einer Annullierung wird die R\u00fcckverg\u00fctung pro rata f\u00fcr die genutzte Periode berechnet und auf das bei der Zahlung verwendete Konto gutgeschrieben. Bei einer \u00c4nderung des Abonnements wird der gew\u00e4hrte Rabatt dem neu gew\u00e4hlten Abonnement angepasst.<\/p>\n<p>&nbsp;<\/p>\n<p><strong>6. Lieferung<\/strong><\/p>\n<p>Lieferungen werden vorl\u00e4ufig nur in der Schweiz innert 15 (f\u00fcnfzehn) Arbeitstagen angeboten. Sollten sie ausserhalb dieser Zone beliefert werden wollen, bitten wir sie uns zu kontaktieren.<\/p>\n<p>Im Falle von h\u00f6herer Gewalt, wie Naturkatastrophen, Erdbeben, Vulkanausbr\u00fcchen, Unwetter, \u00dcberschwemmungen, Gewitter, Lawinen, Zivilkriege, politischen oder sozialen Unruhen, Revolution, Aufstand, Terrorismus, Sabotage, Streik oder Nuklearunfall ist Spiruline-Valais von seinen Lieferverpflichtungen w\u00e4hrend dieser Zeit sowie w\u00e4hrend einer gewissen Zeit nach dem Vorfall. Nach 30 Tagen danach hat Spiruline-Valais das Recht den Vertrag mit dem Kunden aufzul\u00f6sen und muss dann bereits bezahlte Summen des Kunden pro rata zur\u00fcckbezahlen. Alle anderen Forderungen, im Speziellen Schadensersatz, sind bei einem Fall von h\u00f6herer Gewalt ausgeschlossen. Die Bestellung gilt als ausgef\u00fchrt, sobald das Produkt der von Spiruline-Valais gew\u00e4hlten Zustellfirma \u00fcbergeben wurde.<\/p>\n<p>Jede Unregelm\u00e4ssigkeit betreffend die Lieferung (Schaden, fehlendes Produkt, das auf dem Lieferschein aufgef\u00fchrt ist, besch\u00e4digte Verpackung) muss unbedingt sofort auf dem Lieferschein vermerkt und vom Kunden unterschrieben werden. Der Kunde muss dazu parallel innert 5 Arbeitstagen nach der Lieferung dem Transporteur ein eingeschriebenes M\u00e4ngelschreiben mit Empfangsbest\u00e4tigung senden. Der Kunde muss eine Kopie dieses Schreibens an Spiruline-Valais senden an Adresse: Plein`R S\u00e0rl, Rte du Soleil 18, 1926 Fully VS.<\/p>\n<p>Jeder Fehler einer Lieferung oder jede Reklamation betreffend Nichteinhaltung der gelieferten Produkte muss sofort bis sp\u00e4testens am n\u00e4chsten Arbeitstag nach der Lieferung per Mail an <a href=\"mailto:info@spiruline-valais.ch\">info@spiruline-valais.ch<\/a> gemeldet werden. Nach diesem Termin kann der Reklamation nicht mehr Folge geleistet werden. Jeder R\u00fccksendung eines nicht konformen Produktes muss vor dem Versand an Spiruline-Valais gemeldet werden und von dieser genehmigt werden. Der R\u00fccksendung muss sp\u00e4testens innert 8 Arbeitstagen nach der Lieferung erfolgen. Das Produkt muss komplett in perfektem Zustand und in der Original-Verpackung retourniert werden.<\/p>\n<p>Spiruline-Valais beh\u00e4lt sich ausdr\u00fccklich das Recht vor, Externe mit der Wahrnehmung seiner Rechte zu beauftragen. Die Auswechslung von Produkten, die von Spiruline-Valais verkauft werden, ist nicht erlaubt.<\/p>\n<p>&nbsp;<\/p>\n<p><strong>7.Gew\u00e4hrleistung<\/strong><\/p>\n<p>Es wird jede Gew\u00e4hrleistung ausgeschlossen. Spiruline-Valais l\u00e4sst jede verkaufte Menge analysieren aber kann keine Garantie gew\u00e4hren, da es sich um ein Naturprodukt handelt.<\/p>\n<p>&nbsp;<\/p>\n<p><strong>8. Verantwortung<\/strong><\/p>\n<p>Jede Verantwortung in einem Fall von indirektem oder nachfolgendem Schaden ist ausgeschlossen.<\/p>\n<p>Im Falle von direktem Schaden beschr\u00e4nkt sich die Haftung von Spiruline-Valais auf den Verkaufspreis des Produktes. Diese Limitierung der Verantwortung ist nicht g\u00fcltig im Falle von Betrug oder grober Fahrl\u00e4ssigkeit. Der Kunde ist verpflichtet Spiruline-Valais umgehend \u00fcber jeden Schaden zu informieren. Eine Verantwortung von Externen ist im Rahmen des Gesetzes ausgeschlossen.<\/p>\n<p><strong>9. Geistiges Eigentum<\/strong><\/p>\n<p>Spiruline-Valais verf\u00fcgt \u00fcber die alleinigen Rechte auf die angebotenen Produkte und Dienstleistungen. Alle Elemente der Webseite <a href=\"https:\/\/spiruline-valais.ch\">www.spiruline-valais.ch<\/a> sind und bleiben alleiniges und exklusives geistiges Eigentum von Spiruline-Valais. Niemand ist berechtigt die Elemente der Webseite zu jedwelchem Grunde zu kopieren, auszuwerten, zu verteilen oder zu gebrauchen, ob per Software, Bilder oder im Ton. Ausserdem ist jede Wiederverwendung, Publikation oder Verbreitung der Informationen, Bilder, Texte oder von allen anderen Elementen, die der Kunde in Verbindung mit den derzeitigen Bestimmungen erh\u00e4lt, verboten.<\/p>\n<p>Weder die allgemeinen Bestimmungen noch individuelle Vereinbarungen, die dies betreffen k\u00f6nnen, rechtlich als geistiges Eigentum \u00fcbertragen werden, ausser dies ist ausdr\u00fccklich vorgesehen.<\/p>\n<p>&nbsp;<\/p>\n<p><strong>10. Rechtliche Informationen und Respekt der Privatsph\u00e4re<\/strong><\/p>\n<p>Die von Spiruline-Valais gesammelten Daten bei Abschluss des Vertrages werden ben\u00f6tigt, um die vertraglichen Bedingungen zu erf\u00fcllen und werden mit gr\u00f6sster Sorgfalt behandelt, um den Schutz der Daten gem\u00e4ss den rechtlichen Vorschriften zu gew\u00e4hrleisten. Der Kunde akzeptiert, dass seine Daten gem\u00e4ss dem Vertrag gespeichert und ben\u00fctzt werden. Spiruline-Valais kann die Daten des Kunden oder von Dritten im Falle von Verf\u00fcgungen, die von einem Gericht oder einer Beh\u00f6rde kommen, weiterleiten.<\/p>\n<p>Spiruline-Valais darf die Daten des Kunden f\u00fcr Marketing gebrauchen, ausser der Kunde hat das Verboten. Die zur Aus\u00fcbung der Dienstleistungen notwendigen Daten d\u00fcrfen von Spiruline-Valais an f\u00fcr Dienstleistungen mandatierte Partner weitergeleitet werden. Die Gesetzgebung bez\u00fcglich Datenschutzes wird angewandt. Spiruline-Valais, ihre Drittanbieter und der Kunde verpflichten sich alle Informationen, die im Rahmen der gew\u00e4hlten Dienstleistungen ausgetauscht oder erworben wurden, geheim zu halten. Die Verpflichtung zur Vertraulichkeit bleibt auch nach dem Vertragsende bestehen.<\/p>\n<p>&nbsp;<\/p>\n<p><strong>11. Allgemeines<\/strong><\/p>\n<p>Die allgemeinen Bestimmungen ersetzen alle Vereinbarungen sowie fr\u00fchere Anordnungen. Die G\u00fcltigkeit der allgemeinen Bestimmungen ist nicht betroffen, falls einer der Bestimmungen oder der Beilagen als nichtig deklariert ist oder wird. In diesem Fall wird die entsprechende Bestimmungen angepasst mit dem Ziel neue best\u00e4tigt zu werden, jedoch mit dem gleichen Sinn wie zuvor. Das gleiche Vorgehen wird im Falle einer vertraglichen L\u00fccke angewendet.<\/p>\n<p>&nbsp;<\/p>\n<p><strong>12. Anwendbares Recht<\/strong><\/p>\n<p>Die allgemeinen Bestimmungen sind dem Schweizer Recht unterstellt. Als Gerichtsstand gilt der Sitz von Plein`R S\u00e0rl, der zust\u00e4ndig ist, um \u00fcber alle Streitigkeiten zwischen den Parteien zu bestimmen, ausser gesetzliche Bestimmungen sehen anderes vor. Spiruline-Valais ist berechtigt jederzeit auch rechtliche Wege auch am Sitz oder Wohnort des Beklagten einzuleiten. Die Anwendung der Konvention der Vereinten Nationen f\u00fcr internationale Waren-Verkaufsvertr\u00e4ge (RS 0.221.211.1) ist ausdr\u00fccklich ausgeschlossen.<\/p>\n<p>&nbsp;<\/p>\n<p><strong>13. Kontakt<\/strong><\/p>\n<p>F\u00fcr alle zus\u00e4tzlichen Informationen kann der Kunde Spiruline-Valais mittels dem Kontakt-Formular auf der Webseite: <a href=\"https:\/\/spiruline-valais.ch\">www.spiruline-valais.ch<\/a>, per Email an <a href=\"mailto:info@spiruline-valais.ch\">info@spiruline-valais.ch<\/a> oder per Post an die folgende Adresse: Plein`R S\u00e0rl, Rte du Soleil 18, 1926 Fully VS<\/p>\n<p>[\/et_pb_text][\/et_pb_column][\/et_pb_row][\/et_pb_section][et_pb_section fb_built=&#8220;1&#8243; custom_padding_last_edited=&#8220;on|phone&#8220; admin_label=&#8220;Section&#8220; _builder_version=&#8220;4.6.1&#8243; background_color=&#8220;#8cd7c5&#8243; custom_margin=&#8220;0px||||false|false&#8220; custom_padding=&#8220;62px||0px|||&#8220; custom_padding_tablet=&#8220;&#8220; custom_padding_phone=&#8220;10px||50px||false|false&#8220; saved_tabs=&#8220;all&#8220; global_module=&#8220;30359&#8243;][et_pb_row column_structure=&#8220;1_4,1_4,1_4,1_4&#8243; _builder_version=&#8220;4.6.1&#8243; width_tablet=&#8220;&#8220; width_phone=&#8220;90%&#8220; width_last_edited=&#8220;on|phone&#8220; custom_padding=&#8220;0px|||||&#8220;][et_pb_column type=&#8220;1_4&#8243; _builder_version=&#8220;4.6.1&#8243; custom_padding=&#8220;0px||||false|false&#8220;][et_pb_image src=&#8220;https:\/\/spiruline-valais.ch\/wp-content\/uploads\/2020\/08\/logo-blanc.png&#8220; alt=&#8220;logo-spiruline-blanc&#8220; title_text=&#8220;logo-spiruline-blanc&#8220; _builder_version=&#8220;4.6.6&#8243; transform_scale_tablet=&#8220;&#8220; transform_scale_phone=&#8220;50%|50%&#8220; transform_scale_last_edited=&#8220;on|phone&#8220; transform_translate_tablet=&#8220;&#8220; transform_translate_phone=&#8220;&#8220; transform_translate_last_edited=&#8220;on|phone&#8220; transform_rotate_tablet=&#8220;&#8220; transform_rotate_phone=&#8220;&#8220; transform_rotate_last_edited=&#8220;on|phone&#8220; transform_skew_tablet=&#8220;&#8220; transform_skew_phone=&#8220;&#8220; transform_skew_last_edited=&#8220;on|phone&#8220; transform_origin_tablet=&#8220;&#8220; transform_origin_phone=&#8220;&#8220; transform_origin_last_edited=&#8220;on|phone&#8220; transform_styles_last_edited=&#8220;on|phone&#8220; custom_margin=&#8220;20px||||false|false&#8220; custom_margin_tablet=&#8220;50px||||false|false&#8220; custom_margin_phone=&#8220;0px||||false|false&#8220; custom_margin_last_edited=&#8220;on|phone&#8220; custom_padding=&#8220;0px|60px||60px|false|false&#8220; transform_styles_tablet=&#8220;&#8220; transform_styles_phone=&#8220;&#8220; border_radii=&#8220;on|1px|1px|1px|1px&#8220;][\/et_pb_image][\/et_pb_column][et_pb_column type=&#8220;1_4&#8243; _builder_version=&#8220;4.4.3&#8243;][et_pb_text content_tablet=&#8220;<\/p>\n<h4 style=%22text-align: center;%22><span style=%22color: #ffffff;%22>Plein&#8217;R s\u00e0rl &#8211; Robin Dorsaz<\/span><br \/> <span style=%22color: #ffffff;%22> Chemin des Marais-Neufs 31<\/span><br \/> <span style=%22color: #ffffff;%22> 1907 Saxon<\/span><\/h4>\n<h4 style=%22text-align: center;%22><span style=%22color: #ffffff;%22><a href=%22mailto:info@spiruline-valais.ch%22 style=%22color: #ffffff;%22>info@spiruline-valais.ch<\/a><\/span><br \/> <span style=%22color: #ffffff;%22> <a href=%22tel:0041797395317%22 style=%22color: #ffffff;%22>+41 79 739 53 17<\/a><\/span><\/h4>\n<p>&#8220; content_phone=&#8220;<\/p>\n<h4 style=%22text-align: center;%22><span style=%22color: #ffffff;%22>Plein&#8217;R s\u00e0rl &#8211; Robin Dorsaz<\/span><br \/><span style=%22color: #ffffff;%22> Chemin des Marais-Neufs 31<\/span><br \/><span style=%22color: #ffffff;%22> 1907 Saxon<\/span><\/h4>\n<p>&#8220; content_last_edited=&#8220;on|phone&#8220; _builder_version=&#8220;4.6.6&#8243; text_text_color=&#8220;#ffffff&#8220; text_font_size=&#8220;15px&#8220; header_font=&#8220;||||||||&#8220; header_text_color=&#8220;#ffffff&#8220; background_enable_color=&#8220;off&#8220; custom_margin=&#8220;40px||40px||true|false&#8220; custom_margin_tablet=&#8220;0px||40px||false|false&#8220; custom_margin_phone=&#8220;-50px||-40px||false|false&#8220; custom_margin_last_edited=&#8220;on|phone&#8220; custom_padding=&#8220;||0px|||&#8220; header_2_font_size_tablet=&#8220;&#8220; header_2_font_size_phone=&#8220;28px&#8220; header_2_font_size_last_edited=&#8220;on|desktop&#8220;]<\/p>\n<h4 style=\"text-align: center;\"><span style=\"color: #ffffff;\">Plein&#8217;R s\u00e0rl &#8211; Robin Dorsaz<\/span><br \/><span style=\"color: #ffffff;\"> Chemin des Marais-Neufs 31<\/span><br \/><span style=\"color: #ffffff;\"> 1907 Saxon<\/span><\/h4>\n<p>[\/et_pb_text][\/et_pb_column][et_pb_column type=&#8220;1_4&#8243; _builder_version=&#8220;4.4.3&#8243;][et_pb_text content_tablet=&#8220;&#8220; content_phone=&#8220;<\/p>\n<h4 style=%22text-align: center;%22><span style=%22color: #ffffff;%22><a href=%22mailto:info@spiruline-valais.ch%22 style=%22color: #ffffff;%22>info@spiruline-valais.ch<\/a><\/span><br \/> <span style=%22color: #ffffff;%22> <a href=%22tel:0041797395317%22 style=%22color: #ffffff;%22>+41 79 739 53 17<\/a><\/span><\/h4>\n<p>&#8220; content_last_edited=&#8220;on|phone&#8220; disabled_on=&#8220;off|on|off&#8220; _builder_version=&#8220;4.6.6&#8243; text_text_color=&#8220;#ffffff&#8220; text_font_size=&#8220;15px&#8220; header_font=&#8220;||||||||&#8220; background_enable_color=&#8220;off&#8220; custom_margin=&#8220;40px||40px||true|false&#8220; custom_margin_tablet=&#8220;0px||0px||true|false&#8220; custom_margin_phone=&#8220;10px||33px||false|false&#8220; custom_margin_last_edited=&#8220;on|phone&#8220; custom_padding=&#8220;||0px|||&#8220; header_2_font_size_tablet=&#8220;&#8220; header_2_font_size_phone=&#8220;28px&#8220; header_2_font_size_last_edited=&#8220;on|desktop&#8220;]<\/p>\n<h4 style=\"text-align: center;\"><span style=\"color: #ffffff;\"><a href=\"mailto:info@spiruline-valais.ch\" style=\"color: #ffffff;\">info@spiruline-valais.ch<\/a><\/span><br \/> <span style=\"color: #ffffff;\"> <a href=\"tel:0041797395317\" style=\"color: #ffffff;\">+41 79 739 53 17<\/a><\/span><\/h4>\n<p>[\/et_pb_text][\/et_pb_column][et_pb_column type=&#8220;1_4&#8243; _builder_version=&#8220;4.4.3&#8243;][et_pb_social_media_follow use_icon_font_size=&#8220;on&#8220; _builder_version=&#8220;4.6.6&#8243; _module_preset=&#8220;default&#8220; text_orientation=&#8220;center&#8220; custom_margin=&#8220;40px||40px||true|false&#8220; custom_margin_tablet=&#8220;-80px||0px||false|false&#8220; custom_margin_phone=&#8220;-40px||0px||false|false&#8220; custom_margin_last_edited=&#8220;on|phone&#8220; custom_padding=&#8220;||0px|||&#8220; border_radii=&#8220;on|30px|30px|30px|30px&#8220; border_width_all=&#8220;2px&#8220; border_color_all=&#8220;#ffffff&#8220;][et_pb_social_media_follow_network social_network=&#8220;facebook&#8220; icon_color=&#8220;#ffffff&#8220; use_icon_font_size=&#8220;on&#8220; icon_font_size=&#8220;20px&#8220; _builder_version=&#8220;4.6.1&#8243; _module_preset=&#8220;default&#8220; background_enable_color=&#8220;off&#8220; follow_button=&#8220;off&#8220; url_new_window=&#8220;on&#8220;]facebook[\/et_pb_social_media_follow_network][et_pb_social_media_follow_network social_network=&#8220;instagram&#8220; url=&#8220;https:\/\/www.instagram.com\/spiruline_valais\/&#8220; icon_color=&#8220;#ffffff&#8220; use_icon_font_size=&#8220;on&#8220; icon_font_size=&#8220;20px&#8220; _builder_version=&#8220;4.6.1&#8243; _module_preset=&#8220;default&#8220; background_enable_color=&#8220;off&#8220; follow_button=&#8220;off&#8220; url_new_window=&#8220;on&#8220;]instagram[\/et_pb_social_media_follow_network][\/et_pb_social_media_follow][\/et_pb_column][\/et_pb_row][\/et_pb_section]<\/p>\n","protected":false},"excerpt":{"rendered":"<p>Allgemeine Gesch\u00e4ftsbedingungen1. Einf\u00fchrung Diese allgemeinen Gesch\u00e4ftsbedingungen sowie die Verkaufsbedingungen werden zwischen einerseits dem Unternehmen Plein\u2019R S\u00e0rl (CHE-487.466.89, Gesellschaft mit beschr\u00e4nkter Haftung, mit Sitz an der Route du Soleil 18, 1926 Fully), nachfolgend \u00abSpiruline-Valais\u00bb genannt und anderseits mit jeder nat\u00fcrlichen Person, die einen Kauf \u00fcber die Webseite von Spiruline-Valais, nachfolgend \u00abKunde\u00bb genannt.\u00a0 Die Verkaufsbedingungen wollen die [&hellip;]<\/p>\n","protected":false},"author":1,"featured_media":0,"parent":0,"menu_order":0,"comment_status":"closed","ping_status":"closed","template":"","meta":{"_et_pb_use_builder":"on","_et_pb_old_content":"","_et_gb_content_width":"","footnotes":""},"class_list":["post-31411","page","type-page","status-publish","hentry"],"_links":{"self":[{"href":"https:\/\/spiruline-valais.ch\/de\/wp-json\/wp\/v2\/pages\/31411","targetHints":{"allow":["GET"]}}],"collection":[{"href":"https:\/\/spiruline-valais.ch\/de\/wp-json\/wp\/v2\/pages"}],"about":[{"href":"https:\/\/spiruline-valais.ch\/de\/wp-json\/wp\/v2\/types\/page"}],"author":[{"embeddable":true,"href":"https:\/\/spiruline-valais.ch\/de\/wp-json\/wp\/v2\/users\/1"}],"replies":[{"embeddable":true,"href":"https:\/\/spiruline-valais.ch\/de\/wp-json\/wp\/v2\/comments?post=31411"}],"version-history":[{"count":1,"href":"https:\/\/spiruline-valais.ch\/de\/wp-json\/wp\/v2\/pages\/31411\/revisions"}],"predecessor-version":[{"id":32479,"href":"https:\/\/spiruline-valais.ch\/de\/wp-json\/wp\/v2\/pages\/31411\/revisions\/32479"}],"wp:attachment":[{"href":"https:\/\/spiruline-valais.ch\/de\/wp-json\/wp\/v2\/media?parent=31411"}],"curies":[{"name":"wp","href":"https:\/\/api.w.org\/{rel}","templated":true}]}}