{"id":31407,"date":"2020-11-02T15:37:00","date_gmt":"2020-11-02T14:37:00","guid":{"rendered":"https:\/\/9a1cfabmwk.preview.infomaniak.website\/datenschutz\/"},"modified":"2025-02-09T19:38:12","modified_gmt":"2025-02-09T18:38:12","slug":"datenschutz","status":"publish","type":"page","link":"https:\/\/spiruline-valais.ch\/de\/datenschutz\/","title":{"rendered":"Datenschutz"},"content":{"rendered":"<p>[et_pb_section fb_built=&#8220;1&#8243; _builder_version=&#8220;4.16&#8243; _module_preset=&#8220;default&#8220; custom_padding=&#8220;1px|||||&#8220; global_colors_info=&#8220;{}&#8220;][et_pb_row _builder_version=&#8220;4.16&#8243; custom_margin=&#8220;80px||||false|false&#8220; custom_padding=&#8220;0px||||false|false&#8220; global_colors_info=&#8220;{}&#8220;][et_pb_column type=&#8220;4_4&#8243; _builder_version=&#8220;4.16&#8243; custom_padding=&#8220;|||&#8220; global_colors_info=&#8220;{}&#8220; custom_padding__hover=&#8220;|||&#8220;][et_pb_text _builder_version=&#8220;4.16&#8243; text_font=&#8220;||||||||&#8220; text_text_color=&#8220;#000000&#8243; header_font=&#8220;||||||||&#8220; header_text_color=&#8220;#14967f&#8220; header_2_font=&#8220;Frank Ruhl Libre||||||||&#8220; header_2_font_size=&#8220;48px&#8220; text_orientation=&#8220;center&#8220; background_layout=&#8220;dark&#8220; header_2_font_size_tablet=&#8220;&#8220; header_2_font_size_phone=&#8220;28px&#8220; header_2_font_size_last_edited=&#8220;on|desktop&#8220; locked=&#8220;off&#8220; global_colors_info=&#8220;{}&#8220;]<\/p>\n<h1><span style=\"color: #000000;\"><strong>Datenschutz<\/strong><\/span><\/h1>\n<p>[\/et_pb_text][et_pb_divider color=&#8220;#000000&#8243; divider_weight=&#8220;5px&#8220; _builder_version=&#8220;4.16&#8243; max_width=&#8220;80px&#8220; module_alignment=&#8220;center&#8220; custom_margin=&#8220;-26px||||false|false&#8220; locked=&#8220;off&#8220; global_colors_info=&#8220;{}&#8220;][\/et_pb_divider][\/et_pb_column][\/et_pb_row][et_pb_row _builder_version=&#8220;4.16&#8243; _module_preset=&#8220;default&#8220; global_colors_info=&#8220;{}&#8220;][et_pb_column type=&#8220;4_4&#8243; _builder_version=&#8220;4.16&#8243; _module_preset=&#8220;default&#8220; global_colors_info=&#8220;{}&#8220;][et_pb_text _builder_version=&#8220;4.16&#8243; _module_preset=&#8220;default&#8220; text_font=&#8220;Visby CF||||||||&#8220; global_colors_info=&#8220;{}&#8220;]<\/p>\n<ol>\n<li><strong>Grunds\u00e4tzliches<\/strong><\/li>\n<\/ol>\n<p>Plein`R S\u00e0rl nimmt R\u00fccksicht auf den Schutz ihrer Privatsph\u00e4re. Die vorliegende Erkl\u00e4rung beschreibt unsere Vertraulichkeitspolitik, anders gesagt die Verarbeitung ihrer pers\u00f6nlichen Daten, die wir \u00fcber unsere Webseite oder generell im Rahmen unserer angebotenen Dienstleistungen gewinnen.<\/p>\n<p>Wir erfassen und verarbeiten ihre pers\u00f6nlichen Daten mit der gr\u00f6ssten Sorgfalt und im Respekt der gesetzlichen anwendbaren Anordnungen. Die Benutzung limitiert sich strikt auf das Notwendigste und erfolgt mit dem ausschliesslichen Zweck der hier beschriebenen Erkl\u00e4rung. Wir speichern ihre pers\u00f6nlichen Daten nur f\u00fcr die notwendige Zeit, um unsere Dienstleistungen zu erbringen oder f\u00fcr die vom Gesetz geforderte Zeit. In Zusammenarbeit mit unseren Webseitenbetreibern haben wir alles eingerichtet, um unsere Datenbanken vor externen Eindringlingen, Verlusten, Missbrauch oder F\u00e4lschung zu sch\u00fctzen.<\/p>\n<p>Unter pers\u00f6nlichen Daten verstehen wir alle Informationen, die sich auf eine identifizierbare Person beziehen. Jede Person hat das Recht auf den Schutz seiner Privatsph\u00e4re sowie auf den Schutz gegen Missbrauch der sie betreffenden Daten (Gesetz vom 11.9.2007 f\u00fcr den Schutz von pers\u00f6nlichen Daten, LPrD: RSV 172.65).<\/p>\n<p>Die pers\u00f6nlichen Daten werden weder verkauft noch an Drittpersonen kommuniziert. Jeder m\u00f6gliche Subunternehmer erh\u00e4lt ausschliesslich die notwendigen Daten um den ihm anvertraute Auftrag auszuf\u00fchren. Er untersteht ausserdem den Vertraulichkeitsbedingungen. Sie k\u00f6nnen uns alle diesbez\u00fcglichen Fragen an die folgende Adresse stellen: Plein`R S\u00e0rl, Rte du Soleil 18. 1926 Fully VS, <a href=\"mailto:info@pleinr.ch\">info@pleinr.ch<\/a><\/p>\n<p>Spiruline-Valais kann keine Verantwortung \u00fcbernehmen f\u00fcr die Loyalit\u00e4t und die Integrit\u00e4t der auf unserer Webseite publizierten Inhalte. Wir behalten uns das Recht vor, Teile oder den gesamten Inhalt der Webseite zu entfernen oder die Verbreitung zu unterbrechen und dies jederzeit und ohne vorangehende Ank\u00fcndigung.<\/p>\n<p>&nbsp;<\/p>\n<ol start=\"2\">\n<li><strong>Sammlung und Behandlung der pers\u00f6nlichen Daten<\/strong><\/li>\n<\/ol>\n<p>Wenn sie auf unserer Webseite navigieren und auf unsere Dienstleistungen zugreifen akzeptieren sie damit unsere Datenschutzbestimmungen und stimmen zu, dass wir ihre pers\u00f6nlichen Daten, wie vorgehend beschrieben, nutzen.<\/p>\n<p>Wir behandeln ausserdem ihre pers\u00f6nlichen Daten gem\u00e4ss dem geltenden Recht und im Rahmen wie es uns notwendig erscheint. Wenn sie freiwillig ihre Daten eingeben, zB. bei der Ben\u00fctzung eines Kontaktformulars, bei der Anmeldung zu unserem Newsletter oder im Rahmen des Kaufprozesses \u00fcber unsere Webseite, so sammeln wir automatisch die folgenden Daten: IP Adresse, Datum, Zeit, Nummer der Navigationssoftware. Wir k\u00f6nnten verpflichtet sein diese Angaben auch Dritten anzugeben, im Rahmen von gesetzlichen Verpflichtungen speziell in Anwendung des Bundes Rechtes \u00fcber \u00dcberwachung der Korrespondenz f\u00fcr Post und Telekommunikation (LSCPT) und seine ausf\u00fchrenden Bestimmungen.<\/p>\n<p>Wir ben\u00fctzen Ihre Daten nur zur Ausf\u00fchrung ihrer Anfragen, f\u00fcr unseren Kundenservice, die technische Administration und f\u00fcr anonyme statistische Auswertungen, um unsere Angebote und die Qualit\u00e4t unserer Webseite zu verbessern.<\/p>\n<p>&nbsp;<\/p>\n<ol start=\"3\">\n<li><strong>Cookies<\/strong><\/li>\n<\/ol>\n<p>Auf dieser Webseite nutzen wir \u00abCookies\u00bb und andere \u00e4hnliche Techniken, die uns erlauben ihren Dienstleister oder ihr Ger\u00e4t zu erkennen. Ein Cookie ist eine kleine Datei, die an ihren Computer gesendet wird und von ihrem Web Navigator automatisch auf ihrem Computer oder ihrem Mobil-Ger\u00e4t registriert wird, wenn sie auf unserer Webseite sind. Sobald sie die gleiche Webseite wieder aufrufen, k\u00f6nnen wir sie erkennen, auch wenn wir nicht wissen, wer sie sind. Neben den Cookies, die nur w\u00e4hrend eines Besuches der Webseite genutzt werden und die nach dem Verlassen der Webseite wieder gel\u00f6scht werden (\u00abCookies of session\u00bb), k\u00f6nnen auch Cookies genutzt werden, die eine permanente Speicherung der Einstellungen des Besuchers und anderer Informationen w\u00e4hrend einer bestimmten Zeit (zb. zwei Jahre) erlauben (\u00abpermanente Cookies\u00bb). Sie k\u00f6nnen jedoch die Einstellungen ihres Computers so programmieren, dass er Cookies ablehnt, sie nur f\u00fcr einen Besuch der Webseite erlaubt oder sie wieder selbst\u00e4ndig l\u00f6scht. Die meisten Einstellungen sind so programmiert, dass sie Cookies erlauben. Wir nutzen permanente Cookies, um besser zu versstehen, wie sie unsere Angebote und unseren Inhalt nutzen. Wenn sie Cookies l\u00f6schen kann es sein, dass gewisse Einstellungen nicht mehr funktionieren (zb. Einstellung der Sprache).<\/p>\n<p>In unseren Newsletter und anderen elektronischen Marketingmails integrieren wir, im Rahmen des Erlaubten, sichtbare und unsichtbare Bildelemente die uns erlauben, ihren Server zu konsultieren und zu bestimmen ob und wann sie unsere Nachrichten ge\u00f6ffnet haben, um zu messen und besser zu verstehen wie sie unsere Offerten nutzen und um sie ihren Bed\u00fcrfnissen anzupassen. Sie haben die M\u00f6glichkeit diesen Ablauf in ihrem Nachrichtenprogramm zu blockieren.<\/p>\n<p>In dem sie unsere Webseite nutzen und unsere Newsletter und andere Marketingnachrichten empfangen, akzeptieren sie die Verwendung dieser Techniken. Falls sie das nicht wollen, so m\u00fcssen sie die Einstellungen ihres Servers oder ihres Nachrichtenprogramms \u00e4ndern.<\/p>\n<p>Wir nutzen Google Analytics. Es handelt sie dabei um einen Service eines Drittanbieters, der in irgend einem Land der Welt seinen Sitz hat (im Falle von Google Analytics handelt es sich um Google LLC in den Vereinigten Staaten von Amerika <a href=\"http:\/\/www.google.com\" target=\"_blank\" rel=\"noopener\">www.google.com<\/a>), dank dem wir die Nutzung unserer Webseite messen und bestimmen k\u00f6nnen (auf der Basis von nicht pers\u00f6nlichen Daten). In diesem Fall werden permanente Cookies durch den Anbieter dieses Service eingesetzt. Wir kommunizieren keinerlei pers\u00f6nliche Daten an den Anbieter dieser Dienstleistung (der auch keine IP Adresse speichert), aber dieser Anbieter kann ihre Nutzung unserer Webseite verfolgen, diese Informationen mit Daten von anderen Webseiten, die sie im Internet besucht haben und denen er auch verfolgt, kombinieren. Er kann diese Daten dann zur Personifizierung nutzen (zb. f\u00fcr die Anpassung der Werbung). Wenn sie beim Anbieter dieser Dienstleistung angemeldet sind, kennt er sie ebenfalls. Die Verwaltung ihrer pers\u00f6nlichen Daten durch den Drittanbieter dieser Dienstleistung untersteht damit der Verantwortung gem\u00e4ss seinem Datenschutz.<\/p>\n<p>Wir haben die Anonymisierung der IP Adressen per Verschl\u00fcsselung aktiviert, das heisst dass die IP Adresse des Nutzers unserer Webseite, die notwendigerweise an die Server von Google Analytics \u00fcbermittelt werden, automatisch und innert k\u00fcrzester Zeit gel\u00f6scht werden (dank der Codierung mit Secure Socket Layer). Massnahmen gegen den Verlust, die Vernichtung, den Zugang, die \u00c4nderung oder die Verbreitung ihrer Daten durch nicht autorisierte Personen sind eingerichtet worden. Trotzdem k\u00f6nnen wir nicht garantieren, dass ihre Daten nicht ver\u00e4ndert, zerst\u00f6rt, darauf unbefugt zugegriffen oder missbr\u00e4uchlich verwendet werden. In dem sie unsere Webseite oder unsere Dienstleistungen benutzen, verstehen und akzeptieren sie diese Risiken.\u00a0<\/p>\n<p>Wir nutzen ausserdem auf unserer Webseite Plug-Ins f\u00fcr soziale Netze wie Facebook, Instagram, Twitter. Sie k\u00f6nnen normalerweise an entsprechenden Symbolen erkennen. Wir haben diese Elemente so konfiguriert, dass sie automatisch desaktiviert werden. Wenn sie diese aktivieren (in dem sie daraufklicken), werden die Daten bez\u00fcglich ihres Besuches auf unserer Webseite dem Anbieter der sozialen Netze weitergeleitet, der sie f\u00fcr seine eigenen Bed\u00fcrfnisse verwenden kann. Die Behandlung ihrer pers\u00f6nlichen Daten untersteht somit der Verantwortung dieses Betreibers gem\u00e4ss seinen Datenschutz-Bestimmungen. Er meldet uns keinerlei Informationen \u00fcber sie.<\/p>\n<p>&nbsp;<\/p>\n<ol start=\"4\">\n<li><strong>\u00dcbermittlung von Daten an Dritte<\/strong><\/li>\n<\/ol>\n<p>Ihre pers\u00f6nlichen Daten werden nicht an Dritte \u00fcbermittelt oder verkauft, ausser sie sind zur Erf\u00fcllung des Vertrages oder von gesetzlichen Vorgaben notwendig und sie dem ausdr\u00fccklich zugestimmt haben.\u00a0<\/p>\n<p>&nbsp;<\/p>\n<ol start=\"5\">\n<li><strong>Profilerstellung und automatische Entscheidungsf\u00e4llung<\/strong><\/li>\n<\/ol>\n<p>Die pers\u00f6nlichen Daten unterstehen nicht einer automatischen Entscheidungsf\u00e4llung. Keinerlei Profilerstellung wird mit den pers\u00f6nlichen Daten gehandhabt.<\/p>\n<p>&nbsp;<\/p>\n<ol start=\"6\">\n<li><strong>Dauer der Aufbewahrung der pers\u00f6nlichen Daten<\/strong><\/li>\n<\/ol>\n<p>Wir behandeln und speichern ihre pers\u00f6nlichen Daten nur so lange, wie es f\u00fcr die Ausf\u00fchrung unserer Dienstleistungen notwendig ist.<\/p>\n<p>&nbsp;<\/p>\n<ol start=\"7\">\n<li><strong>Zugriff<\/strong><\/li>\n<\/ol>\n<p>Gem\u00e4ss dem Schweizer Bundesgesetz \u00fcber den Datenschutz haben sie das Recht auf Information, Einspruch, Zugang, Korrektur und L\u00f6schung ihrer Daten. Sie k\u00f6nnen dieses Recht aus\u00fcben, indem sie uns an folgende Adresse schreiben.<\/p>\n<p>&nbsp;<\/p>\n<ol start=\"8\">\n<li><strong>\u00c4nderungen des Datenschutzes<\/strong><\/li>\n<\/ol>\n<p>Wir behalten uns das Recht vor die vorliegenden Datenschutz-Bestimmungen jederzeit und ohne Ank\u00fcndigung zu \u00e4ndern. Die g\u00fcltige Version ist jene, welche aktuell auf unserer Webseite publiziert ist.<\/p>\n<p style=\"text-align: right;\"><em>Version vom 8. September 2020<\/em><\/p>\n<p>[\/et_pb_text][\/et_pb_column][\/et_pb_row][\/et_pb_section][et_pb_section fb_built=&#8220;1&#8243; custom_padding_last_edited=&#8220;on|phone&#8220; admin_label=&#8220;Section&#8220; _builder_version=&#8220;4.16&#8243; background_color=&#8220;#8cd7c5&#8243; custom_margin=&#8220;0px||||false|false&#8220; custom_padding=&#8220;62px||0px|||&#8220; custom_padding_tablet=&#8220;&#8220; custom_padding_phone=&#8220;10px||50px||false|false&#8220; saved_tabs=&#8220;all&#8220; global_colors_info=&#8220;{}&#8220;][et_pb_row column_structure=&#8220;1_4,1_4,1_4,1_4&#8243; _builder_version=&#8220;4.16&#8243; width_tablet=&#8220;&#8220; width_phone=&#8220;90%&#8220; width_last_edited=&#8220;on|phone&#8220; custom_padding=&#8220;0px|||||&#8220; global_colors_info=&#8220;{}&#8220;][et_pb_column type=&#8220;1_4&#8243; _builder_version=&#8220;4.16&#8243; custom_padding=&#8220;0px||||false|false&#8220; global_colors_info=&#8220;{}&#8220;][et_pb_image src=&#8220;https:\/\/spiruline-valais.ch\/wp-content\/uploads\/2020\/08\/logo-blanc.png&#8220; alt=&#8220;logo-spiruline-blanc&#8220; title_text=&#8220;logo-spiruline-blanc&#8220; _builder_version=&#8220;4.16&#8243; transform_scale_tablet=&#8220;&#8220; transform_scale_phone=&#8220;50%|50%&#8220; transform_scale_last_edited=&#8220;on|phone&#8220; transform_translate_tablet=&#8220;&#8220; transform_translate_phone=&#8220;&#8220; transform_translate_last_edited=&#8220;on|phone&#8220; transform_rotate_tablet=&#8220;&#8220; transform_rotate_phone=&#8220;&#8220; transform_rotate_last_edited=&#8220;on|phone&#8220; transform_skew_tablet=&#8220;&#8220; transform_skew_phone=&#8220;&#8220; transform_skew_last_edited=&#8220;on|phone&#8220; transform_origin_tablet=&#8220;&#8220; transform_origin_phone=&#8220;&#8220; transform_origin_last_edited=&#8220;on|phone&#8220; transform_styles_last_edited=&#8220;on|phone&#8220; custom_margin=&#8220;20px||||false|false&#8220; custom_margin_tablet=&#8220;50px||||false|false&#8220; custom_margin_phone=&#8220;0px||||false|false&#8220; custom_margin_last_edited=&#8220;on|phone&#8220; custom_padding=&#8220;0px|60px||60px|false|false&#8220; transform_styles_tablet=&#8220;&#8220; transform_styles_phone=&#8220;&#8220; border_radii=&#8220;on|1px|1px|1px|1px&#8220; global_colors_info=&#8220;{}&#8220;][\/et_pb_image][\/et_pb_column][et_pb_column type=&#8220;1_4&#8243; _builder_version=&#8220;4.16&#8243; global_colors_info=&#8220;{}&#8220;][et_pb_text content_tablet=&#8220;<\/p>\n<h4 style=%22text-align: center;%22><span style=%22color: #ffffff;%22>Plein&#8217;R s\u00e0rl &#8211; Robin Dorsaz<\/span><br \/> <span style=%22color: #ffffff;%22> Chemin des Marais-Neufs 31<\/span><br \/> <span style=%22color: #ffffff;%22> 1907 Saxon<\/span><\/h4>\n<h4 style=%22text-align: center;%22><span style=%22color: #ffffff;%22><a href=%22mailto:info@spiruline-valais.ch%22 style=%22color: #ffffff;%22>info@spiruline-valais.ch<\/a><\/span><br \/> <span style=%22color: #ffffff;%22> <a href=%22tel:0041797395317%22 style=%22color: #ffffff;%22>+41 79 739 53 17<\/a><\/span><\/h4>\n<p>&#8220; content_phone=&#8220;<\/p>\n<h4 style=%22text-align: center;%22><span style=%22color: #ffffff;%22>Plein&#8217;R s\u00e0rl &#8211; Robin Dorsaz<\/span><br \/><span style=%22color: #ffffff;%22> Chemin des Marais-Neufs 31<\/span><br \/><span style=%22color: #ffffff;%22> 1907 Saxon<\/span><\/h4>\n<p>&#8220; content_last_edited=&#8220;on|phone&#8220; _builder_version=&#8220;4.16&#8243; text_text_color=&#8220;#ffffff&#8220; text_font_size=&#8220;15px&#8220; header_font=&#8220;||||||||&#8220; header_text_color=&#8220;#ffffff&#8220; background_enable_color=&#8220;off&#8220; custom_margin=&#8220;40px||40px||true|false&#8220; custom_margin_tablet=&#8220;0px||40px||false|false&#8220; custom_margin_phone=&#8220;-50px||-40px||false|false&#8220; custom_margin_last_edited=&#8220;on|phone&#8220; custom_padding=&#8220;||0px|||&#8220; header_2_font_size_tablet=&#8220;&#8220; header_2_font_size_phone=&#8220;28px&#8220; header_2_font_size_last_edited=&#8220;on|desktop&#8220; global_colors_info=&#8220;{}&#8220;]<\/p>\n<h4 style=\"text-align: center;\"><span style=\"color: #ffffff;\">Plein&#8217;R s\u00e0rl &#8211; Robin Dorsaz<\/span><br \/><span style=\"color: #ffffff;\"> Chemin des Marais-Neufs 31<\/span><br \/><span style=\"color: #ffffff;\"> 1907 Saxon<\/span><\/h4>\n<p>[\/et_pb_text][\/et_pb_column][et_pb_column type=&#8220;1_4&#8243; _builder_version=&#8220;4.16&#8243; global_colors_info=&#8220;{}&#8220;][et_pb_text content_tablet=&#8220;&#8220; content_phone=&#8220;<\/p>\n<h4 style=%22text-align: center;%22><span style=%22color: #ffffff;%22><a href=%22tel:0041797395317%22 style=%22color: #ffffff;%22>+41 79 739 53 17<\/a><\/span><\/h4>\n<p>&nbsp;&#8220; content_last_edited=&#8220;on|phone&#8220; disabled_on=&#8220;off|on|off&#8220; _builder_version=&#8220;4.27.4&#8243; text_text_color=&#8220;#ffffff&#8220; text_font_size=&#8220;15px&#8220; header_font=&#8220;||||||||&#8220; background_enable_color=&#8220;off&#8220; custom_margin=&#8220;40px||40px||true|false&#8220; custom_margin_tablet=&#8220;0px||0px||true|false&#8220; custom_margin_phone=&#8220;10px||33px||false|false&#8220; custom_margin_last_edited=&#8220;on|phone&#8220; custom_padding=&#8220;||0px|||&#8220; hover_enabled=&#8220;0&#8243; header_2_font_size_tablet=&#8220;&#8220; header_2_font_size_phone=&#8220;28px&#8220; header_2_font_size_last_edited=&#8220;on|desktop&#8220; global_colors_info=&#8220;{}&#8220; sticky_enabled=&#8220;0&#8243;]<\/p>\n<h4 style=\"text-align: center;\"><span style=\"color: #ffffff;\"><a href=\"tel:0041797395317\" style=\"color: #ffffff;\">+41 79 739 53 17<\/a><\/span><\/h4>\n<p>[\/et_pb_text][\/et_pb_column][et_pb_column type=&#8220;1_4&#8243; _builder_version=&#8220;4.16&#8243; global_colors_info=&#8220;{}&#8220;][et_pb_social_media_follow use_icon_font_size=&#8220;on&#8220; _builder_version=&#8220;4.16&#8243; _module_preset=&#8220;default&#8220; text_orientation=&#8220;center&#8220; custom_margin=&#8220;40px||40px||true|false&#8220; custom_margin_tablet=&#8220;-80px||0px||false|false&#8220; custom_margin_phone=&#8220;-40px||0px||false|false&#8220; custom_margin_last_edited=&#8220;on|phone&#8220; custom_padding=&#8220;||0px|||&#8220; border_radii=&#8220;on|30px|30px|30px|30px&#8220; border_width_all=&#8220;2px&#8220; border_color_all=&#8220;#ffffff&#8220; global_colors_info=&#8220;{}&#8220;][et_pb_social_media_follow_network social_network=&#8220;facebook&#8220; icon_color=&#8220;#ffffff&#8220; use_icon_font_size=&#8220;on&#8220; icon_font_size=&#8220;20px&#8220; _builder_version=&#8220;4.16&#8243; _module_preset=&#8220;default&#8220; background_enable_color=&#8220;off&#8220; global_colors_info=&#8220;{}&#8220; follow_button=&#8220;off&#8220; url_new_window=&#8220;on&#8220;]facebook[\/et_pb_social_media_follow_network][et_pb_social_media_follow_network social_network=&#8220;instagram&#8220; url=&#8220;https:\/\/www.instagram.com\/spiruline_valais\/&#8220; icon_color=&#8220;#ffffff&#8220; use_icon_font_size=&#8220;on&#8220; icon_font_size=&#8220;20px&#8220; _builder_version=&#8220;4.16&#8243; _module_preset=&#8220;default&#8220; background_enable_color=&#8220;off&#8220; global_colors_info=&#8220;{}&#8220; follow_button=&#8220;off&#8220; url_new_window=&#8220;on&#8220;]instagram[\/et_pb_social_media_follow_network][\/et_pb_social_media_follow][\/et_pb_column][\/et_pb_row][\/et_pb_section]<\/p>\n","protected":false},"excerpt":{"rendered":"<p>Datenschutz Grunds\u00e4tzliches Plein`R S\u00e0rl nimmt R\u00fccksicht auf den Schutz ihrer Privatsph\u00e4re. Die vorliegende Erkl\u00e4rung beschreibt unsere Vertraulichkeitspolitik, anders gesagt die Verarbeitung ihrer pers\u00f6nlichen Daten, die wir \u00fcber unsere Webseite oder generell im Rahmen unserer angebotenen Dienstleistungen gewinnen. Wir erfassen und verarbeiten ihre pers\u00f6nlichen Daten mit der gr\u00f6ssten Sorgfalt und im Respekt der gesetzlichen anwendbaren Anordnungen. [&hellip;]<\/p>\n","protected":false},"author":1,"featured_media":0,"parent":0,"menu_order":0,"comment_status":"closed","ping_status":"closed","template":"","meta":{"_et_pb_use_builder":"on","_et_pb_old_content":"","_et_gb_content_width":"","footnotes":""},"class_list":["post-31407","page","type-page","status-publish","hentry"],"_links":{"self":[{"href":"https:\/\/spiruline-valais.ch\/de\/wp-json\/wp\/v2\/pages\/31407","targetHints":{"allow":["GET"]}}],"collection":[{"href":"https:\/\/spiruline-valais.ch\/de\/wp-json\/wp\/v2\/pages"}],"about":[{"href":"https:\/\/spiruline-valais.ch\/de\/wp-json\/wp\/v2\/types\/page"}],"author":[{"embeddable":true,"href":"https:\/\/spiruline-valais.ch\/de\/wp-json\/wp\/v2\/users\/1"}],"replies":[{"embeddable":true,"href":"https:\/\/spiruline-valais.ch\/de\/wp-json\/wp\/v2\/comments?post=31407"}],"version-history":[{"count":4,"href":"https:\/\/spiruline-valais.ch\/de\/wp-json\/wp\/v2\/pages\/31407\/revisions"}],"predecessor-version":[{"id":44188,"href":"https:\/\/spiruline-valais.ch\/de\/wp-json\/wp\/v2\/pages\/31407\/revisions\/44188"}],"wp:attachment":[{"href":"https:\/\/spiruline-valais.ch\/de\/wp-json\/wp\/v2\/media?parent=31407"}],"curies":[{"name":"wp","href":"https:\/\/api.w.org\/{rel}","templated":true}]}}