{"id":31403,"date":"2020-11-02T15:20:51","date_gmt":"2020-11-02T14:20:51","guid":{"rendered":"https:\/\/9a1cfabmwk.preview.infomaniak.website\/die-konsummation-von-spirulina\/"},"modified":"2024-04-15T21:46:44","modified_gmt":"2024-04-15T19:46:44","slug":"konsummation","status":"publish","type":"page","link":"https:\/\/spiruline-valais.ch\/de\/konsummation\/","title":{"rendered":"Die Konsummation von Spirulina"},"content":{"rendered":"<p>[et_pb_section fb_built=&#8220;1&#8243; _builder_version=&#8220;4.16&#8243; background_enable_image=&#8220;off&#8220; custom_margin=&#8220;0px||||false|false&#8220; custom_padding=&#8220;50px||50px||true|false&#8220; global_colors_info=&#8220;{}&#8220; custom_margin_tablet=&#8220;-20px||||false|false&#8220; custom_margin_phone=&#8220;-40px||||false|false&#8220; custom_margin_last_edited=&#8220;on|phone&#8220;][et_pb_row _builder_version=&#8220;4.19.1&#8243; width_tablet=&#8220;&#8220; width_phone=&#8220;90%&#8220; width_last_edited=&#8220;on|phone&#8220; global_colors_info=&#8220;{}&#8220;][et_pb_column type=&#8220;4_4&#8243; _builder_version=&#8220;4.16&#8243; custom_padding=&#8220;|||&#8220; global_colors_info=&#8220;{}&#8220; custom_padding__hover=&#8220;|||&#8220;][et_pb_text _builder_version=&#8220;4.16&#8243; text_font=&#8220;||||||||&#8220; text_text_color=&#8220;#000000&#8243; header_font=&#8220;||||||||&#8220; header_2_font=&#8220;Frank Ruhl Libre||||||||&#8220; header_2_font_size=&#8220;48px&#8220; text_orientation=&#8220;center&#8220; background_layout=&#8220;dark&#8220; custom_padding=&#8220;0px||||false|false&#8220; header_2_font_size_tablet=&#8220;&#8220; header_2_font_size_phone=&#8220;28px&#8220; header_2_font_size_last_edited=&#8220;on|desktop&#8220; locked=&#8220;off&#8220; global_colors_info=&#8220;{}&#8220;]<\/p>\n<h1><span style=\"color: #14967f;\"><strong>Konsummation<\/strong><\/span><\/h1>\n<p>[\/et_pb_text][et_pb_divider color=&#8220;#000000&#8243; divider_weight=&#8220;5px&#8220; _builder_version=&#8220;4.16&#8243; max_width=&#8220;80px&#8220; module_alignment=&#8220;center&#8220; custom_margin=&#8220;-26px||||false|false&#8220; locked=&#8220;off&#8220; global_colors_info=&#8220;{}&#8220;][\/et_pb_divider][\/et_pb_column][\/et_pb_row][et_pb_row column_structure=&#8220;1_2,1_2&#8243; _builder_version=&#8220;4.19.3&#8243; width_tablet=&#8220;&#8220; width_phone=&#8220;90%&#8220; width_last_edited=&#8220;on|phone&#8220; custom_margin=&#8220;||||false|false&#8220; custom_padding=&#8220;0px||||false|false&#8220; global_colors_info=&#8220;{}&#8220;][et_pb_column type=&#8220;1_2&#8243; _builder_version=&#8220;4.16&#8243; global_colors_info=&#8220;{}&#8220;][et_pb_text content_tablet=&#8220;<\/p>\n<h2><span style=%22color: #000000;%22><strong>Welche Menge?<\/strong><\/span><\/h2>\n<p style=%22text-align: left;%22><span style=%22font-size: 16px;%22><\/span><\/p>\n<p>Spirulina ist ein Lebensmittel und somit hat es keine zwingende Dosierung. Die empfohlene Tagesration ist ein Kaffeel\u00f6ffel (3-5 Gramm). Die Menge kann je nach pers\u00f6nlichem Gef\u00fchl und Bedarf verdoppelt werden, speziell f\u00fcr Sportler und Veganer. Vorzugsweise am Morgen zum Fr\u00fchst\u00fcck oder vor einer k\u00f6rperlichen Anstrengung, um kurzfristig Energie zuzuf\u00fchren.<\/p>\n<p>\u00a0Die Einnahmedauer sollte je nach pers\u00f6nlichem Gef\u00fchl und Energiebedarf angepasst werden. Man kann Spirulina das ganze Jahr konsumieren, 2-monatige Kuren machen oder ab und zu Kuren einf\u00fcgen, zum Beispiel vor dem Winter oder w\u00e4hrend einer Wettkampfperiode. Profitieren sie vom Rabatt mit einem Jahresabonnement!<\/p>\n<p>&#8220; content_phone=&#8220;<\/p>\n<h2><span style=%22color: #000000;%22><strong>Welche Menge?<\/strong><\/span><\/h2>\n<p style=%22text-align: left;%22><span style=%22font-size: 16px;%22><\/span><\/p>\n<p>Spirulina ist ein Lebensmittel und somit hat es keine zwingende Dosierung. Die empfohlene Tagesration ist ein Kaffeel\u00f6ffel (3-5 Gramm). Die Menge kann je nach pers\u00f6nlichem Gef\u00fchl und Bedarf verdoppelt werden, speziell f\u00fcr Sportler und Veganer. Vorzugsweise am Morgen zum Fr\u00fchst\u00fcck oder vor einer k\u00f6rperlichen Anstrengung, um kurzfristig Energie zuzuf\u00fchren.<\/p>\n<p>\u00a0Die Einnahmedauer sollte je nach pers\u00f6nlichem Gef\u00fchl und Energiebedarf angepasst werden. Man kann Spirulina das ganze Jahr konsumieren, 2-monatige Kuren machen oder ab und zu Kuren einf\u00fcgen, zum Beispiel vor dem Winter oder w\u00e4hrend einer Wettkampfperiode. Profitieren sie vom Rabatt mit einem Jahresabonnement!<\/p>\n<p>&#8220; content_last_edited=&#8220;on|phone&#8220; _builder_version=&#8220;4.19.1&#8243; text_font=&#8220;Visby CF||||||||&#8220; header_2_font=&#8220;|700|||||||&#8220; header_2_font_size=&#8220;24px&#8220; custom_margin_tablet=&#8220;&#8220; custom_margin_phone=&#8220;||0px||false|false&#8220; custom_margin_last_edited=&#8220;on|phone&#8220; custom_padding_tablet=&#8220;&#8220; custom_padding_phone=&#8220;||0px||false|false&#8220; custom_padding_last_edited=&#8220;on|phone&#8220; text_orientation_tablet=&#8220;&#8220; text_orientation_phone=&#8220;center&#8220; text_orientation_last_edited=&#8220;on|phone&#8220; global_colors_info=&#8220;{}&#8220;]<\/p>\n<h2><span style=\"color: #000000;\"><strong>Welche Menge?<\/strong><\/span><\/h2>\n<p>Spirulina ist ein Lebensmittel und somit hat es keine zwingende Dosierung. Die empfohlene Tagesration ist ein Kaffeel\u00f6ffel (3-5 Gramm). Die Menge kann je nach pers\u00f6nlichem Gef\u00fchl und Bedarf verdoppelt werden, speziell f\u00fcr Sportler und Veganer. Vorzugsweise am Morgen zum Fr\u00fchst\u00fcck oder vor einer k\u00f6rperlichen Anstrengung, um kurzfristig Energie zuzuf\u00fchren.<\/p>\n<p>\u00a0Die Einnahmedauer sollte je nach pers\u00f6nlichem Gef\u00fchl und Energiebedarf angepasst werden. Man kann Spirulina das ganze Jahr konsumieren, 2-monatige Kuren machen oder ab und zu Kuren einf\u00fcgen, zum Beispiel vor dem Winter oder w\u00e4hrend einer Wettkampfperiode. Profitieren sie vom Rabatt mit einem Jahresabonnement!<\/p>\n<p>[\/et_pb_text][\/et_pb_column][et_pb_column type=&#8220;1_2&#8243; _builder_version=&#8220;4.16&#8243; global_colors_info=&#8220;{}&#8220;][et_pb_image src=&#8220;https:\/\/spiruline-valais.ch\/wp-content\/uploads\/2020\/10\/8.produit-final_jeremie_carron-19-1.jpg&#8220; alt=&#8220;konsummation-spiruline&#8220; title_text=&#8220;konsummation-spiruline&#8220; _builder_version=&#8220;4.16&#8243; _module_preset=&#8220;default&#8220; global_colors_info=&#8220;{}&#8220;][\/et_pb_image][\/et_pb_column][\/et_pb_row][\/et_pb_section][et_pb_section fb_built=&#8220;1&#8243; _builder_version=&#8220;4.16&#8243; custom_padding=&#8220;0px|||||&#8220; global_colors_info=&#8220;{}&#8220;][et_pb_row custom_padding_last_edited=&#8220;on|tablet&#8220; _builder_version=&#8220;4.16&#8243; width_tablet=&#8220;&#8220; width_phone=&#8220;90%&#8220; width_last_edited=&#8220;on|phone&#8220; custom_padding=&#8220;100px|200px||200px|false|false&#8220; custom_padding_tablet=&#8220;50px|20px||20px|false|true&#8220; custom_padding_phone=&#8220;50px|0px||0px|false|false&#8220; global_colors_info=&#8220;{}&#8220;][et_pb_column type=&#8220;4_4&#8243; _builder_version=&#8220;4.16&#8243; global_colors_info=&#8220;{}&#8220;][et_pb_text _builder_version=&#8220;4.19.1&#8243; text_font=&#8220;Visby CF||||||||&#8220; header_2_font=&#8220;|700|||||||&#8220; header_2_font_size=&#8220;24px&#8220; global_colors_info=&#8220;{}&#8220;]<\/p>\n<h2 style=\"text-align: center;\"><strong><span style=\"color: #000000;\">Ideen zur Konsumation<\/span><br \/><\/strong><\/h2>\n<p>&nbsp;<\/p>\n<p>Die Spirulina-St\u00e4bchen k\u00f6nnen auf Speisen gestreut oder Getr\u00e4nken (Wasser, Milch, Fruchtsaft) oder einem Joghurt\/Bircherm\u00fcesli beigemischt werden. Lassen sie sich von seinem einzigartigen Geschmack \u00fcberraschen<\/p>\n<p><strong>Mit einem Fruchtsaft<\/strong><br \/>Mischen sie ihr Spirulina in ihren Fruchtsaft oder nehmen sie das Spirulina in den Mund und schlucken es mit ihrem Fruchtsaft.<\/p>\n<p><strong>In einem Smoothie<\/strong><br \/>Mischen sie die St\u00e4bchen direkt mit den Fr\u00fcchten in den Blender oder mixen sie das Spirulina vorg\u00e4ngig, um ein Puder zu erhalten und f\u00fcgen sie es dann ihrem Smoothie bei. Sie k\u00f6nnen das Spirulina auch zuerst in wenig Wasser aufl\u00f6sen und dann ihrem Smoothie beigeben.<\/p>\n<p><strong>Mit einem Salat<\/strong><br \/>Streuen sie das Spirulina auf den Salat<\/p>\n<p><strong>Mit einem Joghurt<\/strong><br \/>Mischen sie die Spirulina-St\u00e4bchen einem Joghurt bei (es wird ganz gr\u00fcn werden). Nachher k\u00f6nnen sie noch Fr\u00fcchte, Getreideflocken, Schokost\u00fcckchen oder N\u00fcsse beif\u00fcgen, um ein schmackhaftes Fr\u00fchst\u00fcck zu geniessen.<\/p>\n<p><strong>Auf ein Butterbrot<\/strong><br \/>Ob gesalzen oder ges\u00fcsst, streuen sie das Spirulina auf ihre Brote.<\/p>\n<p>[\/et_pb_text][\/et_pb_column][\/et_pb_row][\/et_pb_section][et_pb_section fb_built=&#8220;1&#8243; _builder_version=&#8220;4.16&#8243; custom_padding=&#8220;1px|||||&#8220; global_colors_info=&#8220;{}&#8220;][et_pb_row custom_padding_last_edited=&#8220;on|tablet&#8220; _builder_version=&#8220;4.16&#8243; width_tablet=&#8220;&#8220; width_phone=&#8220;90%&#8220; width_last_edited=&#8220;on|phone&#8220; custom_padding=&#8220;|200px||200px|false|false&#8220; custom_padding_tablet=&#8220;|0px||0px|false|false&#8220; custom_padding_phone=&#8220;0px|0px||0px|false|false&#8220; global_colors_info=&#8220;{}&#8220;][et_pb_column type=&#8220;4_4&#8243; _builder_version=&#8220;4.16&#8243; global_colors_info=&#8220;{}&#8220;][et_pb_text _builder_version=&#8220;4.16&#8243; header_2_font=&#8220;Visby CF-medium|700|||||||&#8220; header_2_font_size=&#8220;24px&#8220; header_2_letter_spacing_tablet=&#8220;&#8220; header_2_letter_spacing_phone=&#8220;-0.5px&#8220; header_2_letter_spacing_last_edited=&#8220;on|phone&#8220; global_colors_info=&#8220;{}&#8220;]<\/p>\n<h2 style=\"text-align: center;\"><span style=\"color: #14967f;\"><strong><span style=\"color: #000000;\">F\u00fcr wen ist Spirulina geeignet?<\/span><br \/><\/strong><\/span><\/h2>\n<p>&nbsp;<\/p>\n<div id=\"gtx-trans\" style=\"position: absolute; left: 24px; top: 7.57812px;\">\n<div class=\"gtx-trans-icon\">\u00a0<\/div>\n<\/div>\n<p>[\/et_pb_text][et_pb_accordion open_toggle_text_color=&#8220;#000000&#8243; open_toggle_background_color=&#8220;#ffffff&#8220; closed_toggle_text_color=&#8220;#000000&#8243; closed_toggle_background_color=&#8220;rgba(0,0,0,0)&#8220; icon_color=&#8220;#14967f&#8220; use_icon_font_size=&#8220;on&#8220; icon_font_size=&#8220;30px&#8220; icon_font_size_tablet=&#8220;&#8220; icon_font_size_phone=&#8220;40px&#8220; icon_font_size_last_edited=&#8220;on|phone&#8220; _builder_version=&#8220;4.16&#8243; toggle_text_color=&#8220;#000000&#8243; background_color=&#8220;rgba(0,0,0,0)&#8220; toggle_font_size_tablet=&#8220;&#8220; toggle_font_size_phone=&#8220;14px&#8220; toggle_font_size_last_edited=&#8220;on|phone&#8220; border_radii=&#8220;on|25px|25px|25px|25px&#8220; border_color_all=&#8220;#8cd7c5&#8243; global_colors_info=&#8220;{}&#8220;][et_pb_accordion_item title=&#8220;test&#8220; open=&#8220;on&#8220; _builder_version=&#8220;4.16&#8243; _module_preset=&#8220;default&#8220; custom_css_main_element=&#8220;display:none;&#8220; global_colors_info=&#8220;{}&#8220;]<\/p>\n<p>test<\/p>\n<p>[\/et_pb_accordion_item][et_pb_accordion_item title=&#8220;Ich will bei guter Gesundheit bleiben&#8220; _builder_version=&#8220;4.16&#8243; global_colors_info=&#8220;{}&#8220; open=&#8220;off&#8220;]<\/p>\n<p>Das Spirulina:<\/p>\n<p>&#8211; Unterst\u00fctzt eine ausgeglichene Ern\u00e4hrung<br \/>&#8211; Erh\u00e4lt die Balance der S\u00e4ure-Base<br \/>&#8211; Stimuliert den Organismus und das Immunsystem<br \/>&#8211; Enth\u00e4lt anti-virale Eigenschaften<br \/>&#8211; Bek\u00e4mpft freie Radikale<br \/>&#8211; Sch\u00fctzt vor kardiovaskul\u00e4ren Krankheiten<\/p>\n<p>[\/et_pb_accordion_item][et_pb_accordion_item title=&#8220;Ich bin ersch\u00f6pft&#8220; _builder_version=&#8220;4.16&#8243; global_colors_info=&#8220;{}&#8220; open=&#8220;off&#8220;]<\/p>\n<p>Das Spirulina:<\/p>\n<p><em>&#8211; F\u00fchrt dem K\u00f6rper einfach assimilierbares Eisen zu (zusammen mit Vitamin C)<br \/><\/em><em>&#8211; Gibt mir Energie<br \/><\/em><em>&#8211; Hilft meinem Organismus Abwehrkr\u00e4fte zu bilden<br \/><\/em><em>&#8211; Kompensiert den periodischen Eisenverlust bei Frauen<\/em><\/p>\n<div id=\"gtx-trans\" style=\"position: absolute; left: 17px; top: 7px;\">\n<div class=\"gtx-trans-icon\">\u00a0<\/div>\n<\/div>\n<p>[\/et_pb_accordion_item][et_pb_accordion_item title=&#8220;Ich altere&#8220; _builder_version=&#8220;4.16&#8243; border_color_all=&#8220;#8cd7c5&#8243; global_colors_info=&#8220;{}&#8220; open=&#8220;off&#8220;]<\/p>\n<p>Das Spirulina:<\/p>\n<p>&#8211; Sch\u00fctzt die Haut und die Schleimh\u00e4ute<br \/>&#8211; Unterst\u00fctzt den Erhalt der normalen Knochenstruktur<\/p>\n<p>[\/et_pb_accordion_item][et_pb_accordion_item title=&#8220;Ich bin Student&#8220; _builder_version=&#8220;4.16&#8243; global_colors_info=&#8220;{}&#8220; open=&#8220;off&#8220;]<\/p>\n<p>Das Spirulina:<\/p>\n<p>&#8211; Stimuliert die intellektuellen Funktionen<br \/>&#8211; Hilft Stress und M\u00fcdigkeit zu bek\u00e4mpfen<\/p>\n<p>[\/et_pb_accordion_item][et_pb_accordion_item title=&#8220;Ich treibe Sport&#8220; _builder_version=&#8220;4.16&#8243; global_colors_info=&#8220;{}&#8220; open=&#8220;off&#8220;]<\/p>\n<p>Das Spirulina:<\/p>\n<p>&#8211; Bringt komplette Proteine<br \/>&#8211; F\u00fcgt dem Metabolismus Energie zu<br \/>&#8211; Bek\u00e4mpft Muskelerm\u00fcdung<br \/>&#8211; Unterst\u00fctzt eine bessere Erholung<br \/>&#8211; Transportiert mehr Sauerstoff in den K\u00f6rper<\/p>\n<div id=\"gtx-trans\" style=\"position: absolute; left: 18px; top: 55px;\">\n<div class=\"gtx-trans-icon\">\u00a0<\/div>\n<\/div>\n<p>[\/et_pb_accordion_item][et_pb_accordion_item title=&#8220;Ich bin Vegetarier\/in oder vegan&#8220; _builder_version=&#8220;4.16&#8243; global_colors_info=&#8220;{}&#8220; open=&#8220;off&#8220;]<\/p>\n<p>Das Spirulina:<\/p>\n<p>&#8211; Hilft M\u00e4ngel zu vermeiden<br \/>&#8211; Gibt mir Qualit\u00e4ts-Proteine und andere N\u00e4hrstoffe<\/p>\n<p>[\/et_pb_accordion_item][et_pb_accordion_item title=&#8220;Kontraindikationen&#8220; _builder_version=&#8220;4.16&#8243; global_colors_info=&#8220;{}&#8220; open=&#8220;off&#8220;]<\/p>\n<p>&#8211; Ich habe H\u00e4mochromatose<br \/>&#8211; Ich habe Nierenprobleme<br \/><span lang=\"de-CH\">&#8211; Ich habe Trombosen<br \/><\/span><span lang=\"de-CH\">&#8211; Ich nehme Antikoagulanzien<br \/><\/span><span lang=\"de-CH\">&#8211; Ich bin in krebsbehandlung<\/span><\/p>\n<p>[\/et_pb_accordion_item][\/et_pb_accordion][\/et_pb_column][\/et_pb_row][\/et_pb_section][et_pb_section fb_built=&#8220;1&#8243; custom_padding_last_edited=&#8220;on|phone&#8220; admin_label=&#8220;Section&#8220; _builder_version=&#8220;4.6.1&#8243; background_color=&#8220;#8cd7c5&#8243; custom_margin=&#8220;0px||||false|false&#8220; custom_padding=&#8220;62px||0px|||&#8220; custom_padding_tablet=&#8220;&#8220; custom_padding_phone=&#8220;10px||50px||false|false&#8220; global_module=&#8220;30359&#8243; saved_tabs=&#8220;all&#8220; global_colors_info=&#8220;{}&#8220;][et_pb_row column_structure=&#8220;1_4,1_4,1_4,1_4&#8243; _builder_version=&#8220;4.19.1&#8243; width_tablet=&#8220;&#8220; width_phone=&#8220;90%&#8220; width_last_edited=&#8220;on|phone&#8220; custom_margin=&#8220;-20px||||false|false&#8220; custom_padding=&#8220;0px|||||&#8220; global_colors_info=&#8220;{}&#8220;][et_pb_column type=&#8220;1_4&#8243; _builder_version=&#8220;4.16&#8243; custom_padding=&#8220;0px||||false|false&#8220; global_colors_info=&#8220;{}&#8220;][et_pb_image src=&#8220;https:\/\/spiruline-valais.ch\/wp-content\/uploads\/2020\/08\/logo-blanc.png&#8220; alt=&#8220;logo-spiruline-blanc&#8220; title_text=&#8220;logo-spiruline-blanc&#8220; align_tablet=&#8220;&#8220; align_phone=&#8220;center&#8220; align_last_edited=&#8220;on|phone&#8220; _builder_version=&#8220;4.19.1&#8243; transform_scale_tablet=&#8220;&#8220; transform_scale_phone=&#8220;50%|50%&#8220; transform_scale_last_edited=&#8220;on|phone&#8220; transform_translate_tablet=&#8220;&#8220; transform_translate_phone=&#8220;&#8220; transform_translate_last_edited=&#8220;on|phone&#8220; transform_rotate_tablet=&#8220;&#8220; transform_rotate_phone=&#8220;&#8220; transform_rotate_last_edited=&#8220;on|phone&#8220; transform_skew_tablet=&#8220;&#8220; transform_skew_phone=&#8220;&#8220; transform_skew_last_edited=&#8220;on|phone&#8220; transform_origin_tablet=&#8220;&#8220; transform_origin_phone=&#8220;&#8220; transform_origin_last_edited=&#8220;on|phone&#8220; transform_styles_last_edited=&#8220;on|phone&#8220; custom_margin=&#8220;30px||||false|false&#8220; custom_margin_tablet=&#8220;50px||||false|false&#8220; custom_margin_phone=&#8220;0px||||false|false&#8220; custom_margin_last_edited=&#8220;on|phone&#8220; custom_padding=&#8220;0px|120px||60px|false|false&#8220; custom_padding_tablet=&#8220;&#8220; custom_padding_phone=&#8220;0px|60px||60px|false|false&#8220; custom_padding_last_edited=&#8220;on|phone&#8220; transform_styles_tablet=&#8220;&#8220; transform_styles_phone=&#8220;&#8220; border_radii=&#8220;on|1px|1px|1px|1px&#8220; global_colors_info=&#8220;{}&#8220;][\/et_pb_image][\/et_pb_column][et_pb_column type=&#8220;1_4&#8243; _builder_version=&#8220;4.16&#8243; global_colors_info=&#8220;{}&#8220;][et_pb_text content_tablet=&#8220;<\/p>\n<h4 style=%22text-align: center;%22><span style=%22color: #ffffff;%22>Plein&apos;R s\u00e0rl &#8211; Robin Dorsaz<\/span><br \/> <span style=%22color: #ffffff;%22> Chemin des Marais-Neufs 31<\/span><br \/> <span style=%22color: #ffffff;%22> 1907 Saxon<\/span><\/h4>\n<h4 style=%22text-align: center;%22><span style=%22color: #ffffff;%22><a href=%22mailto:info@spiruline-valais.ch%22 style=%22color: #ffffff;%22>info@spiruline-valais.ch<\/a><\/span><br \/> <span style=%22color: #ffffff;%22> <a href=%22tel:0041797395317%22 style=%22color: #ffffff;%22>+41 79 739 53 17<\/a><\/span><\/h4>\n<p>&#8220; content_phone=&#8220;<\/p>\n<h4 style=%22text-align: center;%22><span style=%22color: #ffffff;%22>Plein&apos;R s\u00e0rl &#8211; Robin Dorsaz<\/span><br \/><span style=%22color: #ffffff;%22> Rue des Marais-Neufs 31<\/span><br \/><span style=%22color: #ffffff;%22> 1907 Saxon<\/span><\/h4>\n<p>&#8220; content_last_edited=&#8220;on|tablet&#8220; _builder_version=&#8220;4.19.1&#8243; text_font=&#8220;Visby cf|300|||||||&#8220; text_text_color=&#8220;#ffffff&#8220; text_font_size=&#8220;15px&#8220; header_text_color=&#8220;#ffffff&#8220; header_4_font=&#8220;Visbyy|600|||||||&#8220; header_4_letter_spacing=&#8220;1px&#8220; background_enable_color=&#8220;off&#8220; custom_margin=&#8220;40px|-20%|40px|-20%|true|false&#8220; custom_margin_tablet=&#8220;0px||40px||false|false&#8220; custom_margin_phone=&#8220;-50px||-40px||false|false&#8220; custom_margin_last_edited=&#8220;on|phone&#8220; custom_padding=&#8220;||0px|||&#8220; header_2_font_size_tablet=&#8220;&#8220; header_2_font_size_phone=&#8220;28px&#8220; header_2_font_size_last_edited=&#8220;on|desktop&#8220; global_colors_info=&#8220;{}&#8220;]<\/p>\n<h4 style=\"text-align: center;\"><span style=\"color: #ffffff;\">Plein&#8217;R s\u00e0rl &#8211; Robin Dorsaz<\/span><br \/><span style=\"color: #ffffff;\"> Chemin des Marais-Neufs 31<\/span><br \/><span style=\"color: #ffffff;\"> 1907 Saxon<\/span><\/h4>\n<p>[\/et_pb_text][\/et_pb_column][et_pb_column type=&#8220;1_4&#8243; _builder_version=&#8220;4.16&#8243; global_colors_info=&#8220;{}&#8220;][et_pb_text content_tablet=&#8220;&#8220; content_phone=&#8220;<\/p>\n<h4 style=%22text-align: center;%22><span style=%22color: #ffffff;%22><a href=%22mailto:info@spiruline-valais.ch%22 style=%22color: #ffffff;%22>info@spiruline-valais.ch<\/a><\/span><br \/> <span style=%22color: #ffffff;%22> <a href=%22tel:0041797395317%22 style=%22color: #ffffff;%22>+41 79 739 53 17<\/a><\/span><\/h4>\n<p>&#8220; content_last_edited=&#8220;on|phone&#8220; disabled_on=&#8220;off|on|off&#8220; _builder_version=&#8220;4.19.1&#8243; text_text_color=&#8220;#ffffff&#8220; text_font_size=&#8220;15px&#8220; header_4_font=&#8220;Visbyy|600|||||||&#8220; header_4_letter_spacing=&#8220;1px&#8220; background_enable_color=&#8220;off&#8220; custom_margin=&#8220;40px||40px||true|false&#8220; custom_margin_tablet=&#8220;0px||0px||true|false&#8220; custom_margin_phone=&#8220;10px||33px||false|false&#8220; custom_margin_last_edited=&#8220;on|phone&#8220; custom_padding=&#8220;||0px|||&#8220; header_2_font_size_tablet=&#8220;&#8220; header_2_font_size_phone=&#8220;28px&#8220; header_2_font_size_last_edited=&#8220;on|desktop&#8220; global_colors_info=&#8220;{}&#8220;]<\/p>\n<h4 style=\"text-align: center;\"><span style=\"color: #ffffff;\"><a style=\"color: #ffffff;\" href=\"mailto:info@spiruline-valais.ch\">info@spiruline-valais.ch<\/a><\/span><br \/><span style=\"color: #ffffff;\"> <a style=\"color: #ffffff;\" href=\"tel:0041797395317\">+41 79 739 53 17<\/a><\/span><\/h4>\n<p>[\/et_pb_text][\/et_pb_column][et_pb_column type=&#8220;1_4&#8243; _builder_version=&#8220;4.19.1&#8243; custom_padding_tablet=&#8220;20px||||false|false&#8220; custom_padding_phone=&#8220;&#8220; custom_padding_last_edited=&#8220;on|phone&#8220; global_colors_info=&#8220;{}&#8220;]<\/p>\n<p>[et_pb_social_media_follow use_icon_font_size=&#8220;on&#8220; _builder_version=&#8220;4.6.6&#8243; _module_preset=&#8220;default&#8220; text_orientation=&#8220;center&#8220; custom_margin=&#8220;40px||40px||true|false&#8220; custom_margin_tablet=&#8220;-80px||0px||false|false&#8220; custom_margin_phone=&#8220;-40px||0px||false|false&#8220; custom_margin_last_edited=&#8220;on|phone&#8220; custom_padding=&#8220;||0px|||&#8220; border_radii=&#8220;on|30px|30px|30px|30px&#8220; border_width_all=&#8220;2px&#8220; border_color_all=&#8220;#ffffff&#8220;][et_pb_social_media_follow_network social_network=&#8220;facebook&#8220; icon_color=&#8220;#ffffff&#8220; use_icon_font_size=&#8220;on&#8220; icon_font_size=&#8220;20px&#8220; _builder_version=&#8220;4.6.1&#8243; _module_preset=&#8220;default&#8220; background_enable_color=&#8220;off&#8220; follow_button=&#8220;off&#8220; url_new_window=&#8220;on&#8220;]facebook[\/et_pb_social_media_follow_network][et_pb_social_media_follow_network social_network=&#8220;instagram&#8220; url=&#8220;https:\/\/www.instagram.com\/spiruline_valais\/&#8220; icon_color=&#8220;#ffffff&#8220; use_icon_font_size=&#8220;on&#8220; icon_font_size=&#8220;20px&#8220; _builder_version=&#8220;4.6.1&#8243; _module_preset=&#8220;default&#8220; background_enable_color=&#8220;off&#8220; follow_button=&#8220;off&#8220; url_new_window=&#8220;on&#8220;]instagram[\/et_pb_social_media_follow_network][\/et_pb_social_media_follow]<\/p>\n<p>[\/et_pb_column][\/et_pb_row][\/et_pb_section]<\/p>\n","protected":false},"excerpt":{"rendered":"<p>KonsummationWelche Menge? Spirulina ist ein Lebensmittel und somit hat es keine zwingende Dosierung. Die empfohlene Tagesration ist ein Kaffeel\u00f6ffel (3-5 Gramm). Die Menge kann je nach pers\u00f6nlichem Gef\u00fchl und Bedarf verdoppelt werden, speziell f\u00fcr Sportler und Veganer. Vorzugsweise am Morgen zum Fr\u00fchst\u00fcck oder vor einer k\u00f6rperlichen Anstrengung, um kurzfristig Energie zuzuf\u00fchren. \u00a0Die Einnahmedauer sollte je [&hellip;]<\/p>\n","protected":false},"author":1,"featured_media":0,"parent":0,"menu_order":0,"comment_status":"closed","ping_status":"closed","template":"","meta":{"_et_pb_use_builder":"on","_et_pb_old_content":"","_et_gb_content_width":"","footnotes":""},"class_list":["post-31403","page","type-page","status-publish","hentry"],"_links":{"self":[{"href":"https:\/\/spiruline-valais.ch\/de\/wp-json\/wp\/v2\/pages\/31403","targetHints":{"allow":["GET"]}}],"collection":[{"href":"https:\/\/spiruline-valais.ch\/de\/wp-json\/wp\/v2\/pages"}],"about":[{"href":"https:\/\/spiruline-valais.ch\/de\/wp-json\/wp\/v2\/types\/page"}],"author":[{"embeddable":true,"href":"https:\/\/spiruline-valais.ch\/de\/wp-json\/wp\/v2\/users\/1"}],"replies":[{"embeddable":true,"href":"https:\/\/spiruline-valais.ch\/de\/wp-json\/wp\/v2\/comments?post=31403"}],"version-history":[{"count":20,"href":"https:\/\/spiruline-valais.ch\/de\/wp-json\/wp\/v2\/pages\/31403\/revisions"}],"predecessor-version":[{"id":43288,"href":"https:\/\/spiruline-valais.ch\/de\/wp-json\/wp\/v2\/pages\/31403\/revisions\/43288"}],"wp:attachment":[{"href":"https:\/\/spiruline-valais.ch\/de\/wp-json\/wp\/v2\/media?parent=31403"}],"curies":[{"name":"wp","href":"https:\/\/api.w.org\/{rel}","templated":true}]}}