{"id":31399,"date":"2020-11-02T15:10:01","date_gmt":"2020-11-02T14:10:01","guid":{"rendered":"https:\/\/9a1cfabmwk.preview.infomaniak.website\/die-7-vorteile-von-swiss-spirulina\/"},"modified":"2021-03-30T12:30:27","modified_gmt":"2021-03-30T10:30:27","slug":"vorteile","status":"publish","type":"page","link":"https:\/\/spiruline-valais.ch\/de\/vorteile\/","title":{"rendered":"Die 7 Vorteile von Swiss Spirulina"},"content":{"rendered":"<p>[et_pb_section fb_built=&#8220;1&#8243; _builder_version=&#8220;4.6.1&#8243; _module_preset=&#8220;default&#8220; custom_padding=&#8220;||60px|||&#8220;][et_pb_row custom_padding_last_edited=&#8220;on|phone&#8220; _builder_version=&#8220;4.6.1&#8243; custom_margin=&#8220;0px|auto||auto|false|false&#8220; custom_margin_tablet=&#8220;&#8220; custom_margin_phone=&#8220;40px||||false|false&#8220; custom_margin_last_edited=&#8220;on|phone&#8220; custom_padding=&#8220;0px||||false|false&#8220; custom_padding_tablet=&#8220;&#8220; custom_padding_phone=&#8220;0px||0px||false|false&#8220;][et_pb_column type=&#8220;4_4&#8243; _builder_version=&#8220;3.25&#8243; custom_padding=&#8220;|||&#8220; custom_padding__hover=&#8220;|||&#8220;][et_pb_text _builder_version=&#8220;4.6.1&#8243; text_font=&#8220;||||||||&#8220; text_text_color=&#8220;#000000&#8243; header_font=&#8220;||||||||&#8220; header_2_font=&#8220;Frank Ruhl Libre||||||||&#8220; header_2_font_size=&#8220;48px&#8220; text_orientation=&#8220;center&#8220; background_layout=&#8220;dark&#8220; header_2_font_size_tablet=&#8220;&#8220; header_2_font_size_phone=&#8220;28px&#8220; header_2_font_size_last_edited=&#8220;on|desktop&#8220; locked=&#8220;off&#8220;]<\/p>\n<h1><span style=\"color: #14967f;\" data-mce-style=\"color: #14967f;\"><strong>Vorteile <\/strong><\/span><\/h1>\n<p>[\/et_pb_text][et_pb_divider color=&#8220;#000000&#8243; divider_weight=&#8220;5px&#8220; _builder_version=&#8220;4.4.3&#8243; max_width=&#8220;80px&#8220; module_alignment=&#8220;center&#8220; custom_margin=&#8220;-26px||||false|false&#8220; locked=&#8220;off&#8220;][\/et_pb_divider][\/et_pb_column][\/et_pb_row][\/et_pb_section][et_pb_section fb_built=&#8220;1&#8243; _builder_version=&#8220;4.4.3&#8243; background_color=&#8220;#14967f&#8220;][et_pb_row _builder_version=&#8220;4.4.3&#8243;][et_pb_column type=&#8220;4_4&#8243; _builder_version=&#8220;4.4.3&#8243;][et_pb_text content_tablet=&#8220;<\/p>\n<h2 style=%22text-align: center;%22><strong><em>\u00ab Kein anderes Lebensmittel vereinigt so viele lebensnotwendige N\u00e4hrstoffe f\u00fcr den Menschen.\u00bb \u00bb<\/em><\/strong><\/h2>\n<p style=%22text-align: center;%22><em><br \/> Bernard Schmitt, Endrokrinologe und Direktor des Centre d\u2019enseignement et de recherches en nutrition humaine, Lorient F.<\/em><\/p>\n<p>&#8220; content_phone=&#8220;<\/p>\n<h2 style=%22text-align: center;%22><strong><em>\u00ab Kein anderes Lebensmittel vereinigt so viele lebensnotwendige N\u00e4hrstoffe f\u00fcr den Menschen.\u00bb \u00bb<\/em><\/strong><\/h2>\n<p style=%22text-align: center;%22><em><br \/> Bernard Schmitt, Endrokrinologe und Direktor des Centre d\u2019enseignement et de recherches en nutrition humaine, Lorient F.<\/em><\/p>\n<p>&#8220; content_last_edited=&#8220;on|phone&#8220; _builder_version=&#8220;4.6.1&#8243; text_text_color=&#8220;#ffffff&#8220; header_font=&#8220;Visby CF-bold||||||||&#8220; header_text_color=&#8220;#ffffff&#8220; header_2_text_color=&#8220;#ffffff&#8220; custom_margin_tablet=&#8220;&#8220; custom_margin_phone=&#8220;|-20px||-20px|false|false&#8220; custom_margin_last_edited=&#8220;on|tablet&#8220; custom_padding_tablet=&#8220;&#8220; custom_padding_phone=&#8220;|0px||0px|false|false&#8220; custom_padding_last_edited=&#8220;on|phone&#8220; header_font_size_tablet=&#8220;&#8220; header_font_size_phone=&#8220;30px&#8220; header_font_size_last_edited=&#8220;on|phone&#8220; header_2_font_size_tablet=&#8220;&#8220; header_2_font_size_phone=&#8220;24px&#8220; header_2_font_size_last_edited=&#8220;on|desktop&#8220;]<\/p>\n<h2 style=\"text-align: center;\" data-mce-style=\"text-align: center;\"><strong><em>\u00ab Kein anderes Lebensmittel vereinigt so viele lebensnotwendige N\u00e4hrstoffe f\u00fcr den Menschen.\u00bb \u00bb<\/em><\/strong><\/h2>\n<p style=\"text-align: center;\" data-mce-style=\"text-align: center;\"><em><br \/>Bernard Schmitt, Endrokrinologe und Direktor des Centre d\u2019enseignement et de recherches en nutrition humaine, Lorient F.<\/em><\/p>\n<p>[\/et_pb_text][\/et_pb_column][\/et_pb_row][\/et_pb_section][et_pb_section fb_built=&#8220;1&#8243; _builder_version=&#8220;4.4.3&#8243; custom_padding=&#8220;0px||||false|false&#8220;][et_pb_row custom_padding_last_edited=&#8220;on|phone&#8220; _builder_version=&#8220;4.6.1&#8243; custom_margin=&#8220;0px|auto||auto|false|false&#8220; custom_margin_tablet=&#8220;&#8220; custom_margin_phone=&#8220;40px||||false|false&#8220; custom_margin_last_edited=&#8220;on|phone&#8220; custom_padding=&#8220;100px||||false|false&#8220; custom_padding_tablet=&#8220;&#8220; custom_padding_phone=&#8220;0px||0px||false|false&#8220;][et_pb_column type=&#8220;4_4&#8243; _builder_version=&#8220;3.25&#8243; custom_padding=&#8220;|||&#8220; custom_padding__hover=&#8220;|||&#8220;][et_pb_text _builder_version=&#8220;4.6.1&#8243; text_font=&#8220;||||||||&#8220; text_text_color=&#8220;#000000&#8243; header_font=&#8220;||||||||&#8220; text_orientation=&#8220;center&#8220; background_layout=&#8220;dark&#8220; header_2_font_size_tablet=&#8220;&#8220; header_2_font_size_phone=&#8220;28px&#8220; header_2_font_size_last_edited=&#8220;on|desktop&#8220; locked=&#8220;off&#8220;]<\/p>\n<h2><span style=\"color: #14967f;\" data-mce-style=\"color: #14967f;\"><strong>N\u00e4hrwerte<\/strong><\/span><\/h2>\n<p>[\/et_pb_text][et_pb_divider color=&#8220;#000000&#8243; divider_weight=&#8220;5px&#8220; _builder_version=&#8220;4.4.3&#8243; max_width=&#8220;80px&#8220; module_alignment=&#8220;center&#8220; custom_margin=&#8220;-26px||||false|false&#8220; locked=&#8220;off&#8220;][\/et_pb_divider][\/et_pb_column][\/et_pb_row][et_pb_row column_structure=&#8220;1_2,1_2&#8243; _builder_version=&#8220;4.6.6&#8243; width_tablet=&#8220;&#8220; width_phone=&#8220;90%&#8220; width_last_edited=&#8220;on|phone&#8220;][et_pb_column type=&#8220;1_2&#8243; _builder_version=&#8220;4.4.3&#8243;][et_pb_text content_tablet=&#8220;<\/p>\n<p>Spirulina wird von der Weltgesundheitsorganisation (WHO) seit 2005 als <em>das reichhaltigste und kompletteste Nahrungsmittel der Welt, nach der Muttermilch<\/em>, deklariert.<\/p>\n<p>Diese Mikro-Alge ist sehr reich an pflanzlichen Proteinen, im Schnitt 65%. Sie enth\u00e4lt f\u00fcr unseren Organismus wichtige Aminos\u00e4uren, die man normalerweise nur in Fleisch findet. Sie hat auch einen interessanten Anteil an Gamma-Limnologischen Fetts\u00e4uren oder an Omega-6. Ausserdem gibt sie dem menschlichen K\u00f6rper seine Oligo-Elemente, Zinn, Selenium, Eisen, Kupfer, Chrom, Mangan, seine Mineralien, Kalzium, Magnesium, Phosphor, Potassium, Sodium und die Vitamine: A, B1, B2, B3, B6, B9, B12 und E.<\/p>\n<p>Ein anderer wichtiger Vorteil ist ihr hoher Gehalt an nat\u00fcrlichen Pigmenten, speziell:<br \/><strong>Phycocyanin:<\/strong>(blau) Verantwortlich f\u00fcr viele Mechanismen im Immunsystem<em><br \/><\/em><strong>Chlorophyll:<\/strong>(gr\u00fcn) Substanz mit einer \u00e4hnlichen Struktur wie H\u00e4moglobin. Sie wird von unserem K\u00f6rper ben\u00fctzt, um organisches Magnesium zu erfassen, das wichtig ist f\u00fcr den Erhalt der S\u00e4ure-basischen Ausgewogenheit wie auch um das Blut mit Sauerstoff zu versorgen.<em><br \/><\/em><strong>Beta-Karotin:<\/strong>(orange) Vorl\u00e4ufer vom Vitamin A<\/p>\n<p>&#8220; content_phone=&#8220;<\/p>\n<p>Spirulina wird von der Weltgesundheitsorganisation (WHO) seit 2005 als <em>das reichhaltigste und kompletteste Nahrungsmittel der Welt, nach der Muttermilch<\/em>, deklariert.<\/p>\n<p>Diese Mikro-Alge ist sehr reich an pflanzlichen Proteinen, im Schnitt 65%. Sie enth\u00e4lt f\u00fcr unseren Organismus wichtige Aminos\u00e4uren, die man normalerweise nur in Fleisch findet. Sie hat auch einen interessanten Anteil an Gamma-Limnologischen Fetts\u00e4uren oder an Omega-6. Ausserdem gibt sie dem menschlichen K\u00f6rper seine Oligo-Elemente, Zinn, Selenium, Eisen, Kupfer, Chrom, Mangan, seine Mineralien, Kalzium, Magnesium, Phosphor, Potassium, Sodium und die Vitamine: A, B1, B2, B3, B6, B9, B12 und E.<\/p>\n<p>Ein anderer wichtiger Vorteil ist ihr hoher Gehalt an nat\u00fcrlichen Pigmenten, speziell:<br \/><strong>Phycocyanin:<\/strong>(blau) Verantwortlich f\u00fcr viele Mechanismen im Immunsystem<em><br \/><\/em><strong>Chlorophyll:<\/strong>(gr\u00fcn) Substanz mit einer \u00e4hnlichen Struktur wie H\u00e4moglobin. Sie wird von unserem K\u00f6rper ben\u00fctzt, um organisches Magnesium zu erfassen, das wichtig ist f\u00fcr den Erhalt der S\u00e4ure-basischen Ausgewogenheit wie auch um das Blut mit Sauerstoff zu versorgen.<em><br \/><\/em><strong>Beta-Karotin:<\/strong>(orange) Vorl\u00e4ufer vom Vitamin A<\/p>\n<p>&#8220; content_last_edited=&#8220;on|phone&#8220; _builder_version=&#8220;4.6.6&#8243; text_font=&#8220;Visby CF||||||||&#8220;]<\/p>\n<p>Spirulina wird von der Weltgesundheitsorganisation (WHO) seit 2005 als <em>das reichhaltigste und kompletteste Nahrungsmittel der Welt, nach der Muttermilch<\/em>, deklariert.<\/p>\n<p>Diese Mikro-Alge ist sehr reich an pflanzlichen Proteinen, im Schnitt 65%. Sie enth\u00e4lt f\u00fcr unseren Organismus wichtige Aminos\u00e4uren, die man normalerweise nur in Fleisch findet. Sie hat auch einen interessanten Anteil an Gamma-Limnologischen Fetts\u00e4uren oder an Omega-6. Ausserdem gibt sie dem menschlichen K\u00f6rper seine Oligo-Elemente, Zinn, Selenium, Eisen, Kupfer, Chrom, Mangan, seine Mineralien, Kalzium, Magnesium, Phosphor, Potassium, Sodium und die Vitamine: A, B1, B2, B3, B6, B9, B12 und E.<\/p>\n<p>Ein anderer wichtiger Vorteil ist ihr hoher Gehalt an nat\u00fcrlichen Pigmenten, speziell:<br \/> <strong>Phycocyanin:<\/strong>(blau) Verantwortlich f\u00fcr viele Mechanismen im Immunsystem<em><br \/> <\/em><strong>Chlorophyll:<\/strong>(gr\u00fcn) Substanz mit einer \u00e4hnlichen Struktur wie H\u00e4moglobin. Sie wird von unserem K\u00f6rper ben\u00fctzt, um organisches Magnesium zu erfassen, das wichtig ist f\u00fcr den Erhalt der S\u00e4ure-basischen Ausgewogenheit wie auch um das Blut mit Sauerstoff zu versorgen.<em><br \/> <\/em><strong>Beta-Karotin:<\/strong>(orange) Vorl\u00e4ufer vom Vitamin A<\/p>\n<p>[\/et_pb_text][\/et_pb_column][et_pb_column type=&#8220;1_2&#8243; _builder_version=&#8220;4.4.3&#8243;][et_pb_image src=&#8220;https:\/\/spiruline-valais.ch\/wp-content\/uploads\/2020\/10\/4.extrusion_jeremie_carron-11.jpg&#8220; alt=&#8220;spirulina-extrusion&#8220; title_text=&#8220;spirulina-extrusion&#8220; _builder_version=&#8220;4.6.6&#8243; _module_preset=&#8220;default&#8220;][\/et_pb_image][\/et_pb_column][\/et_pb_row][\/et_pb_section][et_pb_section fb_built=&#8220;1&#8243; custom_padding_last_edited=&#8220;on|phone&#8220; admin_label=&#8220;Section&#8220; _builder_version=&#8220;4.6.1&#8243; background_color=&#8220;#8cd7c5&#8243; custom_margin=&#8220;0px||||false|false&#8220; custom_padding=&#8220;62px||0px|||&#8220; custom_padding_tablet=&#8220;&#8220; custom_padding_phone=&#8220;10px||50px||false|false&#8220; saved_tabs=&#8220;all&#8220;][et_pb_row column_structure=&#8220;1_4,1_4,1_4,1_4&#8243; _builder_version=&#8220;4.6.1&#8243; width_tablet=&#8220;&#8220; width_phone=&#8220;90%&#8220; width_last_edited=&#8220;on|phone&#8220; custom_padding=&#8220;0px|||||&#8220;][et_pb_column type=&#8220;1_4&#8243; _builder_version=&#8220;4.6.1&#8243; custom_padding=&#8220;0px||||false|false&#8220;][et_pb_image src=&#8220;https:\/\/spiruline-valais.ch\/wp-content\/uploads\/2020\/08\/logo-blanc.png&#8220; _builder_version=&#8220;4.6.6&#8243; transform_scale_tablet=&#8220;&#8220; transform_scale_phone=&#8220;50%|50%&#8220; transform_scale_last_edited=&#8220;on|phone&#8220; transform_translate_tablet=&#8220;&#8220; transform_translate_phone=&#8220;&#8220; transform_translate_last_edited=&#8220;on|phone&#8220; transform_rotate_tablet=&#8220;&#8220; transform_rotate_phone=&#8220;&#8220; transform_rotate_last_edited=&#8220;on|phone&#8220; transform_skew_tablet=&#8220;&#8220; transform_skew_phone=&#8220;&#8220; transform_skew_last_edited=&#8220;on|phone&#8220; transform_origin_tablet=&#8220;&#8220; transform_origin_phone=&#8220;&#8220; transform_origin_last_edited=&#8220;on|phone&#8220; transform_styles_last_edited=&#8220;on|phone&#8220; custom_margin=&#8220;20px||||false|false&#8220; custom_margin_tablet=&#8220;50px||||false|false&#8220; custom_margin_phone=&#8220;0px||||false|false&#8220; custom_margin_last_edited=&#8220;on|phone&#8220; custom_padding=&#8220;0px|60px||60px|false|false&#8220; transform_styles_tablet=&#8220;&#8220; transform_styles_phone=&#8220;&#8220; border_radii=&#8220;on|1px|1px|1px|1px&#8220;][\/et_pb_image][\/et_pb_column][et_pb_column type=&#8220;1_4&#8243; _builder_version=&#8220;4.4.3&#8243;][et_pb_text content_tablet=&#8220;<\/p>\n<h4 style=%22text-align: center;%22><span style=%22color: #ffffff;%22>Plein&#8217;R s\u00e0rl &#8211; Robin Dorsaz<\/span><br \/> <span style=%22color: #ffffff;%22> Chemin des Marais-Neufs 31<\/span><br \/> <span style=%22color: #ffffff;%22> 1907 Saxon<\/span><\/h4>\n<h4 style=%22text-align: center;%22><span style=%22color: #ffffff;%22><a href=%22mailto:info@spiruline-valais.ch%22 style=%22color: #ffffff;%22>info@spiruline-valais.ch<\/a><\/span><br \/> <span style=%22color: #ffffff;%22> <a href=%22tel:0041797395317%22 style=%22color: #ffffff;%22>+41 79 739 53 17<\/a><\/span><\/h4>\n<p>&#8220; content_phone=&#8220;<\/p>\n<h4 style=%22text-align: center;%22><span style=%22color: #ffffff;%22>Plein&#8217;R s\u00e0rl &#8211; Robin Dorsaz<\/span><br \/><span style=%22color: #ffffff;%22> Chemin des Marais-Neufs 31<\/span><br \/><span style=%22color: #ffffff;%22> 1907 Saxon<\/span><\/h4>\n<p>&#8220; content_last_edited=&#8220;on|phone&#8220; _builder_version=&#8220;4.6.6&#8243; text_text_color=&#8220;#ffffff&#8220; text_font_size=&#8220;15px&#8220; header_font=&#8220;||||||||&#8220; header_text_color=&#8220;#ffffff&#8220; custom_margin=&#8220;40px|-20%|40px|-20%|true|false&#8220; custom_margin_tablet=&#8220;0px||40px||false|false&#8220; custom_margin_phone=&#8220;-50px||-40px||false|false&#8220; custom_margin_last_edited=&#8220;on|phone&#8220; custom_padding=&#8220;||0px|||&#8220; header_2_font_size_tablet=&#8220;&#8220; header_2_font_size_phone=&#8220;28px&#8220; header_2_font_size_last_edited=&#8220;on|desktop&#8220; background_enable_color=&#8220;off&#8220;]<\/p>\n<h4 style=\"text-align: center;\"><span style=\"color: #ffffff;\">Plein&#8217;R s\u00e0rl &#8211; Robin Dorsaz<\/span><br \/><span style=\"color: #ffffff;\"> Chemin des Marais-Neufs 31<\/span><br \/><span style=\"color: #ffffff;\"> 1907 Saxon<\/span><\/h4>\n<p>[\/et_pb_text][\/et_pb_column][et_pb_column type=&#8220;1_4&#8243; _builder_version=&#8220;4.4.3&#8243;][et_pb_text content_tablet=&#8220;&#8220; content_phone=&#8220;<\/p>\n<h4 style=%22text-align: center;%22><span style=%22color: #ffffff;%22><a href=%22mailto:info@spiruline-valais.ch%22 style=%22color: #ffffff;%22>info@spiruline-valais.ch<\/a><\/span><br \/> <span style=%22color: #ffffff;%22> <a href=%22tel:0041797395317%22 style=%22color: #ffffff;%22>+41 79 739 53 17<\/a><\/span><\/h4>\n<p>&#8220; content_last_edited=&#8220;on|phone&#8220; disabled_on=&#8220;off|on|off&#8220; _builder_version=&#8220;4.6.6&#8243; text_text_color=&#8220;#ffffff&#8220; text_font_size=&#8220;15px&#8220; header_font=&#8220;||||||||&#8220; background_enable_color=&#8220;off&#8220; custom_margin=&#8220;40px||40px||true|false&#8220; custom_margin_tablet=&#8220;0px||0px||true|false&#8220; custom_margin_phone=&#8220;10px||33px||false|false&#8220; custom_margin_last_edited=&#8220;on|phone&#8220; custom_padding=&#8220;||0px|||&#8220; header_2_font_size_tablet=&#8220;&#8220; header_2_font_size_phone=&#8220;28px&#8220; header_2_font_size_last_edited=&#8220;on|desktop&#8220;]<\/p>\n<h4 style=\"text-align: center;\"><span style=\"color: #ffffff;\"><a href=\"mailto:info@spiruline-valais.ch\" style=\"color: #ffffff;\">info@spiruline-valais.ch<\/a><\/span><br \/> <span style=\"color: #ffffff;\"> <a href=\"tel:0041797395317\" style=\"color: #ffffff;\">+41 79 739 53 17<\/a><\/span><\/h4>\n<p>[\/et_pb_text][\/et_pb_column][et_pb_column type=&#8220;1_4&#8243; _builder_version=&#8220;4.4.3&#8243;][et_pb_social_media_follow use_icon_font_size=&#8220;on&#8220; _builder_version=&#8220;4.6.6&#8243; _module_preset=&#8220;default&#8220; text_orientation=&#8220;center&#8220; custom_margin=&#8220;40px||40px||true|false&#8220; custom_margin_tablet=&#8220;-80px||0px||false|false&#8220; custom_margin_phone=&#8220;-40px||0px||false|false&#8220; custom_margin_last_edited=&#8220;on|phone&#8220; custom_padding=&#8220;||0px|||&#8220; border_radii=&#8220;on|30px|30px|30px|30px&#8220; border_width_all=&#8220;2px&#8220; border_color_all=&#8220;#ffffff&#8220;][et_pb_social_media_follow_network social_network=&#8220;facebook&#8220; icon_color=&#8220;#ffffff&#8220; use_icon_font_size=&#8220;on&#8220; icon_font_size=&#8220;20px&#8220; _builder_version=&#8220;4.6.1&#8243; _module_preset=&#8220;default&#8220; background_enable_color=&#8220;off&#8220; follow_button=&#8220;off&#8220; url_new_window=&#8220;on&#8220;]facebook[\/et_pb_social_media_follow_network][et_pb_social_media_follow_network social_network=&#8220;instagram&#8220; url=&#8220;https:\/\/www.instagram.com\/spiruline_valais\/&#8220; icon_color=&#8220;#ffffff&#8220; use_icon_font_size=&#8220;on&#8220; icon_font_size=&#8220;20px&#8220; _builder_version=&#8220;4.6.1&#8243; _module_preset=&#8220;default&#8220; background_enable_color=&#8220;off&#8220; follow_button=&#8220;off&#8220; url_new_window=&#8220;on&#8220;]instagram[\/et_pb_social_media_follow_network][\/et_pb_social_media_follow][\/et_pb_column][\/et_pb_row][\/et_pb_section]<\/p>\n","protected":false},"excerpt":{"rendered":"<p>Vorteile \u00ab Kein anderes Lebensmittel vereinigt so viele lebensnotwendige N\u00e4hrstoffe f\u00fcr den Menschen.\u00bb \u00bbBernard Schmitt, Endrokrinologe und Direktor des Centre d\u2019enseignement et de recherches en nutrition humaine, Lorient F.N\u00e4hrwerteSpirulina wird von der Weltgesundheitsorganisation (WHO) seit 2005 als das reichhaltigste und kompletteste Nahrungsmittel der Welt, nach der Muttermilch, deklariert. Diese Mikro-Alge ist sehr reich an pflanzlichen [&hellip;]<\/p>\n","protected":false},"author":1,"featured_media":0,"parent":0,"menu_order":0,"comment_status":"closed","ping_status":"closed","template":"","meta":{"_et_pb_use_builder":"on","_et_pb_old_content":"","_et_gb_content_width":"","footnotes":""},"class_list":["post-31399","page","type-page","status-publish","hentry"],"_links":{"self":[{"href":"https:\/\/spiruline-valais.ch\/de\/wp-json\/wp\/v2\/pages\/31399","targetHints":{"allow":["GET"]}}],"collection":[{"href":"https:\/\/spiruline-valais.ch\/de\/wp-json\/wp\/v2\/pages"}],"about":[{"href":"https:\/\/spiruline-valais.ch\/de\/wp-json\/wp\/v2\/types\/page"}],"author":[{"embeddable":true,"href":"https:\/\/spiruline-valais.ch\/de\/wp-json\/wp\/v2\/users\/1"}],"replies":[{"embeddable":true,"href":"https:\/\/spiruline-valais.ch\/de\/wp-json\/wp\/v2\/comments?post=31399"}],"version-history":[{"count":13,"href":"https:\/\/spiruline-valais.ch\/de\/wp-json\/wp\/v2\/pages\/31399\/revisions"}],"predecessor-version":[{"id":34721,"href":"https:\/\/spiruline-valais.ch\/de\/wp-json\/wp\/v2\/pages\/31399\/revisions\/34721"}],"wp:attachment":[{"href":"https:\/\/spiruline-valais.ch\/de\/wp-json\/wp\/v2\/media?parent=31399"}],"curies":[{"name":"wp","href":"https:\/\/api.w.org\/{rel}","templated":true}]}}